{"id":5372,"date":"2022-04-09T16:22:16","date_gmt":"2022-04-09T16:22:16","guid":{"rendered":"https:\/\/hempyroots.com\/contact\/"},"modified":"2025-07-04T11:29:40","modified_gmt":"2025-07-04T11:29:40","slug":"contact","status":"publish","type":"page","link":"https:\/\/hempyroots.com\/en\/contact\/","title":{"rendered":"Contact"},"content":{"rendered":"\n<figure class=\"wp-block-image size-full img-header\"><img decoding=\"async\" width=\"882\" height=\"150\" src=\"https:\/\/hempyroots.com\/wp-content\/uploads\/2022\/04\/Banner-Site4-3.png\" alt=\"contact hempy roots cbd\" class=\"wp-image-277\" title=\"\" srcset=\"https:\/\/hempyroots.com\/wp-content\/uploads\/2022\/04\/Banner-Site4-3.png 882w, https:\/\/hempyroots.com\/wp-content\/uploads\/2022\/04\/Banner-Site4-3-150x26.png 150w, https:\/\/hempyroots.com\/wp-content\/uploads\/2022\/04\/Banner-Site4-3-300x51.png 300w, https:\/\/hempyroots.com\/wp-content\/uploads\/2022\/04\/Banner-Site4-3-768x131.png 768w, https:\/\/hempyroots.com\/wp-content\/uploads\/2022\/04\/Banner-Site4-3-600x102.png 600w\" sizes=\"(max-width: 882px) 100vw, 882px\" \/><\/figure>\n\n<div style=\"height:30px\" aria-hidden=\"true\" class=\"wp-block-spacer\"><\/div>\n\n<p>You can contact us to find out more about our <a href=\"https:\/\/hempyroots.com\/loja-cbd-online\/\">CBD products<\/a> using this form or by emailing <a href=\"mailto:info@hempyroots.com\" target=\"_blank\" rel=\"noreferrer noopener\">info@hempyroots.com<\/a>.<\/p>\n\n<div class=\"wp-block-contact-form-7-contact-form-selector\">\n<div class=\"wpcf7 no-js\" id=\"wpcf7-f5621-o1\" lang=\"en-US\" dir=\"ltr\" data-wpcf7-id=\"5621\">\n<div class=\"screen-reader-response\"><p role=\"status\" aria-live=\"polite\" aria-atomic=\"true\"><\/p> <ul><\/ul><\/div>\n<form action=\"\/en\/wp-json\/wp\/v2\/pages\/5372#wpcf7-f5621-o1\" method=\"post\" class=\"wpcf7-form init\" aria-label=\"Contact form\" novalidate=\"novalidate\" data-status=\"init\">\n<fieldset class=\"hidden-fields-container\"><input type=\"hidden\" name=\"_wpcf7\" value=\"5621\" \/><input type=\"hidden\" name=\"_wpcf7_version\" value=\"6.1.5\" \/><input type=\"hidden\" name=\"_wpcf7_locale\" value=\"en_US\" \/><input type=\"hidden\" name=\"_wpcf7_unit_tag\" value=\"wpcf7-f5621-o1\" \/><input type=\"hidden\" name=\"_wpcf7_container_post\" value=\"0\" \/><input type=\"hidden\" name=\"_wpcf7_posted_data_hash\" value=\"\" \/><input type=\"hidden\" name=\"_wpcf7_recaptcha_response\" value=\"\" \/>\n<\/fieldset>\n<p><label> Name *<br \/>\n<span class=\"wpcf7-form-control-wrap\" data-name=\"your-name\"><input size=\"40\" maxlength=\"400\" class=\"wpcf7-form-control wpcf7-text wpcf7-validates-as-required\" aria-required=\"true\" aria-invalid=\"false\" value=\"\" type=\"text\" name=\"your-name\" \/><\/span> <\/label>\n<\/p>\n<p><label> Email *<br \/>\n<span class=\"wpcf7-form-control-wrap\" data-name=\"your-email\"><input size=\"40\" maxlength=\"400\" class=\"wpcf7-form-control wpcf7-email wpcf7-validates-as-required wpcf7-text wpcf7-validates-as-email\" aria-required=\"true\" aria-invalid=\"false\" value=\"\" type=\"email\" name=\"your-email\" \/><\/span> <\/label>\n<\/p>\n<p><label> Subject *<br \/>\n<span class=\"wpcf7-form-control-wrap\" data-name=\"your-subject\"><input size=\"40\" maxlength=\"400\" class=\"wpcf7-form-control wpcf7-text wpcf7-validates-as-required\" aria-required=\"true\" aria-invalid=\"false\" value=\"\" type=\"text\" name=\"your-subject\" \/><\/span> <\/label>\n<\/p>\n<p><label> Message *<br \/>\n<span class=\"wpcf7-form-control-wrap\" data-name=\"your-message\"><textarea cols=\"40\" rows=\"10\" maxlength=\"2000\" class=\"wpcf7-form-control wpcf7-textarea wpcf7-validates-as-required\" aria-required=\"true\" aria-invalid=\"false\" name=\"your-message\"><\/textarea><\/span> <\/label>\n<\/p>\n<p><input class=\"wpcf7-form-control wpcf7-submit has-spinner\" type=\"submit\" value=\"Submit\" \/>\n<\/p><p style=\"display: none !important;\" class=\"akismet-fields-container\" data-prefix=\"_wpcf7_ak_\"><label>&#916;<textarea name=\"_wpcf7_ak_hp_textarea\" cols=\"45\" rows=\"8\" maxlength=\"100\"><\/textarea><\/label><input type=\"hidden\" id=\"ak_js_1\" name=\"_wpcf7_ak_js\" value=\"213\"\/><script>document.getElementById( \"ak_js_1\" ).setAttribute( \"value\", ( new Date() ).getTime() );<\/script><\/p><div class=\"wpcf7-response-output\" aria-hidden=\"true\"><\/div>\n<\/form>\n<\/div>\n<\/div>\n\n<div style=\"height:30px\" aria-hidden=\"true\" class=\"wp-block-spacer\"><\/div>\n\n<div class=\"wp-block-columns is-layout-flex wp-container-core-columns-is-layout-28f84493 wp-block-columns-is-layout-flex\">\n<div class=\"wp-block-column is-vertically-aligned-center is-layout-flow wp-block-column-is-layout-flow\">\n<div class=\"wp-block-group is-layout-flow wp-block-group-is-layout-flow\">\n<div class=\"wp-block-group is-layout-flow wp-block-group-is-layout-flow\">\n<div class=\"wp-block-group is-layout-flow wp-block-group-is-layout-flow\">\n<figure class=\"wp-block-image size-full is-resized hempy-address\"><img decoding=\"async\" width=\"300\" height=\"153\" src=\"https:\/\/hempyroots.com\/wp-content\/uploads\/2022\/04\/cropped-Hempy-Roots-Logo1-e1652035482680.png\" alt=\"\" class=\"wp-image-48\" style=\"width:161px;height:82px\" title=\"\" srcset=\"https:\/\/hempyroots.com\/wp-content\/uploads\/2022\/04\/cropped-Hempy-Roots-Logo1-e1652035482680.png 300w, https:\/\/hempyroots.com\/wp-content\/uploads\/2022\/04\/cropped-Hempy-Roots-Logo1-e1652035482680-150x77.png 150w\" sizes=\"(max-width: 300px) 100vw, 300px\" \/><\/figure>\n<\/div>\n<\/div>\n\n\n\n<div class=\"rank-math-contact-info show-name show-organization_description show-email show-address show-hours show-phone show-additional_info show-map\"><div class=\"rank-math-contact-section rank-math-contact-name\">\t\t<h4 class=\"rank-math-name\">\n\t\t\t<a href=\"https:\/\/hempyroots.com\">CBD Portugal<\/a>\n\t\t<\/h4>\n\t\t<\/div><div class=\"rank-math-contact-section rank-math-contact-organization_description\">\t\t<div class=\"rank-math-organization-description\">\n\t\t\t<label>Description:<\/label>\n\t\t\t<p>A melhor loja de produtos de CBD em Portugal. Venha descobrir a nossa selec\u00e7\u00e3o de produtos de cannabis, desde \u00f3leos a flores de CBD. Envios em 24 horas. <\/p>\n\t\t<\/div>\n\t\t<\/div><div class=\"rank-math-contact-section rank-math-contact-email\">\t\t<div class=\"rank-math-email\">\n\t\t\t<label>Email:<\/label>\n\t\t\t<a href=\"mailto:info@hempyroots.com\">info@hempyroots.com<\/a>\n\t\t<\/div>\n\t\t<\/div><div class=\"rank-math-contact-section rank-math-contact-address\">\t\t<label>Address:<\/label>\n\t\t<address><span class=\"contact-address-streetAddress\">R. de Belomonte 14<\/span> <span class=\"contact-address-addressLocality\">Porto<\/span>, <span class=\"contact-address-addressRegion\">Porto<\/span> <span class=\"contact-address-postalCode\">4050-096<\/span><\/address>\n\t\t<\/div><div class=\"rank-math-contact-section rank-math-contact-hours\">\t\t<label>Hours:<\/label>\n\t\t<div class=\"rank-math-contact-hours-details\">\n\t\t\t<div class=\"rank-math-opening-hours\"><span class=\"rank-math-opening-days\">Monday, Tuesday, Wednesday, Thursday, Friday, Saturday, Sunday<\/span><span class=\"rank-math-opening-time\">10:30 &ndash; 20:00<\/span><\/div>\t\t<\/div>\n\t\t<\/div><div class=\"rank-math-contact-section rank-math-contact-phone\">\t\t\t<div class=\"rank-math-phone-number type-customersupport\">\n\t\t\t\t<label>Customer Service:<\/label>\n\t\t\t\t<span><a href=\"tel:+351 910 786 776\">+351 910 786 776<\/a><\/span>\n\t\t\t<\/div>\n\t\t\t<\/div><div class=\"rank-math-contact-section rank-math-contact-additional_info\"><\/div><div class=\"rank-math-contact-section rank-math-contact-map\"><\/div><\/div><div class=\"clear\"><\/div>\n<\/div>\n<\/div>\n\n\n\n<div class=\"wp-block-column is-layout-flow wp-block-column-is-layout-flow\">\n<iframe src=\"https:\/\/www.google.com\/maps\/embed?pb=!1m18!1m12!1m3!1d3004.620277463408!2d-8.618208787351733!3d41.142814671212356!2m3!1f0!2f0!3f0!3m2!1i1024!2i768!4f13.1!3m3!1m2!1s0xd24651f68a789d3%3A0xacde6e10e5b6250e!2sHempyRoots%20-%20CBD%20Porto!5e0!3m2!1spt-PT!2spt!4v1698430549568!5m2!1spt-PT!2spt\" style=\"border:0; width: 100%; height: 480px;\" allowfullscreen=\"\" loading=\"lazy\" referrerpolicy=\"no-referrer-when-downgrade\"><\/iframe>\n<\/div>\n<\/div>\n\n<p><\/p>\n","protected":false},"excerpt":{"rendered":"<p>You can contact us to find out more about our CBD products using this form or by emailing info@hempyroots.com.<\/p>\n","protected":false},"author":1,"featured_media":0,"parent":0,"menu_order":0,"comment_status":"closed","ping_status":"closed","template":"","meta":{"_acf_changed":false,"inline_featured_image":false,"footnotes":""},"class_list":["post-5372","page","type-page","status-publish","hentry"],"acf":[],"_links":{"self":[{"href":"https:\/\/hempyroots.com\/en\/wp-json\/wp\/v2\/pages\/5372","targetHints":{"allow":["GET"]}}],"collection":[{"href":"https:\/\/hempyroots.com\/en\/wp-json\/wp\/v2\/pages"}],"about":[{"href":"https:\/\/hempyroots.com\/en\/wp-json\/wp\/v2\/types\/page"}],"author":[{"embeddable":true,"href":"https:\/\/hempyroots.com\/en\/wp-json\/wp\/v2\/users\/1"}],"replies":[{"embeddable":true,"href":"https:\/\/hempyroots.com\/en\/wp-json\/wp\/v2\/comments?post=5372"}],"version-history":[{"count":0,"href":"https:\/\/hempyroots.com\/en\/wp-json\/wp\/v2\/pages\/5372\/revisions"}],"wp:attachment":[{"href":"https:\/\/hempyroots.com\/en\/wp-json\/wp\/v2\/media?parent=5372"}],"curies":[{"name":"wp","href":"https:\/\/api.w.org\/{rel}","templated":true}]}}