{"id":6742,"date":"2024-10-05T16:20:06","date_gmt":"2024-10-05T16:20:06","guid":{"rendered":"https:\/\/hempyroots.com\/?page_id=6742"},"modified":"2025-10-13T18:28:42","modified_gmt":"2025-10-13T18:28:42","slug":"wholesale-cbd","status":"publish","type":"page","link":"https:\/\/hempyroots.com\/en\/wholesale-cbd\/","title":{"rendered":"Wholesale CBD supplier in Europe"},"content":{"rendered":"\n<figure class=\"wp-block-image alignfull size-full\"><img decoding=\"async\" width=\"2560\" height=\"1330\" src=\"https:\/\/hempyroots.com\/wp-content\/uploads\/2025\/10\/wholesale_en-copy-scaled.png\" alt=\"\" class=\"wp-image-12143\" title=\"\" srcset=\"https:\/\/hempyroots.com\/wp-content\/uploads\/2025\/10\/wholesale_en-copy-scaled.png 2560w, https:\/\/hempyroots.com\/wp-content\/uploads\/2025\/10\/wholesale_en-copy-300x156.png 300w, https:\/\/hempyroots.com\/wp-content\/uploads\/2025\/10\/wholesale_en-copy-1024x532.png 1024w, https:\/\/hempyroots.com\/wp-content\/uploads\/2025\/10\/wholesale_en-copy-768x399.png 768w, https:\/\/hempyroots.com\/wp-content\/uploads\/2025\/10\/wholesale_en-copy-1536x798.png 1536w, https:\/\/hempyroots.com\/wp-content\/uploads\/2025\/10\/wholesale_en-copy-2048x1064.png 2048w, https:\/\/hempyroots.com\/wp-content\/uploads\/2025\/10\/wholesale_en-copy-595xh.png 595w, https:\/\/hempyroots.com\/wp-content\/uploads\/2025\/10\/wholesale_en-copy-1200x623.png 1200w, https:\/\/hempyroots.com\/wp-content\/uploads\/2025\/10\/wholesale_en-copy-150x78.png 150w\" sizes=\"(max-width: 2560px) 100vw, 2560px\" \/><\/figure>\n\n\n\n<h1 class=\"wp-block-heading has-text-align-center has-page-title-font-size\">Wholesale CBD supplier in Europe<\/h1>\n\n\n\n<h2 class=\"wp-block-heading alignwide has-text-align-center atacado-h2\">Buy Flowers, Hashish, Oil and the most varied<br>CBD products in one place.<\/h2>\n\n\n\n<p>Want to buy CBD in bulk for your business? We are who you are looking for, your CBD supplier for your store. Whether for an online store or a physical store, we have the right products to help your business grow. Ask us for the catalog and get access to high-quality CBD products at brutally competitive prices. <\/p>\n\n\n\n<p>Over time, our experience and knowledge have enabled us to make a careful selection of producers, suppliers and products that we are ready to share with our customers and thus help them grow their business. In addition to the products, we also have customized and completely tailor-made solutions for product packaging. We want to be the CBD supplier for your business. <\/p>\n\n\n\n<p>We have selected the best suppliers of CBD products in Europe to sell CBD in bulk (<a href=\"https:\/\/dicionario.priberam.org\/atacado\" target=\"_blank\" rel=\"noopener\">wholesale CBD<\/a>). We help you through the whole process and have ideal packaging and whitelabel solutions.  Your brand, your labels and our products. <\/p>\n\n\n\n<p><a href=\"#contact-us\">Talk to us today<\/a> and find out how we can help! <\/p>\n\n\n\n<div style=\"height:5em\" aria-hidden=\"true\" class=\"wp-block-spacer\"><\/div>\n\n\n\n<h2 class=\"wp-block-heading has-text-align-center\">HempyRoots, your CBD supplier<\/h2>\n\n\n\n<div class=\"wp-block-columns alignwide is-layout-flex wp-container-core-columns-is-layout-28f84493 wp-block-columns-is-layout-flex\">\n<div class=\"wp-block-column is-layout-flow wp-block-column-is-layout-flow\">\n<div class=\"wp-block-cover atacado-item\" style=\"min-height:1275px;aspect-ratio:unset;\"><span aria-hidden=\"true\" class=\"wp-block-cover__background has-background-dim-100 has-background-dim has-background-gradient\" style=\"background:linear-gradient(180deg,rgb(11,73,9) 0%,rgba(255,255,255,0) 100%)\"><\/span><div class=\"wp-block-cover__inner-container is-layout-constrained wp-block-cover-is-layout-constrained\">\n<h2 class=\"wp-block-heading has-text-align-center has-color-1-color has-text-color has-link-color has-extra-extra-large-font-size wp-elements-6ae2bc3e09e305efc533c554c6982787\">FLOWERS &amp; HASHISH CBD<\/h2>\n\n\n\n<figure class=\"wp-block-image size-full\"><img decoding=\"async\" width=\"827\" height=\"611\" src=\"https:\/\/hempyroots.com\/wp-content\/uploads\/2024\/10\/FLOWERS_HEMPY.png\" alt=\"\" class=\"wp-image-6747\" title=\"\" srcset=\"https:\/\/hempyroots.com\/wp-content\/uploads\/2024\/10\/FLOWERS_HEMPY.png 827w, https:\/\/hempyroots.com\/wp-content\/uploads\/2024\/10\/FLOWERS_HEMPY-300x222.png 300w, https:\/\/hempyroots.com\/wp-content\/uploads\/2024\/10\/FLOWERS_HEMPY-768x567.png 768w, https:\/\/hempyroots.com\/wp-content\/uploads\/2024\/10\/FLOWERS_HEMPY-150x111.png 150w\" sizes=\"(max-width: 827px) 100vw, 827px\" \/><\/figure>\n\n\n\n<p class=\"has-text-align-left has-white-color has-text-color has-link-color has-normal-font-size wp-elements-546e4a28d17d38da91bfa0a855e5e657\" style=\"padding-right:var(--wp--preset--spacing--70);padding-left:var(--wp--preset--spacing--70)\">Our <a href=\"https:\/\/hempyroots.com\/en\/categoria-produto\/cbd-flowers\/\" data-type=\"link\" data-id=\"https:\/\/hempyroots.com\/categoria-produto\/flores-de-cbd\/\">CBD flowers<\/a> feature a range of exclusive products that form a bouquet of surprising aromas, available in large quantities or in customized packages. As your CBD supplier we have different flowers and pollens available, of the best quality at ultra-competitive prices. <\/p>\n\n\n\n<h3 class=\"wp-block-heading has-text-align-center has-text-color has-link-color has-large-font-size wp-elements-87be6ddd79c31307bb02d30a17a2b3a2\" style=\"color:#0b4909\">PERSONALIZE THE PACKAGING<\/h3>\n\n\n\n<figure class=\"wp-block-image size-full\"><img decoding=\"async\" width=\"1000\" height=\"750\" src=\"https:\/\/hempyroots.com\/wp-content\/uploads\/2024\/10\/Mockup_stand_EN-1.png\" alt=\"CBD Wholesale Supplier in Europe\" class=\"wp-image-6753\" title=\"\" srcset=\"https:\/\/hempyroots.com\/wp-content\/uploads\/2024\/10\/Mockup_stand_EN-1.png 1000w, https:\/\/hempyroots.com\/wp-content\/uploads\/2024\/10\/Mockup_stand_EN-1-300x225.png 300w, https:\/\/hempyroots.com\/wp-content\/uploads\/2024\/10\/Mockup_stand_EN-1-768x576.png 768w, https:\/\/hempyroots.com\/wp-content\/uploads\/2024\/10\/Mockup_stand_EN-1-150x113.png 150w\" sizes=\"(max-width: 1000px) 100vw, 1000px\" \/><\/figure>\n<\/div><\/div>\n\n\n\n<div style=\"height:3em\" aria-hidden=\"true\" class=\"wp-block-spacer\"><\/div>\n<\/div>\n\n\n\n<div class=\"wp-block-column is-layout-flow wp-block-column-is-layout-flow\">\n<div class=\"wp-block-cover atacado-item\" style=\"margin-top:0;margin-bottom:0;min-height:1275px;aspect-ratio:unset;\"><span aria-hidden=\"true\" class=\"wp-block-cover__background has-background-dim-100 has-background-dim has-background-gradient\" style=\"background:linear-gradient(180deg,rgb(11,73,9) 0%,rgba(255,255,255,0) 100%)\"><\/span><div class=\"wp-block-cover__inner-container is-layout-constrained wp-block-cover-is-layout-constrained\">\n<h2 class=\"wp-block-heading has-text-align-center has-color-1-color has-text-color has-link-color has-extra-extra-large-font-size wp-elements-bf5bc4bfe7c06dc1913c6a39f9b40b72\">CBD OIL<\/h2>\n\n\n\n<figure class=\"wp-block-image size-full\"><img decoding=\"async\" width=\"827\" height=\"611\" src=\"https:\/\/hempyroots.com\/wp-content\/uploads\/2024\/10\/OIL_HEMPY.png\" alt=\"\" class=\"wp-image-6773\" title=\"\" srcset=\"https:\/\/hempyroots.com\/wp-content\/uploads\/2024\/10\/OIL_HEMPY.png 827w, https:\/\/hempyroots.com\/wp-content\/uploads\/2024\/10\/OIL_HEMPY-300x222.png 300w, https:\/\/hempyroots.com\/wp-content\/uploads\/2024\/10\/OIL_HEMPY-768x567.png 768w, https:\/\/hempyroots.com\/wp-content\/uploads\/2024\/10\/OIL_HEMPY-150x111.png 150w\" sizes=\"(max-width: 827px) 100vw, 827px\" \/><\/figure>\n\n\n\n<p class=\"has-text-align-left has-white-color has-text-color has-link-color has-normal-font-size wp-elements-5d4763a7959b34ab786a09dd48a4bcab\" style=\"padding-right:var(--wp--preset--spacing--70);padding-left:var(--wp--preset--spacing--70)\">Our <a href=\"https:\/\/hempyroots.com\/en\/categoria-produto\/cbd-oils\/\">CBD oils<\/a> range in concentration from 5% to 20%, which means 500mg to 2000mg per 10mL of product. Our CBD oil is mixed with TCM oil or hemp oil.  <br>Assim como com as flores e os p\u00f3lens, pode tamb\u00e9m ter as embalagens dos \u00f3leos personalizadas com a sua marca. Entre em contacto connosco para falarmos sobre as melhores condi\u00e7\u00f5es para si e para o seu neg\u00f3cio fa\u00e7a da Hempy Roots o seu fornecedor de CBD.<\/p>\n\n\n\n<h3 class=\"wp-block-heading has-text-align-center has-text-color has-link-color has-large-font-size wp-elements-87be6ddd79c31307bb02d30a17a2b3a2\" style=\"color:#0b4909\">PERSONALIZE THE PACKAGING<\/h3>\n\n\n\n<figure class=\"wp-block-image size-full is-resized\"><img decoding=\"async\" width=\"1000\" height=\"833\" src=\"https:\/\/hempyroots.com\/wp-content\/uploads\/2024\/10\/Dropper_EN-1.png\" alt=\"\" class=\"wp-image-6791\" style=\"width:494px;height:auto\" title=\"\" srcset=\"https:\/\/hempyroots.com\/wp-content\/uploads\/2024\/10\/Dropper_EN-1.png 1000w, https:\/\/hempyroots.com\/wp-content\/uploads\/2024\/10\/Dropper_EN-1-300x250.png 300w, https:\/\/hempyroots.com\/wp-content\/uploads\/2024\/10\/Dropper_EN-1-768x640.png 768w, https:\/\/hempyroots.com\/wp-content\/uploads\/2024\/10\/Dropper_EN-1-150x125.png 150w\" sizes=\"(max-width: 1000px) 100vw, 1000px\" \/><\/figure>\n<\/div><\/div>\n\n\n\n<div style=\"height:3em\" aria-hidden=\"true\" class=\"wp-block-spacer\"><\/div>\n<\/div>\n<\/div>\n\n\n\n<div class=\"wp-block-columns alignwide is-layout-flex wp-container-core-columns-is-layout-28f84493 wp-block-columns-is-layout-flex\">\n<div class=\"wp-block-column is-layout-flow wp-block-column-is-layout-flow\">\n<div class=\"wp-block-columns is-layout-flex wp-container-core-columns-is-layout-28f84493 wp-block-columns-is-layout-flex\">\n<div class=\"wp-block-column is-layout-flow wp-block-column-is-layout-flow\">\n<div class=\"wp-block-cover atacado-item\" style=\"min-height:1275px;aspect-ratio:unset;\"><span aria-hidden=\"true\" class=\"wp-block-cover__background has-background-dim-100 has-background-dim has-background-gradient\" style=\"background:linear-gradient(180deg,rgb(11,73,9) 0%,rgba(255,255,255,0) 100%)\"><\/span><div class=\"wp-block-cover__inner-container is-layout-constrained wp-block-cover-is-layout-constrained\">\n<h2 class=\"wp-block-heading has-text-align-center has-color-1-color has-text-color has-link-color has-extra-extra-large-font-size wp-elements-d085875f0eb37a484e6ab6fef9c71d42\">CBD PREMIUM FLOWERS<br><br><\/h2>\n\n\n\n<figure class=\"wp-block-image size-full\"><img decoding=\"async\" width=\"827\" height=\"611\" src=\"https:\/\/hempyroots.com\/wp-content\/uploads\/2024\/10\/PREMIUM_HEMPY.png\" alt=\"\" class=\"wp-image-6779\" title=\"\" srcset=\"https:\/\/hempyroots.com\/wp-content\/uploads\/2024\/10\/PREMIUM_HEMPY.png 827w, https:\/\/hempyroots.com\/wp-content\/uploads\/2024\/10\/PREMIUM_HEMPY-300x222.png 300w, https:\/\/hempyroots.com\/wp-content\/uploads\/2024\/10\/PREMIUM_HEMPY-768x567.png 768w, https:\/\/hempyroots.com\/wp-content\/uploads\/2024\/10\/PREMIUM_HEMPY-150x111.png 150w\" sizes=\"(max-width: 827px) 100vw, 827px\" \/><\/figure>\n\n\n\n<p class=\"has-text-align-left has-normal-font-size\" style=\"padding-right:var(--wp--preset--spacing--70);padding-left:var(--wp--preset--spacing--70)\">Discover the best premium CBD flowers, carefully selected for their purity and potency. Our options will make your customers 100% happy. We offer a complete solution that includes packaging customized to your brand.<\/p>\n\n\n\n<p><\/p>\n\n\n\n<h3 class=\"wp-block-heading has-text-align-center has-text-color has-link-color has-large-font-size wp-elements-20ca79a9aef48d647267f41d8bef5edb\" style=\"color:#0b4909;margin-top:0;margin-right:0;margin-bottom:0;margin-left:0\">PERSONALIZE THE PACKAGING<br><\/h3>\n\n\n\n<figure class=\"wp-block-image size-full is-resized\"><img decoding=\"async\" width=\"1000\" height=\"750\" src=\"https:\/\/hempyroots.com\/wp-content\/uploads\/2024\/10\/Jar_Mockup_EN-1.png\" alt=\"\" class=\"wp-image-6788\" style=\"width:494px;height:auto\" title=\"\" srcset=\"https:\/\/hempyroots.com\/wp-content\/uploads\/2024\/10\/Jar_Mockup_EN-1.png 1000w, https:\/\/hempyroots.com\/wp-content\/uploads\/2024\/10\/Jar_Mockup_EN-1-300x225.png 300w, https:\/\/hempyroots.com\/wp-content\/uploads\/2024\/10\/Jar_Mockup_EN-1-768x576.png 768w, https:\/\/hempyroots.com\/wp-content\/uploads\/2024\/10\/Jar_Mockup_EN-1-150x113.png 150w\" sizes=\"(max-width: 1000px) 100vw, 1000px\" \/><\/figure>\n<\/div><\/div>\n<\/div>\n\n\n\n<div class=\"wp-block-column is-layout-flow wp-block-column-is-layout-flow\">\n<div class=\"wp-block-cover atacado-item\" style=\"min-height:1275px;aspect-ratio:unset;\"><span aria-hidden=\"true\" class=\"wp-block-cover__background has-background-dim-100 has-background-dim has-background-gradient\" style=\"background:linear-gradient(180deg,rgb(11,73,9) 0%,rgba(255,255,255,0) 100%)\"><\/span><div class=\"wp-block-cover__inner-container is-layout-constrained wp-block-cover-is-layout-constrained\">\n<h2 class=\"wp-block-heading has-text-align-center has-color-1-color has-text-color has-link-color has-extra-extra-large-font-size wp-elements-214c614394993a86b0dd49cc4f3c75fd\">VAPES, PENS &amp;<br>REFILLS CBD<\/h2>\n\n\n\n<figure class=\"wp-block-image size-full\"><img decoding=\"async\" width=\"827\" height=\"611\" src=\"https:\/\/hempyroots.com\/wp-content\/uploads\/2024\/10\/VAPES_HEMPY.png\" alt=\"\" class=\"wp-image-6785\" title=\"\" srcset=\"https:\/\/hempyroots.com\/wp-content\/uploads\/2024\/10\/VAPES_HEMPY.png 827w, https:\/\/hempyroots.com\/wp-content\/uploads\/2024\/10\/VAPES_HEMPY-300x222.png 300w, https:\/\/hempyroots.com\/wp-content\/uploads\/2024\/10\/VAPES_HEMPY-768x567.png 768w, https:\/\/hempyroots.com\/wp-content\/uploads\/2024\/10\/VAPES_HEMPY-150x111.png 150w\" sizes=\"(max-width: 827px) 100vw, 827px\" \/><\/figure>\n\n\n\n<p class=\"has-text-align-left has-normal-font-size\" style=\"padding-right:var(--wp--preset--spacing--70);padding-left:var(--wp--preset--spacing--70)\">CBD vaporizers, CBD pens and CBD refills. We have the complete solution to include these products in your online or physical store. Ask us for the catalog and find out in detail what products we currently have available.    <\/p>\n\n\n\n<h3 class=\"wp-block-heading has-text-align-center has-text-color has-link-color has-large-font-size wp-elements-87be6ddd79c31307bb02d30a17a2b3a2\" style=\"color:#0b4909\">PERSONALIZE THE PACKAGING<\/h3>\n\n\n\n<figure class=\"wp-block-image size-full is-resized\"><img decoding=\"async\" width=\"1707\" height=\"1849\" src=\"https:\/\/hempyroots.com\/wp-content\/uploads\/2024\/10\/Mockup_VAPE_EN.png\" alt=\"\" class=\"wp-image-6794\" style=\"width:494px;height:auto\" title=\"\" srcset=\"https:\/\/hempyroots.com\/wp-content\/uploads\/2024\/10\/Mockup_VAPE_EN.png 1707w, https:\/\/hempyroots.com\/wp-content\/uploads\/2024\/10\/Mockup_VAPE_EN-277x300.png 277w, https:\/\/hempyroots.com\/wp-content\/uploads\/2024\/10\/Mockup_VAPE_EN-945x1024.png 945w, https:\/\/hempyroots.com\/wp-content\/uploads\/2024\/10\/Mockup_VAPE_EN-768x832.png 768w, https:\/\/hempyroots.com\/wp-content\/uploads\/2024\/10\/Mockup_VAPE_EN-1418x1536.png 1418w, https:\/\/hempyroots.com\/wp-content\/uploads\/2024\/10\/Mockup_VAPE_EN-1200x1300.png 1200w, https:\/\/hempyroots.com\/wp-content\/uploads\/2024\/10\/Mockup_VAPE_EN-150x162.png 150w\" sizes=\"(max-width: 1707px) 100vw, 1707px\" \/><\/figure>\n<\/div><\/div>\n<\/div>\n<\/div>\n\n\n\n<div class=\"wp-block-buttons is-content-justification-center is-layout-flex wp-container-core-buttons-is-layout-a89b3969 wp-block-buttons-is-layout-flex\">\n<div class=\"wp-block-button has-custom-width wp-block-button__width-50 btn-atacado\"><a class=\"wp-block-button__link has-color-1-color has-text-color has-background has-link-color has-large-font-size has-custom-font-size wp-element-button\" href=\"#contact-us\" style=\"background-color:#0b4909;padding-top:var(--wp--preset--spacing--30);padding-bottom:var(--wp--preset--spacing--30)\">VIEW CATALOG<\/a><\/div>\n<\/div>\n\n\n\n<div style=\"height:3em\" aria-hidden=\"true\" class=\"wp-block-spacer\"><\/div>\n\n\n\n<h3 class=\"wp-block-heading\">DISTRIBUTOR COLLECTION<\/h3>\n\n\n\n<p>Our HempyRoots collection offers exclusive, high-quality CBD products &#8211; our catalog is constantly expanding, but at the moment we have 6 CBD herbs, 2 CBD hashes, MoonRocks and IceRocks. In addition to these herbs and pollens, we also have our fantastic CBD oils in concentrations of 5%, 10% and 20%. Don&#8217;t wait any longer, contact us and together we&#8217;ll make your business grow. We&#8217;ve already helped (and continue to help) many CBD entrepreneurs in Portugal, and we want you to be the next.    <\/p>\n<\/div>\n<\/div>\n\n\n\n<div class=\"wp-block-cover alignwide\" style=\"margin-top:3rem;margin-bottom:3rem;min-height:160px;aspect-ratio:unset;\"><img decoding=\"async\" width=\"2560\" height=\"449\" class=\"wp-block-cover__image-background wp-image-2144\" alt=\"\" src=\"https:\/\/hempyroots.com\/wp-content\/uploads\/2023\/04\/banner_download-scaled.jpg\" data-object-fit=\"cover\" title=\"\" srcset=\"https:\/\/hempyroots.com\/wp-content\/uploads\/2023\/04\/banner_download-scaled.jpg 2560w, https:\/\/hempyroots.com\/wp-content\/uploads\/2023\/04\/banner_download-scaled-150x26.jpg 150w, https:\/\/hempyroots.com\/wp-content\/uploads\/2023\/04\/banner_download-scaled-1200x210.jpg 1200w, https:\/\/hempyroots.com\/wp-content\/uploads\/2023\/04\/banner_download-300x53.jpg 300w, https:\/\/hempyroots.com\/wp-content\/uploads\/2023\/04\/banner_download-1024x180.jpg 1024w, https:\/\/hempyroots.com\/wp-content\/uploads\/2023\/04\/banner_download-768x135.jpg 768w, https:\/\/hempyroots.com\/wp-content\/uploads\/2023\/04\/banner_download-1536x269.jpg 1536w, https:\/\/hempyroots.com\/wp-content\/uploads\/2023\/04\/banner_download-2048x359.jpg 2048w\" sizes=\"(max-width: 2560px) 100vw, 2560px\" \/><span aria-hidden=\"true\" class=\"wp-block-cover__background has-background-dim-0 has-background-dim\"><\/span><div class=\"wp-block-cover__inner-container is-layout-flow wp-block-cover-is-layout-flow\">\n<h2 class=\"wp-block-heading has-text-align-center has-color-1-color has-text-color\"><a href=\"#contact-us\">Contact us to receive the catalog<\/a><\/h2>\n<\/div><\/div>\n\n\n\n<div class=\"wp-block-columns alignwide is-layout-flex wp-container-core-columns-is-layout-28f84493 wp-block-columns-is-layout-flex\">\n<div class=\"wp-block-column is-layout-flow wp-block-column-is-layout-flow\">\n<figure class=\"wp-block-image aligncenter size-full is-resized\"><img decoding=\"async\" src=\"https:\/\/hempyroots.com\/wp-content\/uploads\/2024\/04\/EXPRESS_ICON.svg\" alt=\"\" class=\"wp-image-5933\" style=\"width:100px\" title=\"\"><\/figure>\n\n\n\n<h3 class=\"wp-block-heading has-text-align-center\"><strong><em>EXPRESS<\/em><\/strong><\/h3>\n\n\n\n<p>We ship instantly!<br>Your orders arrive in Portugal or Spain within 48 hours.<\/p>\n<\/div>\n\n\n\n<div class=\"wp-block-column is-layout-flow wp-block-column-is-layout-flow\">\n<figure class=\"wp-block-image aligncenter size-large is-resized\"><img decoding=\"async\" src=\"https:\/\/hempyroots.com\/wp-content\/uploads\/2024\/04\/SAFE_ICON.svg\" alt=\"\" class=\"wp-image-5936\" style=\"width:100px\" title=\"\"><\/figure>\n\n\n\n<h3 class=\"wp-block-heading has-text-align-center\"><strong><em>INSURANCE<\/em><\/strong><\/h3>\n\n\n\n<p>We ship with CTT Expresso or GLS. Your order is always tracked.<\/p>\n<\/div>\n\n\n\n<div class=\"wp-block-column is-layout-flow wp-block-column-is-layout-flow\">\n<figure class=\"wp-block-image aligncenter size-large is-resized\"><img decoding=\"async\" src=\"https:\/\/hempyroots.com\/wp-content\/uploads\/2024\/04\/TESTADO_ICON.svg\" alt=\"\" class=\"wp-image-5940\" style=\"width:100px\" title=\"\"><\/figure>\n\n\n\n<h3 class=\"wp-block-heading has-text-align-center\"><em>TESTED<\/em><\/h3>\n\n\n\n<p>We only sell CBD products with THC &lt;0.2%, complying with all legal requirements and regulations.<\/p>\n<\/div>\n<\/div>\n\n\n\n<div style=\"height:100px\" aria-hidden=\"true\" class=\"wp-block-spacer\"><\/div>\n\n\n\n<p id=\"contact-us\"><strong>If you would like to receive our catalog and find out more about our conditions for selling CBD wholesale in Europe, fill out the form below and give us a brief presentation of yourself, your company and your business model so that we can adjust our proposal.<\/strong><\/p>\n\n\n\n<div class=\"wp-block-contact-form-7-contact-form-selector\">\n<div class=\"wpcf7 no-js\" id=\"wpcf7-f5658-o1\" lang=\"en-US\" dir=\"ltr\" data-wpcf7-id=\"5658\">\n<div class=\"screen-reader-response\"><p role=\"status\" aria-live=\"polite\" aria-atomic=\"true\"><\/p> <ul><\/ul><\/div>\n<form action=\"\/en\/wp-json\/wp\/v2\/pages\/6742#wpcf7-f5658-o1\" method=\"post\" class=\"wpcf7-form init\" aria-label=\"Contact form\" novalidate=\"novalidate\" data-status=\"init\">\n<fieldset class=\"hidden-fields-container\"><input type=\"hidden\" name=\"_wpcf7\" value=\"5658\" \/><input type=\"hidden\" name=\"_wpcf7_version\" value=\"6.1.5\" \/><input type=\"hidden\" name=\"_wpcf7_locale\" value=\"en_US\" \/><input type=\"hidden\" name=\"_wpcf7_unit_tag\" value=\"wpcf7-f5658-o1\" \/><input type=\"hidden\" name=\"_wpcf7_container_post\" value=\"0\" \/><input type=\"hidden\" name=\"_wpcf7_posted_data_hash\" value=\"\" \/><input type=\"hidden\" name=\"_wpcf7_recaptcha_response\" value=\"\" \/>\n<\/fieldset>\n<p><label> Name *<br \/>\n<span class=\"wpcf7-form-control-wrap\" data-name=\"your-name\"><input size=\"40\" maxlength=\"400\" class=\"wpcf7-form-control wpcf7-text wpcf7-validates-as-required\" aria-required=\"true\" aria-invalid=\"false\" value=\"\" type=\"text\" name=\"your-name\" \/><\/span> <\/label>\n<\/p>\n<p><label> Company\/Business Name *<br \/>\n<span class=\"wpcf7-form-control-wrap\" data-name=\"company\"><input size=\"40\" maxlength=\"400\" class=\"wpcf7-form-control wpcf7-text wpcf7-validates-as-required\" aria-required=\"true\" aria-invalid=\"false\" value=\"\" type=\"text\" name=\"company\" \/><\/span> <\/label>\n<\/p>\n<p><label> Email *<br \/>\n<span class=\"wpcf7-form-control-wrap\" data-name=\"your-email\"><input size=\"40\" maxlength=\"400\" class=\"wpcf7-form-control wpcf7-email wpcf7-validates-as-required wpcf7-text wpcf7-validates-as-email\" aria-required=\"true\" aria-invalid=\"false\" value=\"\" type=\"email\" name=\"your-email\" \/><\/span> <\/label>\n<\/p>\n<p><label> Phone *<br \/>\n<span class=\"wpcf7-form-control-wrap\" data-name=\"your-phone\"><input size=\"40\" maxlength=\"400\" class=\"wpcf7-form-control wpcf7-tel wpcf7-validates-as-required wpcf7-text wpcf7-validates-as-tel\" aria-required=\"true\" aria-invalid=\"false\" value=\"\" type=\"tel\" name=\"your-phone\" \/><\/span> <\/label>\n<\/p>\n<p><label> Company\/business presentation *<br \/>\n<span class=\"wpcf7-form-control-wrap\" data-name=\"your-message\"><textarea cols=\"40\" rows=\"10\" maxlength=\"2000\" class=\"wpcf7-form-control wpcf7-textarea wpcf7-validates-as-required\" aria-required=\"true\" aria-invalid=\"false\" name=\"your-message\"><\/textarea><\/span> <\/label>\n<\/p>\n<p><input class=\"wpcf7-form-control wpcf7-submit has-spinner\" type=\"submit\" value=\"Submit\" \/>\n<\/p><p style=\"display: none !important;\" class=\"akismet-fields-container\" data-prefix=\"_wpcf7_ak_\"><label>&#916;<textarea name=\"_wpcf7_ak_hp_textarea\" cols=\"45\" rows=\"8\" maxlength=\"100\"><\/textarea><\/label><input type=\"hidden\" id=\"ak_js_1\" name=\"_wpcf7_ak_js\" value=\"225\"\/><script>document.getElementById( \"ak_js_1\" ).setAttribute( \"value\", ( new Date() ).getTime() );<\/script><\/p><div class=\"wpcf7-response-output\" aria-hidden=\"true\"><\/div>\n<\/form>\n<\/div>\n<\/div>\n","protected":false},"excerpt":{"rendered":"<p>Wholesale CBD supplier in Europe Buy Flowers, Hashish, Oil and the most variedCBD products in one place. Want to buy CBD in bulk for your business? We are who you are looking for, your CBD supplier for your store. Whether for an online store or a physical store, we have the right products to help &#8230;<\/p>\n","protected":false},"author":1,"featured_media":12143,"parent":0,"menu_order":0,"comment_status":"closed","ping_status":"closed","template":"","meta":{"_acf_changed":false,"inline_featured_image":false,"footnotes":""},"class_list":["post-6742","page","type-page","status-publish","has-post-thumbnail","hentry"],"acf":[],"_links":{"self":[{"href":"https:\/\/hempyroots.com\/en\/wp-json\/wp\/v2\/pages\/6742","targetHints":{"allow":["GET"]}}],"collection":[{"href":"https:\/\/hempyroots.com\/en\/wp-json\/wp\/v2\/pages"}],"about":[{"href":"https:\/\/hempyroots.com\/en\/wp-json\/wp\/v2\/types\/page"}],"author":[{"embeddable":true,"href":"https:\/\/hempyroots.com\/en\/wp-json\/wp\/v2\/users\/1"}],"replies":[{"embeddable":true,"href":"https:\/\/hempyroots.com\/en\/wp-json\/wp\/v2\/comments?post=6742"}],"version-history":[{"count":0,"href":"https:\/\/hempyroots.com\/en\/wp-json\/wp\/v2\/pages\/6742\/revisions"}],"wp:featuredmedia":[{"embeddable":true,"href":"https:\/\/hempyroots.com\/en\/wp-json\/wp\/v2\/media\/12143"}],"wp:attachment":[{"href":"https:\/\/hempyroots.com\/en\/wp-json\/wp\/v2\/media?parent=6742"}],"curies":[{"name":"wp","href":"https:\/\/api.w.org\/{rel}","templated":true}]}}