{"id":1084,"date":"2022-08-09T11:17:26","date_gmt":"2022-08-09T11:17:26","guid":{"rendered":"https:\/\/hempyroots.com\/?post_type=product&#038;p=1084"},"modified":"2025-04-30T09:03:35","modified_gmt":"2025-04-30T09:03:35","slug":"oleo-10-cbd-hempyroots","status":"publish","type":"product","link":"https:\/\/hempyroots.com\/en\/produto\/oleo-10-cbd-hempyroots\/","title":{"rendered":"\u00d3leo 10% CBD &#8211; HempyRoots"},"content":{"rendered":"","protected":false},"excerpt":{"rendered":"<p>\u00d3leo Cannabidiol CBD 10% de Espectro Completo.<\/p>\n<p><strong>Concentra\u00e7\u00e3o CBD:<\/strong> 10% (1000mg)<\/p>\n<p><strong>Marca:<\/strong> HempyRoots<\/p>\n<p>Produto extra\u00eddo a partir de Cannabis Sativa L e sem nenhum conservante ou agente qu\u00edmico. Este produto n\u00e3o utiliza nenhum ingrediente qu\u00edmico ou sint\u00e9tico para sua fabrica\u00e7\u00e3o.<\/p>\n","protected":false},"featured_media":1087,"comment_status":"open","ping_status":"closed","template":"","meta":{"_acf_changed":false,"inline_featured_image":false},"product_brand":[],"product_cat":[25],"product_tag":[],"class_list":{"0":"post-1084","1":"product","2":"type-product","3":"status-publish","4":"has-post-thumbnail","6":"product_cat-oleos-de-cbd","8":"first","9":"instock","10":"taxable","11":"shipping-taxable","12":"purchasable","13":"product-type-simple"},"acf":[],"_links":{"self":[{"href":"https:\/\/hempyroots.com\/en\/wp-json\/wp\/v2\/product\/1084","targetHints":{"allow":["GET"]}}],"collection":[{"href":"https:\/\/hempyroots.com\/en\/wp-json\/wp\/v2\/product"}],"about":[{"href":"https:\/\/hempyroots.com\/en\/wp-json\/wp\/v2\/types\/product"}],"replies":[{"embeddable":true,"href":"https:\/\/hempyroots.com\/en\/wp-json\/wp\/v2\/comments?post=1084"}],"wp:featuredmedia":[{"embeddable":true,"href":"https:\/\/hempyroots.com\/en\/wp-json\/wp\/v2\/media\/1087"}],"wp:attachment":[{"href":"https:\/\/hempyroots.com\/en\/wp-json\/wp\/v2\/media?parent=1084"}],"wp:term":[{"taxonomy":"product_brand","embeddable":true,"href":"https:\/\/hempyroots.com\/en\/wp-json\/wp\/v2\/product_brand?post=1084"},{"taxonomy":"product_cat","embeddable":true,"href":"https:\/\/hempyroots.com\/en\/wp-json\/wp\/v2\/product_cat?post=1084"},{"taxonomy":"product_tag","embeddable":true,"href":"https:\/\/hempyroots.com\/en\/wp-json\/wp\/v2\/product_tag?post=1084"}],"curies":[{"name":"wp","href":"https:\/\/api.w.org\/{rel}","templated":true}]}}