{"id":1091,"date":"2022-08-09T11:29:33","date_gmt":"2022-08-09T11:29:33","guid":{"rendered":"https:\/\/hempyroots.com\/?post_type=product&#038;p=1091"},"modified":"2026-02-06T15:51:06","modified_gmt":"2026-02-06T15:51:06","slug":"oleo-20-cbd-hempyroots","status":"publish","type":"product","link":"https:\/\/hempyroots.com\/en\/produto\/oleo-20-cbd-hempyroots\/","title":{"rendered":"\u00d3leo 20% CBD &#8211; HempyRoots"},"content":{"rendered":"","protected":false},"excerpt":{"rendered":"<p>\u00d3leo Cannabidiol de Espectro Completo.<\/p>\n<p><strong>Concentra\u00e7\u00e3o CBD:<\/strong> 20% (2000mg)<\/p>\n<p><strong>Marca:<\/strong> HempyRoots<\/p>\n<p>Produto extra\u00eddo a partir de Cannabis Sativa L e sem nenhum conservante ou agente qu\u00edmico. Este produto n\u00e3o utiliza nenhum ingrediente qu\u00edmico ou sint\u00e9tico para sua fabrica\u00e7\u00e3o.<\/p>\n","protected":false},"featured_media":1094,"comment_status":"open","ping_status":"closed","template":"","meta":{"_acf_changed":false,"inline_featured_image":false},"product_brand":[],"product_cat":[25],"product_tag":[],"class_list":{"0":"post-1091","1":"product","2":"type-product","3":"status-publish","4":"has-post-thumbnail","6":"product_cat-oleos-de-cbd","8":"first","9":"instock","10":"taxable","11":"shipping-taxable","12":"purchasable","13":"product-type-simple"},"acf":[],"_links":{"self":[{"href":"https:\/\/hempyroots.com\/en\/wp-json\/wp\/v2\/product\/1091","targetHints":{"allow":["GET"]}}],"collection":[{"href":"https:\/\/hempyroots.com\/en\/wp-json\/wp\/v2\/product"}],"about":[{"href":"https:\/\/hempyroots.com\/en\/wp-json\/wp\/v2\/types\/product"}],"replies":[{"embeddable":true,"href":"https:\/\/hempyroots.com\/en\/wp-json\/wp\/v2\/comments?post=1091"}],"wp:featuredmedia":[{"embeddable":true,"href":"https:\/\/hempyroots.com\/en\/wp-json\/wp\/v2\/media\/1094"}],"wp:attachment":[{"href":"https:\/\/hempyroots.com\/en\/wp-json\/wp\/v2\/media?parent=1091"}],"wp:term":[{"taxonomy":"product_brand","embeddable":true,"href":"https:\/\/hempyroots.com\/en\/wp-json\/wp\/v2\/product_brand?post=1091"},{"taxonomy":"product_cat","embeddable":true,"href":"https:\/\/hempyroots.com\/en\/wp-json\/wp\/v2\/product_cat?post=1091"},{"taxonomy":"product_tag","embeddable":true,"href":"https:\/\/hempyroots.com\/en\/wp-json\/wp\/v2\/product_tag?post=1091"}],"curies":[{"name":"wp","href":"https:\/\/api.w.org\/{rel}","templated":true}]}}