{"id":11853,"date":"2025-09-18T13:39:22","date_gmt":"2025-09-18T13:39:22","guid":{"rendered":"https:\/\/hempyroots.com\/?post_type=product&#038;p=11853"},"modified":"2025-09-22T13:29:44","modified_gmt":"2025-09-22T13:29:44","slug":"cachimbo-yoda","status":"publish","type":"product","link":"https:\/\/hempyroots.com\/en\/produto\/cachimbo-yoda\/","title":{"rendered":"Cachimbo YODA"},"content":{"rendered":"<p>Cachimbo YODA<\/p>\n","protected":false},"excerpt":{"rendered":"<p>Cachimbo YODA &#8211; V\u00e1rias cores &#8211; Pre\u00e7o Unit\u00e1rio<\/p>\n","protected":false},"featured_media":11906,"comment_status":"open","ping_status":"closed","template":"","meta":{"_acf_changed":false,"inline_featured_image":false},"product_brand":[],"product_cat":[30,19,52],"product_tag":[],"class_list":{"0":"post-11853","1":"product","2":"type-product","3":"status-publish","4":"has-post-thumbnail","6":"product_cat-bongos-e-cachimbos","7":"product_cat-accessorios","8":"product_cat-sem-categoria","10":"first","11":"instock","12":"taxable","13":"shipping-taxable","14":"purchasable","15":"product-type-simple"},"acf":[],"_links":{"self":[{"href":"https:\/\/hempyroots.com\/en\/wp-json\/wp\/v2\/product\/11853","targetHints":{"allow":["GET"]}}],"collection":[{"href":"https:\/\/hempyroots.com\/en\/wp-json\/wp\/v2\/product"}],"about":[{"href":"https:\/\/hempyroots.com\/en\/wp-json\/wp\/v2\/types\/product"}],"replies":[{"embeddable":true,"href":"https:\/\/hempyroots.com\/en\/wp-json\/wp\/v2\/comments?post=11853"}],"wp:featuredmedia":[{"embeddable":true,"href":"https:\/\/hempyroots.com\/en\/wp-json\/wp\/v2\/media\/11906"}],"wp:attachment":[{"href":"https:\/\/hempyroots.com\/en\/wp-json\/wp\/v2\/media?parent=11853"}],"wp:term":[{"taxonomy":"product_brand","embeddable":true,"href":"https:\/\/hempyroots.com\/en\/wp-json\/wp\/v2\/product_brand?post=11853"},{"taxonomy":"product_cat","embeddable":true,"href":"https:\/\/hempyroots.com\/en\/wp-json\/wp\/v2\/product_cat?post=11853"},{"taxonomy":"product_tag","embeddable":true,"href":"https:\/\/hempyroots.com\/en\/wp-json\/wp\/v2\/product_tag?post=11853"}],"curies":[{"name":"wp","href":"https:\/\/api.w.org\/{rel}","templated":true}]}}