{"id":4966,"date":"2022-04-09T16:22:01","date_gmt":"2022-04-09T16:22:01","guid":{"rendered":"https:\/\/hempyroots.com\/tienda-cbd-en-oporto\/"},"modified":"2025-07-04T11:29:36","modified_gmt":"2025-07-04T11:29:36","slug":"tienda-cbd-en-oporto","status":"publish","type":"page","link":"https:\/\/hempyroots.com\/es\/tienda-cbd-en-oporto\/","title":{"rendered":"Tienda CBD en Oporto"},"content":{"rendered":"\n<p>Procedente de Portugal, <strong>HempyRoots<\/strong> es una marca que ofrece a los consumidores una <a href=\"https:\/\/hempyroots.com\/loja\/\" target=\"_blank\" rel=\"noreferrer noopener\">variedad de productos<\/a> de CBD de alta calidad.<\/p>\n\n<p>Trabajamos muy estrechamente con los mejores productores de CBD, que siempre buscan extraer lo mejor del C\u00e1\u00f1amo para resolver los problemas de la sociedad actual. Problemas como la ansiedad, el estr\u00e9s, el insomnio, la depresi\u00f3n, la inflamaci\u00f3n, las enfermedades reum\u00e1ticas, la epilepsia, el autismo, los efectos del c\u00e1ncer y muchas otras enfermedades en las que el <strong>CBD<\/strong> ha demostrado ser una gran alternativa.<\/p>\n\n<p>Amantes de la naturaleza y fascinados por todo lo que a\u00fan nos queda por descubrir sobre los beneficios del c\u00e1\u00f1amo para la sociedad, nos comprometemos con todas nuestras fuerzas y pasi\u00f3n a hacer llegar los mejores productos a todos vosotros.<\/p>\n\n<p>Hemos creado un sistema eficaz de expansi\u00f3n para <strong>HempyRoots<\/strong>, de modo que podamos tener varios socios en todo el mundo que representen nuestras alternativas a la sociedad.<\/p>\n\n<h2 class=\"wp-block-heading\">Nuestra tienda CBD en Oporto<\/h2>\n\n<p>Abrimos nuestra tienda en el centro hist\u00f3rico de Oporto porque nos dimos cuenta de que hac\u00eda falta una tienda con productos frescos a precios competitivos y con la innovaci\u00f3n siempre a la vanguardia. HempyRoots quiere ser una referencia en la escena del CBD de Oporto y nacional.<\/p>\n\n<div class=\"wp-block-columns is-layout-flex wp-container-core-columns-is-layout-28f84493 wp-block-columns-is-layout-flex\">\n<div class=\"wp-block-column is-layout-flow wp-block-column-is-layout-flow\" style=\"flex-basis:66.66%\">\n<figure class=\"wp-block-image size-large\"><img decoding=\"async\" width=\"1024\" height=\"1024\" src=\"https:\/\/hempyroots.com\/wp-content\/uploads\/2023\/01\/image_67200257_square-1024x1024.jpeg\" alt=\"Tienda de CBD en Oporto - HempyRoots\" class=\"wp-image-1979\" title=\"\" srcset=\"https:\/\/hempyroots.com\/wp-content\/uploads\/2023\/01\/image_67200257_square-1024x1024.jpeg 1024w, https:\/\/hempyroots.com\/wp-content\/uploads\/2023\/01\/image_67200257_square-scaled-600x600.jpeg 600w, https:\/\/hempyroots.com\/wp-content\/uploads\/2023\/01\/image_67200257_square-150x150.jpeg 150w, https:\/\/hempyroots.com\/wp-content\/uploads\/2023\/01\/image_67200257_square-scaled-1200x1200.jpeg 1200w, https:\/\/hempyroots.com\/wp-content\/uploads\/2023\/01\/image_67200257_square-300x300.jpeg 300w, https:\/\/hempyroots.com\/wp-content\/uploads\/2023\/01\/image_67200257_square-768x768.jpeg 768w, https:\/\/hempyroots.com\/wp-content\/uploads\/2023\/01\/image_67200257_square-1536x1536.jpeg 1536w, https:\/\/hempyroots.com\/wp-content\/uploads\/2023\/01\/image_67200257_square-2048x2048.jpeg 2048w\" sizes=\"(max-width: 1024px) 100vw, 1024px\" \/><\/figure>\n<\/div>\n\n\n\n<div class=\"wp-block-column is-layout-flow wp-block-column-is-layout-flow\" style=\"flex-basis:33.33%\">\n<p>Nos esforzamos por ofrecer un excelente servicio al cliente y explicar nuestros productos con el mayor detalle posible para desmitificar el mundo del CBD.<\/p>\n\n\n\n<p><strong>Somos la mejor tienda de CBD de Oporto. <\/strong><\/p>\n\n\n\n<p>Encontrar\u00e1 nuestra <strong>tienda de CBD en Oporto<\/strong>, en la Rua de Belmonte 14, 4050-096 Oporto.<\/p>\n\n\n\n<p>Esperamos que tengas la mejor experiencia posible en <strong>HempyRoots CBD Porto<\/strong>.<\/p>\n<\/div>\n<\/div>\n\n<p style=\"padding-top:50px\">Con mucho amor,<br\/><strong><a href=\"https:\/\/www.google.com\/maps\/place\/HempyRoots+-+CBD+Porto\/@41.1428187,-8.6182034,17z\/data=!3m1!4b1!4m6!3m5!1s0xd24651f68a789d3:0xacde6e10e5b6250e!8m2!3d41.1428147!4d-8.6156285!16s%2Fg%2F11t42kh8bq?entry=ttu\" target=\"_blank\" rel=\"noopener\">HempyRoots CBD Oporto<\/a><\/strong><\/p>\n\n<div style=\"height:3vw\" aria-hidden=\"true\" class=\"wp-block-spacer\"><\/div>\n\n<div class=\"wp-block-columns is-layout-flex wp-container-core-columns-is-layout-28f84493 wp-block-columns-is-layout-flex\">\n<div class=\"wp-block-column is-vertically-aligned-center is-layout-flow wp-block-column-is-layout-flow\">\n<div class=\"wp-block-group is-layout-flow wp-block-group-is-layout-flow\">\n<div class=\"wp-block-group is-layout-flow wp-block-group-is-layout-flow\">\n<div class=\"wp-block-group is-layout-flow wp-block-group-is-layout-flow\">\n<figure class=\"wp-block-image size-full is-resized hempy-address\"><img decoding=\"async\" width=\"300\" height=\"153\" src=\"https:\/\/hempyroots.com\/wp-content\/uploads\/2022\/04\/cropped-Hempy-Roots-Logo1-e1652035482680.png\" alt=\"\" class=\"wp-image-48\" style=\"width:161px;height:82px\" title=\"\" srcset=\"https:\/\/hempyroots.com\/wp-content\/uploads\/2022\/04\/cropped-Hempy-Roots-Logo1-e1652035482680.png 300w, https:\/\/hempyroots.com\/wp-content\/uploads\/2022\/04\/cropped-Hempy-Roots-Logo1-e1652035482680-150x77.png 150w\" sizes=\"(max-width: 300px) 100vw, 300px\" \/><\/figure>\n<\/div>\n<\/div>\n\n\n\n<p>HempyRoots &#8211; Tienda <strong>CBD Oporto<\/strong><br\/>Rua de Belmonte 14<br\/>4050-096 Oporto<br\/>Portugal<\/p>\n\n\n\n<p>Ir a <strong><a href=\"https:\/\/www.google.com\/maps\/place\/HempyRoots+-+CBD+Porto\/@41.1428187,-8.6182034,17z\/data=!3m1!4b1!4m6!3m5!1s0xd24651f68a789d3:0xacde6e10e5b6250e!8m2!3d41.1428147!4d-8.6156285!16s%2Fg%2F11t42kh8bq?entry=ttu\" target=\"_blank\" rel=\"noopener\">HempyRoots CBD Oporto<\/a><\/strong><\/p>\n\n\n\n<p><\/p>\n<\/div>\n<\/div>\n\n\n\n<div class=\"wp-block-column is-layout-flow wp-block-column-is-layout-flow\"><p><iframe src=\"https:\/\/www.google.com\/maps\/embed?pb=!1m18!1m12!1m3!1d3004.6200923712686!2d-8.61820342343721!3d41.14281871112886!2m3!1f0!2f0!3f0!3m2!1i1024!2i768!4f13.1!3m3!1m2!1s0xd24651f68a789d3%3A0xacde6e10e5b6250e!2sHempyRoots%20-%20CBD%20Porto!5e0!3m2!1spt-PT!2spt!4v1698428069782!5m2!1spt-PT!2spt\" style=\"border:0; width: 100%; height: 480px;\" allowfullscreen=\"\" loading=\"lazy\" referrerpolicy=\"no-referrer-when-downgrade\"><\/iframe><\/p>\n<\/div>\n<\/div>\n","protected":false},"excerpt":{"rendered":"<p>Procedente de Portugal, HempyRoots es una marca que ofrece a los consumidores una variedad de productos de CBD de alta calidad. Trabajamos muy estrechamente con los mejores productores de CBD, que siempre buscan extraer lo mejor del C\u00e1\u00f1amo para resolver los problemas de la sociedad actual. Problemas como la ansiedad, el estr\u00e9s, el insomnio, la &#8230;<\/p>\n","protected":false},"author":1,"featured_media":0,"parent":0,"menu_order":0,"comment_status":"closed","ping_status":"closed","template":"","meta":{"_acf_changed":false,"inline_featured_image":false,"footnotes":""},"class_list":["post-4966","page","type-page","status-publish","hentry"],"acf":[],"_links":{"self":[{"href":"https:\/\/hempyroots.com\/es\/wp-json\/wp\/v2\/pages\/4966","targetHints":{"allow":["GET"]}}],"collection":[{"href":"https:\/\/hempyroots.com\/es\/wp-json\/wp\/v2\/pages"}],"about":[{"href":"https:\/\/hempyroots.com\/es\/wp-json\/wp\/v2\/types\/page"}],"author":[{"embeddable":true,"href":"https:\/\/hempyroots.com\/es\/wp-json\/wp\/v2\/users\/1"}],"replies":[{"embeddable":true,"href":"https:\/\/hempyroots.com\/es\/wp-json\/wp\/v2\/comments?post=4966"}],"version-history":[{"count":0,"href":"https:\/\/hempyroots.com\/es\/wp-json\/wp\/v2\/pages\/4966\/revisions"}],"wp:attachment":[{"href":"https:\/\/hempyroots.com\/es\/wp-json\/wp\/v2\/media?parent=4966"}],"curies":[{"name":"wp","href":"https:\/\/api.w.org\/{rel}","templated":true}]}}