{"id":5759,"date":"2022-04-02T18:17:09","date_gmt":"2022-04-02T18:17:09","guid":{"rendered":"https:\/\/hempyroots.com\/politica-de-privacidad\/"},"modified":"2024-04-17T15:11:55","modified_gmt":"2024-04-17T15:11:55","slug":"politica-de-privacidad","status":"publish","type":"page","link":"https:\/\/hempyroots.com\/es\/politica-de-privacidad\/","title":{"rendered":"Pol\u00edtica de privacidad"},"content":{"rendered":"\n<h1 class=\"wp-block-heading\"><strong>Pol\u00edtica de privacidad<\/strong><\/h1>\n\n<p>Gracias por elegir HempyRoots. Nos comprometemos a proteger tus datos personales y tu derecho a la intimidad. Si tienes alguna pregunta o duda sobre nuestra pol\u00edtica o nuestras pr\u00e1cticas en relaci\u00f3n con tu informaci\u00f3n personal, ponte en contacto con nosotros en <a href=\"mailto:info@hempyroots.com\">info@hempyroots.com.<\/a><\/p>\n\n<p>Cuando visitas el sitio web<a href=\"http:\/\/www.hempyroots.com\/\">\u00abhttp:\/\/www.hempyroots.com<\/a>, y utilizas nuestros servicios, nos conf\u00edas tus datos personales. Nos tomamos este asunto en serio. En este breve texto, describimos nuestra pol\u00edtica de privacidad de datos. Intentamos explicar c\u00f3mo se recoge la informaci\u00f3n y qu\u00e9 informaci\u00f3n se recoge. Lee atentamente esta pol\u00edtica, ya que es muy importante.<\/p>\n\n<p>Esta pol\u00edtica de privacidad se aplica a toda la informaci\u00f3n recogida en nuestro sitio web (http:\/\/www.hempyroots.com).<\/p>\n\n<ul class=\"wp-block-list\"><li><strong>\u00bfQu\u00e9 tipo de informaci\u00f3n nos das?<\/strong><\/li><\/ul>\n\n<p><em>Recogemos la informaci\u00f3n personal que nos proporcionas, como nombre, direcci\u00f3n, datos de contacto, contrase\u00f1as e informaci\u00f3n de seguridad, y tambi\u00e9n podemos almacenar informaci\u00f3n de pago, dependiendo del m\u00e9todo de pago que elijas.<\/em><\/p>\n\n<p>Recogemos informaci\u00f3n personal que nos proporcionas voluntariamente cuando te registras en nuestro sitio, expresas alg\u00fan tipo de inter\u00e9s en saber m\u00e1s sobre nosotros o nuestros productos\/servicios, compras en nuestro sitio o te pones en contacto con nosotros.<\/p>\n\n<p>La informaci\u00f3n personal que almacenamos depende del contexto de tus interacciones con nosotros y con el sitio web, de las elecciones que hagas o de los productos o servicios que utilices. La informaci\u00f3n personal que recopilamos puede incluir lo siguiente:<\/p>\n\n<ul class=\"wp-block-list\"><li><strong>Nombre y datos de contacto &#8211; Almacenamos<\/strong>tu nombre y apellidos, direcci\u00f3n de correo electr\u00f3nico, c\u00f3digo postal, direcci\u00f3n, n\u00famero de tel\u00e9fono, n\u00famero de identificaci\u00f3n fiscal u otra informaci\u00f3n similar a los datos de contacto.<\/li><li><strong>Credenciales &#8211;<\/strong>Almacenamos contrase\u00f1as, claves de acceso o cualquier informaci\u00f3n que utilices para autenticarte y acceder a nuestro sitio web.<\/li><li><strong>Datos de pago &#8211;<\/strong>No recogemos ninguna informaci\u00f3n de pago del cliente, s\u00f3lo la forma de pago de los productos o servicios adquiridos elegida por ti. Todos los pagos procesados ser\u00e1n realizados por terceros como ,Mbway por Ifthenpay ,Mastercard \/ Maestro y Visa por Viva wallet y a nuestra cuenta.<\/li><li><strong>Informaci\u00f3n recogida autom\u00e1ticamente<\/strong><\/li><\/ul>\n\n<p><em>Algunos datos -como la direcci\u00f3n IP o las caracter\u00edsticas del navegador y del dispositivo- se recogen autom\u00e1ticamente cuando visitas nuestro sitio.<\/em><\/p>\n\n<p>Recogemos autom\u00e1ticamente cierta informaci\u00f3n cuando visitas, utilizas o navegas por nuestro sitio web. Esta informaci\u00f3n no revela tu identidad espec\u00edfica (como tu nombre o tus datos de contacto), pero puede incluir informaci\u00f3n del dispositivo que utilizas, como la direcci\u00f3n IP, las caracter\u00edsticas del dispositivo y del navegador, el sistema operativo, el idioma preferido, el pa\u00eds y el nombre del dispositivo. Esta informaci\u00f3n es necesaria para mantener la seguridad y el funcionamiento de nuestro sitio web, y para nuestros an\u00e1lisis internos.<\/p>\n\n<p>Como casi todos los sitios web existentes, recopilamos esta informaci\u00f3n utilizando cookies. Puedes obtener m\u00e1s informaci\u00f3n sobre nuestra Pol\u00edtica de Cookies.<\/p>\n\n<ul class=\"wp-block-list\"><li><strong>\u00bfC\u00f3mo utilizamos tu informaci\u00f3n?<\/strong><\/li><\/ul>\n\n<p>Tratamos tus datos para satisfacer intereses comerciales, cumplir nuestro contrato contigo, cumplir nuestras obligaciones legales y para obtener tu consentimiento.<\/p>\n\n<p>Utilizamos informaci\u00f3n personal a trav\u00e9s de nuestros Sitios para diversos fines que se enumeran a continuaci\u00f3n:<\/p>\n\n<p>La informaci\u00f3n recogida se utiliza para<\/p>\n\n<ul class=\"wp-block-list\"><li>Podemos utilizar tus datos personales para <strong>enviarte<\/strong>productos, servicios o nueva informaci\u00f3n importante sobre tus pedidos o cambios en nuestras pol\u00edticas, t\u00e9rminos y condiciones.<\/li><li>Podemos utilizar tu informaci\u00f3n para <strong>cumplir y gestionar<\/strong>tus compras, pagos, devoluciones y cambios realizados a trav\u00e9s de nuestro sitio web.<\/li><li><strong>Para proteger nuestros servicios. <\/strong>Podemos utilizar tu informaci\u00f3n para proteger nuestro sitio web y evitar el fraude.<\/li><li><strong>Para reforzar nuestros t\u00e9rminos, pol\u00edticas y condiciones.<\/strong><\/li><li><strong>Para responder a solicitudes legales y prevenir problemas legales. <\/strong>Si recibimos cualquier tipo de solicitud legal del Estado portugu\u00e9s, o de cualquier otro tipo de entidad con poder legal, es posible que tengamos que inspeccionar la informaci\u00f3n que recopilamos para determinar c\u00f3mo responder a la ley.<\/li><li><strong>Para otros fines relacionados con la empresa. <\/strong>Podemos utilizar la informaci\u00f3n para otros fines relacionados con el negocio, como analizar datos, identificar tendencias de uso, determinar la eficacia de nuestras campa\u00f1as publicitarias y evaluar y hacer evolucionar nuestros Sitios, servicios, productos y marketing.<\/li><li><strong>\u00bfSe compartir\u00e1 mi informaci\u00f3n con alguien?<\/strong><\/li><\/ul>\n\n<p><em>S\u00f3lo compartiremos informaci\u00f3n con tu consentimiento, para cumplir la ley, para proteger tus derechos o por alguna obligaci\u00f3n relacionada con el negocio.<\/em><\/p>\n\n<p>Podemos procesar o compartir informaci\u00f3n bas\u00e1ndonos en los siguientes fundamentos jur\u00eddicos:<\/p>\n\n<ul class=\"wp-block-list\"><li><strong>Consentimiento<\/strong>: Podemos procesar tu informaci\u00f3n si nos das alg\u00fan tipo de consentimiento espec\u00edfico para utilizar tu informaci\u00f3n personal con un fin concreto.<\/li><li><strong>Intereses<\/strong> leg\u00edtimos: Podemos utilizar tu informaci\u00f3n cuando sea razonablemente necesario para satisfacer nuestros intereses leg\u00edtimos.<\/li><li><strong>Obligaciones legales<\/strong>: Podemos revelar tus datos si estamos legalmente obligados a hacerlo para cumplir la ley, solicitudes gubernamentales, procesos judiciales, \u00f3rdenes judiciales o procesos legales.<\/li><li><strong>Intereses vitales<\/strong>: Podemos revelar tu informaci\u00f3n si existe la sospecha de que es necesario investigar, prevenir o tomar medidas en relaci\u00f3n con una posible violaci\u00f3n de nuestras pol\u00edticas, sospecha de fraude, situaciones que impliquen amenazas potenciales para la salud de cualquier persona o actividades ilegales.<\/li><li><strong>\u00bfCon qui\u00e9n se compartir\u00e1 la informaci\u00f3n?<\/strong><\/li><\/ul>\n\n<p><em>S\u00f3lo compartimos informaci\u00f3n con los siguientes terceros.<\/em><\/p>\n\n<p>S\u00f3lo compartimos informaci\u00f3n con los siguientes terceros. Hemos clasificado a todos los terceros con los que compartiremos tu informaci\u00f3n para que sea m\u00e1s f\u00e1cil de entender:<\/p>\n\n<ul class=\"wp-block-list\"><li><strong>Pagos y facturaci\u00f3n<\/strong><\/li><\/ul>\n\n<p>Ifthenpay (Referencias MBWay y Multibanco), Viva wallet (Tarjeta de cr\u00e9dito y\/o d\u00e9bito), (Software de facturaci\u00f3n certificado n\u00ba 2230).<\/p>\n\n<ul class=\"wp-block-list\"><li><strong>Anal\u00edtica web y m\u00f3vil<\/strong><\/li><\/ul>\n\n<p>Google Analytics.<\/p>\n\n<ul class=\"wp-block-list\"><li><strong>Alojamiento web.<\/strong><\/li><\/ul>\n\n<ul class=\"wp-block-list\"><li><strong>Pruebas del sitio web<\/strong><\/li><\/ul>\n\n<p>Consola Google Play.<\/p>\n\n<ul class=\"wp-block-list\"><li><strong>\u00bfCu\u00e1nto tiempo conservamos tus datos?<\/strong><\/li><\/ul>\n\n<p><em>Conservamos tu informaci\u00f3n durante el tiempo que sea necesario para cumplir nuestros fines establecidos en esta pol\u00edtica de privacidad, a menos que la ley nos obligue a hacerlo.<\/em><\/p>\n\n<p>Conservamos tu informaci\u00f3n durante el tiempo necesario para cumplir nuestros fines establecidos en esta pol\u00edtica de privacidad, a menos que se solicite o permita por ley un periodo de conservaci\u00f3n m\u00e1s largo (como requisitos fiscales, contables u otros requisitos legales). Para ning\u00fan prop\u00f3sito de esta pol\u00edtica estamos obligados a almacenar tu informaci\u00f3n personal m\u00e1s all\u00e1 del tiempo que tu cuenta est\u00e9 activa con nosotros.<\/p>\n\n<ul class=\"wp-block-list\"><li><strong>\u00bfC\u00f3mo mantienes segura la informaci\u00f3n?<\/strong><\/li><\/ul>\n\n<p><em>Protegemos tu informaci\u00f3n personal mediante un sistema organizativo y medidas t\u00e9cnicas de seguridad.<\/em><\/p>\n\n<p>Hemos implementado medidas de seguridad organizativas y t\u00e9cnicas adecuadas, elegidas y dise\u00f1adas para proteger toda la informaci\u00f3n procesada por nosotros. Sin embargo, no podemos garantizar que Internet sea segura al 100%. Aunque hacemos todo lo posible para proteger tu informaci\u00f3n personal, las transmisiones de informaci\u00f3n hacia y desde nuestros Sitios corren por tu cuenta y riesgo. S\u00f3lo debes utilizar los servicios en un entorno seguro.<\/p>\n\n<ul class=\"wp-block-list\"><li><strong>\u00bfCu\u00e1les son tus derechos de privacidad?<\/strong><\/li><\/ul>\n\n<p><em>En resumen: En el Espacio Econ\u00f3mico Europeo, tienes derechos que te permiten un acceso y control detallados sobre tu informaci\u00f3n personal. Puedes revisar, modificar o cancelar tu cuenta en cualquier momento.<\/em><\/p>\n\n<p>En el Espacio Econ\u00f3mico Europeo, tienes ciertos derechos en virtud de las leyes de protecci\u00f3n de datos. Entre ellos se incluye el derecho a solicitar acceso u obtener una copia de tu informaci\u00f3n personal, solicitar o borrar, restringir el tratamiento de tu informaci\u00f3n personal.<\/p>\n\n<p>Todas estas acciones se pueden realizar en el men\u00fa disponible en el sitio web <a href=\"http:\/\/www.hempyroots.com\/\">http:\/\/www.hempyroots.com<\/a> en el men\u00fa del sitio web o por correo electr\u00f3nico info@hempyroots.com.<\/p>\n\n<p>Si solicitas la cancelaci\u00f3n de tu cuenta, la desactivaremos o eliminaremos, as\u00ed como toda la informaci\u00f3n almacenada en nuestras bases de datos activas.<\/p>\n\n<ul class=\"wp-block-list\"><li><strong>Precisi\u00f3n de los datos<\/strong><\/li><\/ul>\n\n<p>Toda la informaci\u00f3n personal es responsabilidad del usuario. Se compromete a no introducir informaci\u00f3n falsa y a modificarla si es necesario.<\/p>\n\n<ul class=\"wp-block-list\"><li><strong>\u00bfC\u00f3mo puedes ponerte en contacto con nosotros sobre esta pol\u00edtica?<\/strong><\/li><\/ul>\n\n<p> Si tienes alguna pregunta o comentario adicional sobre esta pol\u00edtica, puedes enviarnos un correo electr\u00f3nico a info@hempyroots.com.<\/p>\n","protected":false},"excerpt":{"rendered":"<p>Pol\u00edtica de privacidad Gracias por elegir HempyRoots. Nos comprometemos a proteger tus datos personales y tu derecho a la intimidad. Si tienes alguna pregunta o duda sobre nuestra pol\u00edtica o nuestras pr\u00e1cticas en relaci\u00f3n con tu informaci\u00f3n personal, ponte en contacto con nosotros en info@hempyroots.com. Cuando visitas el sitio web\u00abhttp:\/\/www.hempyroots.com, y utilizas nuestros servicios, nos &#8230;<\/p>\n","protected":false},"author":1,"featured_media":0,"parent":0,"menu_order":0,"comment_status":"closed","ping_status":"open","template":"","meta":{"_acf_changed":false,"inline_featured_image":false,"footnotes":""},"class_list":["post-5759","page","type-page","status-publish","hentry"],"acf":[],"_links":{"self":[{"href":"https:\/\/hempyroots.com\/es\/wp-json\/wp\/v2\/pages\/5759","targetHints":{"allow":["GET"]}}],"collection":[{"href":"https:\/\/hempyroots.com\/es\/wp-json\/wp\/v2\/pages"}],"about":[{"href":"https:\/\/hempyroots.com\/es\/wp-json\/wp\/v2\/types\/page"}],"author":[{"embeddable":true,"href":"https:\/\/hempyroots.com\/es\/wp-json\/wp\/v2\/users\/1"}],"replies":[{"embeddable":true,"href":"https:\/\/hempyroots.com\/es\/wp-json\/wp\/v2\/comments?post=5759"}],"version-history":[{"count":0,"href":"https:\/\/hempyroots.com\/es\/wp-json\/wp\/v2\/pages\/5759\/revisions"}],"wp:attachment":[{"href":"https:\/\/hempyroots.com\/es\/wp-json\/wp\/v2\/media?parent=5759"}],"curies":[{"name":"wp","href":"https:\/\/api.w.org\/{rel}","templated":true}]}}