{"id":5761,"date":"2022-04-02T18:59:06","date_gmt":"2022-04-02T18:59:06","guid":{"rendered":"https:\/\/hempyroots.com\/politica-de-devoluciones-y-reembolsos\/"},"modified":"2024-04-17T15:13:24","modified_gmt":"2024-04-17T15:13:24","slug":"politica-de-devoluciones-y-reembolsos","status":"publish","type":"page","link":"https:\/\/hempyroots.com\/es\/politica-de-devoluciones-y-reembolsos\/","title":{"rendered":"Pol\u00edtica de devoluciones y reembolsos"},"content":{"rendered":"\n<h4 class=\"wp-block-heading\">Pol\u00edtica de devoluciones y reembolsos<\/h4>\n\n<h4 class=\"wp-block-heading\">CANCELACIONES<\/h4>\n\n<p><strong>Los usuarios que realicen compras en el sitio web www.hempyroots.com cuyo pago no se haya efectuado, recibido o tramitado correctamente ser\u00e1n anulados 3 d\u00edas despu\u00e9s de la realizaci\u00f3n del pedido. El usuario tiene derecho de desistimiento, en los t\u00e9rminos del art\u00edculo 10 del Decreto-Ley n\u00ba 24\/2014, de 14 de febrero, para los contratos celebrados a distancia o fuera del establecimiento en un plazo de 14 d\u00edas h\u00e1biles.<\/strong><\/p>\n\n<p><strong>Las anulaciones de pedidos s\u00f3lo son posibles hasta el momento del env\u00edo y pueden ser solicitadas por el cliente. Si deseas cancelar tu pedido en www.hempyroots.com, debes hacerlo lo antes posible. El equipo de HempyRoots te notificar\u00e1 por escrito que el pedido ha sido cancelado en un plazo m\u00e1ximo de 24 horas. Si ya se ha pagado el precio de compra, se reembolsar\u00e1 al cliente utilizando el mismo m\u00e9todo de pago.<\/strong><\/p>\n\n<p><strong>Si tu pedido ya ha sido enviado, no se puede considerar la cancelaci\u00f3n. HempyRoots se reserva el derecho a cancelar tu pedido, que est\u00e1 en estado \u00abpendiente de pago\u00bb y a\u00fan no ha sido abonado, en caso de ruptura de existencias. A continuaci\u00f3n, recibir\u00e1s un correo electr\u00f3nico inform\u00e1ndote de que tu pedido ha sido cancelado.<\/strong><\/p>\n\n<h4 class=\"wp-block-heading\">CAMBIOS Y DEVOLUCIONES<\/h4>\n\n<p><strong>Los art\u00edculos elegibles comprados en el sitio web de HempyRoots pueden cambiarse o devolverse dentro del plazo legal de 14 d\u00edas y reembolsarse su valor, siempre que cumplan todas las condiciones de devoluci\u00f3n:<br\/>&#8211; el\/los embalaje\/s de cada producto debe\/n ser el\/los original\/es y estar perfectamente intacto\/s, sin da\u00f1os ni signos de uso (suciedad, ara\u00f1azos, etc.) o apertura (precintos y tapas abiertos o da\u00f1ados, etc.)<br\/>&#8211; el\/los recibo(s)\/ficha(s) de compra debe(n) acompa\u00f1ar al\/los producto(s).<\/strong><\/p>\n\n<p><strong>No se aceptan devoluciones ni cambios de los siguientes productos: Medicamentos, Complementos alimenticios, Alimentos.<\/strong><\/p>\n\n<h4 class=\"wp-block-heading\">DIRECCI\u00d3N DE DEVOLUCI\u00d3N<\/h4>\n\n<p><strong>Rua de Belmonte 14, 4050-096 Oporto.<\/strong><\/p>\n\n<h4 class=\"wp-block-heading\">GASTOS DE DEVOLUCI\u00d3N O CAMBIO<\/h4>\n\n<p>&#8211; <strong>Los gastos de devoluci\u00f3n correr\u00e1n a cargo del usuario.<br\/>&#8211; Los gastos de env\u00edo no se reembolsan, ya que se trata de un servicio no reembolsable.<br\/>&#8211; El coste de recogida y reenv\u00edo depender\u00e1 de la zona geogr\u00e1fica de residencia del cliente. Si tienes alguna pregunta, no dudes en ponerte en contacto con el Servicio de Atenci\u00f3n al Cliente de Hempy Roots a trav\u00e9s de nuestros datos de contacto: correo electr\u00f3nico, tel\u00e9fono, tel\u00e9fono m\u00f3vil o Whatsapp. El Servicio de Atenci\u00f3n al Cliente de HempyRoots est\u00e1 disponible para ayudarte de 10:00 a 20:00 todos los d\u00edas (excepto festivos).<\/strong><\/p>\n\n<h4 class=\"wp-block-heading\">PLAZO DE REEMBOLSO Y MEDIOS DE PAGO<\/h4>\n\n<p><strong>Tus productos ser\u00e1n cambiados o el importe pagado ser\u00e1 reembolsado en un plazo de 14 d\u00edas a partir de la recepci\u00f3n y validaci\u00f3n del cumplimiento de las condiciones de devoluci\u00f3n de los art\u00edculos en nuestros locales, y el reembolso se efectuar\u00e1 por el mismo medio por el que se realiz\u00f3 el pago. Te sugerimos que guardes una prueba de la devoluci\u00f3n de los productos.<\/strong><\/p>\n\n<h4 class=\"wp-block-heading\">\u00bfQU\u00c9 DEBO HACER SI RECIBO EL EMBALAJE O LOS ART\u00cdCULOS DA\u00d1ADOS?<\/h4>\n\n<p><strong>Si el embalaje de entrega est\u00e1 da\u00f1ado, debes comprobar su contenido en el momento de la entrega y reclamar inmediatamente al transportista. No dudes en ponerte en contacto con el Servicio de Atenci\u00f3n al Cliente de HempyRoots utilizando nuestros datos de contacto: correo electr\u00f3nico, tel\u00e9fono, tel\u00e9fono m\u00f3vil, chat en l\u00ednea o Whatsapp. El Servicio de Atenci\u00f3n al Cliente de HempyRoots est\u00e1 disponible para ayudarte de 10:00 a 20:00 (WET) todos los d\u00edas (excepto festivos).<\/strong><\/p>\n\n<p><strong>Si has recibido un paquete en buen estado, pero los art\u00edculos siguen da\u00f1ados, ponte en contacto con nosotros por los medios indicados. Una vez que te hayas puesto en contacto con el Servicio de Atenci\u00f3n al Cliente de HempyRoots y te hayan dado instrucciones sobre c\u00f3mo devolver\/cambiar el art\u00edculo, deber\u00e1s enviarlo debidamente empaquetado a nuestra direcci\u00f3n de devoluciones indicada m\u00e1s arriba.<\/strong><\/p>\n","protected":false},"excerpt":{"rendered":"<p>Pol\u00edtica de devoluciones y reembolsos CANCELACIONES Los usuarios que realicen compras en el sitio web www.hempyroots.com cuyo pago no se haya efectuado, recibido o tramitado correctamente ser\u00e1n anulados 3 d\u00edas despu\u00e9s de la realizaci\u00f3n del pedido. El usuario tiene derecho de desistimiento, en los t\u00e9rminos del art\u00edculo 10 del Decreto-Ley n\u00ba 24\/2014, de 14 de &#8230;<\/p>\n","protected":false},"author":1,"featured_media":0,"parent":0,"menu_order":0,"comment_status":"closed","ping_status":"closed","template":"","meta":{"_acf_changed":false,"inline_featured_image":false,"footnotes":""},"class_list":["post-5761","page","type-page","status-publish","hentry"],"acf":[],"_links":{"self":[{"href":"https:\/\/hempyroots.com\/es\/wp-json\/wp\/v2\/pages\/5761","targetHints":{"allow":["GET"]}}],"collection":[{"href":"https:\/\/hempyroots.com\/es\/wp-json\/wp\/v2\/pages"}],"about":[{"href":"https:\/\/hempyroots.com\/es\/wp-json\/wp\/v2\/types\/page"}],"author":[{"embeddable":true,"href":"https:\/\/hempyroots.com\/es\/wp-json\/wp\/v2\/users\/1"}],"replies":[{"embeddable":true,"href":"https:\/\/hempyroots.com\/es\/wp-json\/wp\/v2\/comments?post=5761"}],"version-history":[{"count":0,"href":"https:\/\/hempyroots.com\/es\/wp-json\/wp\/v2\/pages\/5761\/revisions"}],"wp:attachment":[{"href":"https:\/\/hempyroots.com\/es\/wp-json\/wp\/v2\/media?parent=5761"}],"curies":[{"name":"wp","href":"https:\/\/api.w.org\/{rel}","templated":true}]}}