{"id":5763,"date":"2022-05-01T19:11:06","date_gmt":"2022-05-01T19:11:06","guid":{"rendered":"https:\/\/hempyroots.com\/condiciones-generales\/"},"modified":"2025-07-04T11:24:22","modified_gmt":"2025-07-04T11:24:22","slug":"condiciones-generales","status":"publish","type":"page","link":"https:\/\/hempyroots.com\/es\/condiciones-generales\/","title":{"rendered":"Condiciones generales"},"content":{"rendered":"\n<h4 class=\"wp-block-heading\"><strong>Aviso legal<\/strong><\/h4>\n\n<h4 class=\"wp-block-heading\"><strong>Introducci\u00f3n<\/strong><\/h4>\n\n<p>El presente Aviso Legal regula el uso del sitio web https:\/\/www.hempyroots.com propiedad de Nature Grooves Industries, LDA con n\u00famero de IVA 518635368 y domicilio social en Rua Belmonte 14, 4050-096 Oporto.<\/p>\n\n<p>El acceso al sitio web es gratuito, salvo en lo relativo al coste de la conexi\u00f3n a la red de telecomunicaciones suministrada por el operador contratado por los usuarios.<\/p>\n\n<h4 class=\"wp-block-heading\"><strong>Aceptaci\u00f3n<\/strong><\/h4>\n\n<p>Estas Condiciones, este Sitio y los Servicios pueden ser modificados de vez en cuando sin previo aviso. Para evitar cualquier duda, Hempy Roots se reserva el derecho a : revisar, modificar, complementar o eliminar cualquier informaci\u00f3n, material, servicio o recurso contenido en este Sitio y a realizar dichos cambios sin previo aviso a los visitantes anteriores, actuales o futuros. Es tu responsabilidad comprobar estos cambios peri\u00f3dicamente. Si no est\u00e1s de acuerdo con cualquier cambio, debes dejar de utilizar o acceder a este sitio web. El hecho de que sigas accediendo o utilizando este Sitio o los Servicios tras la publicaci\u00f3n de cualquier cambio en este Sitio constituir\u00e1 tu aceptaci\u00f3n del cambio.<\/p>\n\n<p>Navegaci\u00f3n<strong>, acceso y seguridad<br\/><\/strong>Acceder y navegar en este sitio web supone aceptar y conocer las advertencias legales, condiciones y t\u00e9rminos de uso contenidas en \u00e9l. Hempy Roots hace todo lo posible para que la navegaci\u00f3n se realice en las mejores condiciones posibles y para evitar cualquier da\u00f1o que pueda producirse.<\/p>\n\n<p>El Propietario no se hace responsable de los perjuicios, de cualquier \u00edndole, que pudieran ocasionarse a los Usuarios por la utilizaci\u00f3n de otros navegadores o versiones distintas de los navegadores para los que ha sido dise\u00f1ado el Sitio Web.<\/p>\n\n<p><strong>Obligaciones del usuario<br\/><\/strong>Obligaci\u00f3n de hacer un uso correcto del sitio web.<br\/>Las condiciones de acceso y uso del presente sitio web est\u00e1n supeditadas a la legalidad vigente y a los principios de buena fe y uso l\u00edcito por parte del usuario del sitio web. Queda prohibida, con car\u00e1cter general, cualquier acci\u00f3n perjudicial para Hempy Roots y contraria al presente Aviso Legal.<\/p>\n\n<p>El usuario se compromete a utilizar este servicio sin incurrir en actividades que puedan ser consideradas il\u00edcitas o ilegales, que infrinjan los derechos de Hempy Roots o de terceros, o que puedan da\u00f1ar, inutilizar, sobrecargar o deteriorar el sitio web o impedir la normal utilizaci\u00f3n del mismo por parte de otros usuarios.<\/p>\n\n<h4 class=\"wp-block-heading\"><strong>Prohibiciones<\/strong><\/h4>\n\n<p>Queda terminantemente prohibido el uso de este sitio web con fines ilegales o no autorizados:<\/p>\n\n<p>Cualquier forma de violaci\u00f3n de los derechos de terceros (derecho a la intimidad, a la propia imagen, a la propiedad intelectual e industrial, etc.)<\/p>\n\n<p>Realizar, utilizando los contenidos de este sitio web, cualquier tipo de publicidad como env\u00edo de correos electr\u00f3nicos no solicitados (spam) o comunicaci\u00f3n similar.<\/p>\n\n<p>Introducir virus inform\u00e1ticos, archivos defectuosos, otro software o cualquier programa inform\u00e1tico que pueda causar da\u00f1os o alteraciones no autorizadas de los contenidos o sistemas accesibles a trav\u00e9s de este sitio web.<\/p>\n\n<p><\/p>\n","protected":false},"excerpt":{"rendered":"<p>Aviso legal Introducci\u00f3n El presente Aviso Legal regula el uso del sitio web https:\/\/www.hempyroots.com propiedad de Nature Grooves Industries, LDA con n\u00famero de IVA 518635368 y domicilio social en Rua Belmonte 14, 4050-096 Oporto. El acceso al sitio web es gratuito, salvo en lo relativo al coste de la conexi\u00f3n a la red de telecomunicaciones &#8230;<\/p>\n","protected":false},"author":2,"featured_media":0,"parent":0,"menu_order":0,"comment_status":"closed","ping_status":"closed","template":"","meta":{"_acf_changed":false,"inline_featured_image":false,"footnotes":""},"class_list":["post-5763","page","type-page","status-publish","hentry"],"acf":[],"_links":{"self":[{"href":"https:\/\/hempyroots.com\/es\/wp-json\/wp\/v2\/pages\/5763","targetHints":{"allow":["GET"]}}],"collection":[{"href":"https:\/\/hempyroots.com\/es\/wp-json\/wp\/v2\/pages"}],"about":[{"href":"https:\/\/hempyroots.com\/es\/wp-json\/wp\/v2\/types\/page"}],"author":[{"embeddable":true,"href":"https:\/\/hempyroots.com\/es\/wp-json\/wp\/v2\/users\/2"}],"replies":[{"embeddable":true,"href":"https:\/\/hempyroots.com\/es\/wp-json\/wp\/v2\/comments?post=5763"}],"version-history":[{"count":0,"href":"https:\/\/hempyroots.com\/es\/wp-json\/wp\/v2\/pages\/5763\/revisions"}],"wp:attachment":[{"href":"https:\/\/hempyroots.com\/es\/wp-json\/wp\/v2\/media?parent=5763"}],"curies":[{"name":"wp","href":"https:\/\/api.w.org\/{rel}","templated":true}]}}