{"id":6741,"date":"2024-10-05T16:20:06","date_gmt":"2024-10-05T16:20:06","guid":{"rendered":"https:\/\/hempyroots.com\/?page_id=6741"},"modified":"2025-10-13T18:32:59","modified_gmt":"2025-10-13T18:32:59","slug":"cbd-al-por-mayor","status":"publish","type":"page","link":"https:\/\/hempyroots.com\/es\/cbd-al-por-mayor\/","title":{"rendered":"Proveedor de CBD &#8211; CBD al por mayor"},"content":{"rendered":"\n<figure class=\"wp-block-image alignfull size-full\"><img decoding=\"async\" width=\"2560\" height=\"1330\" src=\"https:\/\/hempyroots.com\/wp-content\/uploads\/2025\/10\/mayorista_es-copy-scaled.png\" alt=\"\" class=\"wp-image-12149\" title=\"\" srcset=\"https:\/\/hempyroots.com\/wp-content\/uploads\/2025\/10\/mayorista_es-copy-scaled.png 2560w, https:\/\/hempyroots.com\/wp-content\/uploads\/2025\/10\/mayorista_es-copy-300x156.png 300w, https:\/\/hempyroots.com\/wp-content\/uploads\/2025\/10\/mayorista_es-copy-1024x532.png 1024w, https:\/\/hempyroots.com\/wp-content\/uploads\/2025\/10\/mayorista_es-copy-768x399.png 768w, https:\/\/hempyroots.com\/wp-content\/uploads\/2025\/10\/mayorista_es-copy-1536x798.png 1536w, https:\/\/hempyroots.com\/wp-content\/uploads\/2025\/10\/mayorista_es-copy-2048x1064.png 2048w, https:\/\/hempyroots.com\/wp-content\/uploads\/2025\/10\/mayorista_es-copy-595xh.png 595w, https:\/\/hempyroots.com\/wp-content\/uploads\/2025\/10\/mayorista_es-copy-1200x623.png 1200w, https:\/\/hempyroots.com\/wp-content\/uploads\/2025\/10\/mayorista_es-copy-150x78.png 150w\" sizes=\"(max-width: 2560px) 100vw, 2560px\" \/><\/figure>\n\n\n\n<h1 class=\"wp-block-heading has-text-align-center has-page-title-font-size\">Proveedor de CBD &#8211; CBD al por mayor<\/h1>\n\n\n\n<h2 class=\"wp-block-heading alignwide has-text-align-center atacado-h2\"><br>Compra Flores, Hach\u00eds, Aceite y los m\u00e1s variados productos CBD en un solo lugar.<\/h2>\n\n\n\n<p>\u00bfQuieres comprar CBD al por mayor para tu negocio? Somos quien buscas, tu proveedor de CBD para tu tienda.  Ya sea para una tienda en l\u00ednea o una tienda f\u00edsica, tenemos los productos adecuados para ayudar a que su negocio crezca. P\u00eddenos el cat\u00e1logo y accede a productos de CBD de alta calidad a precios brutalmente competitivos.  <\/p>\n\n\n\n<p>Con el tiempo, nuestra experiencia y conocimientos nos han permitido hacer una cuidadosa selecci\u00f3n de productores, proveedores y productos que estamos dispuestos a compartir con nuestros clientes y ayudarles as\u00ed a hacer crecer su negocio. Adem\u00e1s de los productos, tambi\u00e9n disponemos de soluciones personalizadas y totalmente a medida para el envasado de los productos. Queremos ser el proveedor de CBD para tu negocio.    <\/p>\n\n\n\n<p>Hemos seleccionado a los mejores proveedores de productos de CBD de Europa para vender CBD<a href=\"https:\/\/dicionario.priberam.org\/atacado\" target=\"_blank\" rel=\"noopener\">al por mayor<\/a> en Portugal. Te ayudamos en todo el proceso y disponemos de soluciones ideales de envasado y etiquetado blanco.  Su marca, sus etiquetas y nuestros productos. <\/p>\n\n\n\n<p><a href=\"#contact-us\">Hable con nosotros hoy mismo<\/a> y descubra c\u00f3mo podemos ayudarle. <\/p>\n\n\n\n<div style=\"height:5em\" aria-hidden=\"true\" class=\"wp-block-spacer\"><\/div>\n\n\n\n<h2 class=\"wp-block-heading has-text-align-center\">HempyRoots, tu proveedor de CBD<\/h2>\n\n\n\n<div class=\"wp-block-columns alignwide is-layout-flex wp-container-core-columns-is-layout-28f84493 wp-block-columns-is-layout-flex\">\n<div class=\"wp-block-column is-layout-flow wp-block-column-is-layout-flow\">\n<div class=\"wp-block-cover atacado-item\" style=\"min-height:1275px;aspect-ratio:unset;\"><span aria-hidden=\"true\" class=\"wp-block-cover__background has-background-dim-100 has-background-dim has-background-gradient\" style=\"background:linear-gradient(180deg,rgb(11,73,9) 0%,rgba(255,255,255,0) 100%)\"><\/span><div class=\"wp-block-cover__inner-container is-layout-constrained wp-block-cover-is-layout-constrained\">\n<h2 class=\"wp-block-heading has-text-align-center has-color-1-color has-text-color has-link-color has-extra-extra-large-font-size wp-elements-409292de525070c80a108364e1438355\">FLORES Y HACH\u00cdS CBD<\/h2>\n\n\n\n<figure class=\"wp-block-image size-full\"><img decoding=\"async\" width=\"827\" height=\"611\" src=\"https:\/\/hempyroots.com\/wp-content\/uploads\/2024\/10\/FLOWERS_HEMPY.png\" alt=\"\" class=\"wp-image-6747\" title=\"\" srcset=\"https:\/\/hempyroots.com\/wp-content\/uploads\/2024\/10\/FLOWERS_HEMPY.png 827w, https:\/\/hempyroots.com\/wp-content\/uploads\/2024\/10\/FLOWERS_HEMPY-300x222.png 300w, https:\/\/hempyroots.com\/wp-content\/uploads\/2024\/10\/FLOWERS_HEMPY-768x567.png 768w, https:\/\/hempyroots.com\/wp-content\/uploads\/2024\/10\/FLOWERS_HEMPY-150x111.png 150w\" sizes=\"(max-width: 827px) 100vw, 827px\" \/><\/figure>\n\n\n\n<p class=\"has-text-align-left has-white-color has-text-color has-link-color has-normal-font-size wp-elements-6991782061d266004091488e9931b1c1\" style=\"padding-right:var(--wp--preset--spacing--70);padding-left:var(--wp--preset--spacing--70)\">Nuestras <a href=\"https:\/\/hempyroots.com\/es\/categoria-produto\/flores-de-cbd-es\/\" data-type=\"link\" data-id=\"https:\/\/hempyroots.com\/categoria-produto\/flores-de-cbd\/\">flores CBD<\/a> presentan una gama de productos exclusivos que forman un ramillete de aromas sorprendentes, disponibles en grandes cantidades o en paquetes personalizados. Como tu proveedor de CBD, disponemos de diferentes flores y p\u00f3lenes de la mejor calidad a precios ultracompetitivos.  <\/p>\n\n\n\n<h3 class=\"wp-block-heading has-text-align-center has-text-color has-link-color has-large-font-size wp-elements-a3cc785c51995464c335aaaa9bf0bbe3\" style=\"color:#0b4909\">PERSONALIZA LOS ENVASES<\/h3>\n\n\n\n<figure class=\"wp-block-image size-full\"><img decoding=\"async\" width=\"1000\" height=\"750\" src=\"https:\/\/hempyroots.com\/wp-content\/uploads\/2024\/10\/Mockup_stand_EN-1.png\" alt=\"Proveedor de CBD\" class=\"wp-image-6753\" title=\"\" srcset=\"https:\/\/hempyroots.com\/wp-content\/uploads\/2024\/10\/Mockup_stand_EN-1.png 1000w, https:\/\/hempyroots.com\/wp-content\/uploads\/2024\/10\/Mockup_stand_EN-1-300x225.png 300w, https:\/\/hempyroots.com\/wp-content\/uploads\/2024\/10\/Mockup_stand_EN-1-768x576.png 768w, https:\/\/hempyroots.com\/wp-content\/uploads\/2024\/10\/Mockup_stand_EN-1-150x113.png 150w\" sizes=\"(max-width: 1000px) 100vw, 1000px\" \/><\/figure>\n<\/div><\/div>\n\n\n\n<div style=\"height:3em\" aria-hidden=\"true\" class=\"wp-block-spacer\"><\/div>\n<\/div>\n\n\n\n<div class=\"wp-block-column is-layout-flow wp-block-column-is-layout-flow\">\n<div class=\"wp-block-cover atacado-item\" style=\"margin-top:0;margin-bottom:0;min-height:1275px;aspect-ratio:unset;\"><span aria-hidden=\"true\" class=\"wp-block-cover__background has-background-dim-100 has-background-dim has-background-gradient\" style=\"background:linear-gradient(180deg,rgb(11,73,9) 0%,rgba(255,255,255,0) 100%)\"><\/span><div class=\"wp-block-cover__inner-container is-layout-constrained wp-block-cover-is-layout-constrained\">\n<h2 class=\"wp-block-heading has-text-align-center has-color-1-color has-text-color has-link-color has-extra-extra-large-font-size wp-elements-7fa79ce31501109796b190a2922f1658\">ACEITE DE CBD<\/h2>\n\n\n\n<figure class=\"wp-block-image size-full\"><img decoding=\"async\" width=\"827\" height=\"611\" src=\"https:\/\/hempyroots.com\/wp-content\/uploads\/2024\/10\/OIL_HEMPY.png\" alt=\"\" class=\"wp-image-6773\" title=\"\" srcset=\"https:\/\/hempyroots.com\/wp-content\/uploads\/2024\/10\/OIL_HEMPY.png 827w, https:\/\/hempyroots.com\/wp-content\/uploads\/2024\/10\/OIL_HEMPY-300x222.png 300w, https:\/\/hempyroots.com\/wp-content\/uploads\/2024\/10\/OIL_HEMPY-768x567.png 768w, https:\/\/hempyroots.com\/wp-content\/uploads\/2024\/10\/OIL_HEMPY-150x111.png 150w\" sizes=\"(max-width: 827px) 100vw, 827px\" \/><\/figure>\n\n\n\n<p class=\"has-text-align-left has-white-color has-text-color has-link-color has-normal-font-size wp-elements-5179657145f753ebdc5dacd1e99faf54\" style=\"padding-right:var(--wp--preset--spacing--70);padding-left:var(--wp--preset--spacing--70)\">La concentraci\u00f3n de nuestros <a href=\"https:\/\/hempyroots.com\/es\/categoria-produto\/aceites-de-cbd\/\">aceites de <\/a>CBD oscila entre el 5% y el 20%, lo que significa de 500 mg a 2000 mg por 10 ml de producto. Nuestro aceite de CBD se mezcla con aceite TCM o aceite de c\u00e1\u00f1amo.   <br>Al igual que con las flores y el polen, tambi\u00e9n puedes personalizar el envase de tu aceite con tu marca. Ponte en contacto con nosotros para hablar de las mejores condiciones para ti y tu negocio y haz de Hempy Roots tu proveedor de CBD. <\/p>\n\n\n\n<h3 class=\"wp-block-heading has-text-align-center has-text-color has-link-color has-large-font-size wp-elements-a3cc785c51995464c335aaaa9bf0bbe3\" style=\"color:#0b4909\">PERSONALIZA LOS ENVASES<\/h3>\n\n\n\n<figure class=\"wp-block-image size-full is-resized\"><img decoding=\"async\" width=\"1000\" height=\"833\" src=\"https:\/\/hempyroots.com\/wp-content\/uploads\/2024\/10\/Dropper_EN-1.png\" alt=\"\" class=\"wp-image-6791\" style=\"width:494px;height:auto\" title=\"\" srcset=\"https:\/\/hempyroots.com\/wp-content\/uploads\/2024\/10\/Dropper_EN-1.png 1000w, https:\/\/hempyroots.com\/wp-content\/uploads\/2024\/10\/Dropper_EN-1-300x250.png 300w, https:\/\/hempyroots.com\/wp-content\/uploads\/2024\/10\/Dropper_EN-1-768x640.png 768w, https:\/\/hempyroots.com\/wp-content\/uploads\/2024\/10\/Dropper_EN-1-150x125.png 150w\" sizes=\"(max-width: 1000px) 100vw, 1000px\" \/><\/figure>\n<\/div><\/div>\n\n\n\n<div style=\"height:3em\" aria-hidden=\"true\" class=\"wp-block-spacer\"><\/div>\n<\/div>\n<\/div>\n\n\n\n<div class=\"wp-block-columns alignwide is-layout-flex wp-container-core-columns-is-layout-28f84493 wp-block-columns-is-layout-flex\">\n<div class=\"wp-block-column is-layout-flow wp-block-column-is-layout-flow\">\n<div class=\"wp-block-columns is-layout-flex wp-container-core-columns-is-layout-28f84493 wp-block-columns-is-layout-flex\">\n<div class=\"wp-block-column is-layout-flow wp-block-column-is-layout-flow\">\n<div class=\"wp-block-cover atacado-item\" style=\"min-height:1275px;aspect-ratio:unset;\"><span aria-hidden=\"true\" class=\"wp-block-cover__background has-background-dim-100 has-background-dim has-background-gradient\" style=\"background:linear-gradient(180deg,rgb(11,73,9) 0%,rgba(255,255,255,0) 100%)\"><\/span><div class=\"wp-block-cover__inner-container is-layout-constrained wp-block-cover-is-layout-constrained\">\n<h2 class=\"wp-block-heading has-text-align-center has-color-1-color has-text-color has-link-color has-extra-extra-large-font-size wp-elements-950a9562b489cd5ea6283292f75ea960\">FLORES DE CBD PREMIUM<br><br><\/h2>\n\n\n\n<figure class=\"wp-block-image size-full\"><img decoding=\"async\" width=\"827\" height=\"611\" src=\"https:\/\/hempyroots.com\/wp-content\/uploads\/2024\/10\/PREMIUM_HEMPY.png\" alt=\"\" class=\"wp-image-6779\" title=\"\" srcset=\"https:\/\/hempyroots.com\/wp-content\/uploads\/2024\/10\/PREMIUM_HEMPY.png 827w, https:\/\/hempyroots.com\/wp-content\/uploads\/2024\/10\/PREMIUM_HEMPY-300x222.png 300w, https:\/\/hempyroots.com\/wp-content\/uploads\/2024\/10\/PREMIUM_HEMPY-768x567.png 768w, https:\/\/hempyroots.com\/wp-content\/uploads\/2024\/10\/PREMIUM_HEMPY-150x111.png 150w\" sizes=\"(max-width: 827px) 100vw, 827px\" \/><\/figure>\n\n\n\n<p class=\"has-text-align-left has-normal-font-size\" style=\"padding-right:var(--wp--preset--spacing--70);padding-left:var(--wp--preset--spacing--70)\">Descubre las mejores flores de CBD premium, cuidadosamente seleccionadas por su pureza y potencia. Nuestras opciones har\u00e1n 100% felices a tus clientes. Ofrecemos la soluci\u00f3n completa, incluido el envasado personalizado para tu marca.  <\/p>\n\n\n\n<p><\/p>\n\n\n\n<h3 class=\"wp-block-heading has-text-align-center has-text-color has-link-color has-large-font-size wp-elements-6c910fee5af35fa1eb15061a232572cd\" style=\"color:#0b4909;margin-top:0;margin-right:0;margin-bottom:0;margin-left:0\">PERSONALIZA LOS ENVASES<br><\/h3>\n\n\n\n<figure class=\"wp-block-image size-full is-resized\"><img decoding=\"async\" width=\"1000\" height=\"750\" src=\"https:\/\/hempyroots.com\/wp-content\/uploads\/2024\/10\/Jar_Mockup_EN-1.png\" alt=\"\" class=\"wp-image-6788\" style=\"width:494px;height:auto\" title=\"\" srcset=\"https:\/\/hempyroots.com\/wp-content\/uploads\/2024\/10\/Jar_Mockup_EN-1.png 1000w, https:\/\/hempyroots.com\/wp-content\/uploads\/2024\/10\/Jar_Mockup_EN-1-300x225.png 300w, https:\/\/hempyroots.com\/wp-content\/uploads\/2024\/10\/Jar_Mockup_EN-1-768x576.png 768w, https:\/\/hempyroots.com\/wp-content\/uploads\/2024\/10\/Jar_Mockup_EN-1-150x113.png 150w\" sizes=\"(max-width: 1000px) 100vw, 1000px\" \/><\/figure>\n<\/div><\/div>\n<\/div>\n\n\n\n<div class=\"wp-block-column is-layout-flow wp-block-column-is-layout-flow\">\n<div class=\"wp-block-cover atacado-item\" style=\"min-height:1275px;aspect-ratio:unset;\"><span aria-hidden=\"true\" class=\"wp-block-cover__background has-background-dim-100 has-background-dim has-background-gradient\" style=\"background:linear-gradient(180deg,rgb(11,73,9) 0%,rgba(255,255,255,0) 100%)\"><\/span><div class=\"wp-block-cover__inner-container is-layout-constrained wp-block-cover-is-layout-constrained\">\n<h2 class=\"wp-block-heading has-text-align-center has-color-1-color has-text-color has-link-color has-extra-extra-large-font-size wp-elements-2cbf86ca25e977ef34e2f9b68e5dd4a7\"><br>VAPES, BOL\u00cdGRAFOS Y RECAMBIOS CBD<\/h2>\n\n\n\n<figure class=\"wp-block-image size-full\"><img decoding=\"async\" width=\"827\" height=\"611\" src=\"https:\/\/hempyroots.com\/wp-content\/uploads\/2024\/10\/VAPES_HEMPY.png\" alt=\"\" class=\"wp-image-6785\" title=\"\" srcset=\"https:\/\/hempyroots.com\/wp-content\/uploads\/2024\/10\/VAPES_HEMPY.png 827w, https:\/\/hempyroots.com\/wp-content\/uploads\/2024\/10\/VAPES_HEMPY-300x222.png 300w, https:\/\/hempyroots.com\/wp-content\/uploads\/2024\/10\/VAPES_HEMPY-768x567.png 768w, https:\/\/hempyroots.com\/wp-content\/uploads\/2024\/10\/VAPES_HEMPY-150x111.png 150w\" sizes=\"(max-width: 827px) 100vw, 827px\" \/><\/figure>\n\n\n\n<p class=\"has-text-align-left has-normal-font-size\" style=\"padding-right:var(--wp--preset--spacing--70);padding-left:var(--wp--preset--spacing--70)\">Vaporizadores de CBD, bol\u00edgrafos de CBD y recambios de CBD. Tenemos la soluci\u00f3n completa para incluir estos productos en tu tienda online o f\u00edsica. P\u00eddenos el cat\u00e1logo y descubre en detalle qu\u00e9 productos tenemos disponibles actualmente.    <\/p>\n\n\n\n<h3 class=\"wp-block-heading has-text-align-center has-text-color has-link-color has-large-font-size wp-elements-a3cc785c51995464c335aaaa9bf0bbe3\" style=\"color:#0b4909\">PERSONALIZA LOS ENVASES<\/h3>\n\n\n\n<figure class=\"wp-block-image size-full is-resized\"><img decoding=\"async\" width=\"1707\" height=\"1849\" src=\"https:\/\/hempyroots.com\/wp-content\/uploads\/2024\/10\/Mockup_VAPE_EN.png\" alt=\"\" class=\"wp-image-6794\" style=\"width:494px;height:auto\" title=\"\" srcset=\"https:\/\/hempyroots.com\/wp-content\/uploads\/2024\/10\/Mockup_VAPE_EN.png 1707w, https:\/\/hempyroots.com\/wp-content\/uploads\/2024\/10\/Mockup_VAPE_EN-277x300.png 277w, https:\/\/hempyroots.com\/wp-content\/uploads\/2024\/10\/Mockup_VAPE_EN-945x1024.png 945w, https:\/\/hempyroots.com\/wp-content\/uploads\/2024\/10\/Mockup_VAPE_EN-768x832.png 768w, https:\/\/hempyroots.com\/wp-content\/uploads\/2024\/10\/Mockup_VAPE_EN-1418x1536.png 1418w, https:\/\/hempyroots.com\/wp-content\/uploads\/2024\/10\/Mockup_VAPE_EN-1200x1300.png 1200w, https:\/\/hempyroots.com\/wp-content\/uploads\/2024\/10\/Mockup_VAPE_EN-150x162.png 150w\" sizes=\"(max-width: 1707px) 100vw, 1707px\" \/><\/figure>\n<\/div><\/div>\n<\/div>\n<\/div>\n\n\n\n<div class=\"wp-block-buttons is-content-justification-center is-layout-flex wp-container-core-buttons-is-layout-a89b3969 wp-block-buttons-is-layout-flex\">\n<div class=\"wp-block-button has-custom-width wp-block-button__width-50 btn-atacado\"><a class=\"wp-block-button__link has-color-1-color has-text-color has-background has-link-color has-large-font-size has-custom-font-size wp-element-button\" href=\"#contact-us\" style=\"background-color:#0b4909;padding-top:var(--wp--preset--spacing--30);padding-bottom:var(--wp--preset--spacing--30)\">VER CAT\u00c1LOGO<\/a><\/div>\n<\/div>\n\n\n\n<div style=\"height:3em\" aria-hidden=\"true\" class=\"wp-block-spacer\"><\/div>\n\n\n\n<h3 class=\"wp-block-heading\">COLECCI\u00d3N DE DISTRIBUIDORES<\/h3>\n\n\n\n<p>Nuestra colecci\u00f3n Hempy Roots ofrece productos de CBD exclusivos y de alta calidad &#8211; nuestro cat\u00e1logo se ampl\u00eda constantemente, pero de momento tenemos 6 hierbas de CBD, 2 hashes de CBD, MoonRocks y IceRocks. Adem\u00e1s de estas hierbas y p\u00f3lenes, tambi\u00e9n tenemos nuestros fant\u00e1sticos aceites de CBD en concentraciones del 5%, 10% y 20%. No esperes m\u00e1s, ponte en contacto con nosotros y juntos haremos crecer tu negocio. Ya hemos ayudado (y seguimos ayudando) a muchos empresarios del CBD en Portugal, y queremos que t\u00fa seas el siguiente.     <\/p>\n<\/div>\n<\/div>\n\n\n\n<div class=\"wp-block-cover alignwide\" style=\"margin-top:3rem;margin-bottom:3rem;min-height:160px;aspect-ratio:unset;\"><img decoding=\"async\" width=\"2560\" height=\"449\" class=\"wp-block-cover__image-background wp-image-2144\" alt=\"\" src=\"https:\/\/hempyroots.com\/wp-content\/uploads\/2023\/04\/banner_download-scaled.jpg\" data-object-fit=\"cover\" title=\"\" srcset=\"https:\/\/hempyroots.com\/wp-content\/uploads\/2023\/04\/banner_download-scaled.jpg 2560w, https:\/\/hempyroots.com\/wp-content\/uploads\/2023\/04\/banner_download-scaled-150x26.jpg 150w, https:\/\/hempyroots.com\/wp-content\/uploads\/2023\/04\/banner_download-scaled-1200x210.jpg 1200w, https:\/\/hempyroots.com\/wp-content\/uploads\/2023\/04\/banner_download-300x53.jpg 300w, https:\/\/hempyroots.com\/wp-content\/uploads\/2023\/04\/banner_download-1024x180.jpg 1024w, https:\/\/hempyroots.com\/wp-content\/uploads\/2023\/04\/banner_download-768x135.jpg 768w, https:\/\/hempyroots.com\/wp-content\/uploads\/2023\/04\/banner_download-1536x269.jpg 1536w, https:\/\/hempyroots.com\/wp-content\/uploads\/2023\/04\/banner_download-2048x359.jpg 2048w\" sizes=\"(max-width: 2560px) 100vw, 2560px\" \/><span aria-hidden=\"true\" class=\"wp-block-cover__background has-background-dim-0 has-background-dim\"><\/span><div class=\"wp-block-cover__inner-container is-layout-flow wp-block-cover-is-layout-flow\">\n<h2 class=\"wp-block-heading has-text-align-center has-color-1-color has-text-color\"><a href=\"#contact-us\">P\u00f3ngase en contacto con nosotros para recibir el cat\u00e1logo<\/a><\/h2>\n<\/div><\/div>\n\n\n\n<div class=\"wp-block-columns alignwide is-layout-flex wp-container-core-columns-is-layout-28f84493 wp-block-columns-is-layout-flex\">\n<div class=\"wp-block-column is-layout-flow wp-block-column-is-layout-flow\">\n<figure class=\"wp-block-image aligncenter size-full is-resized\"><img decoding=\"async\" src=\"https:\/\/hempyroots.com\/wp-content\/uploads\/2024\/04\/EXPRESS_ICON.svg\" alt=\"\" class=\"wp-image-5933\" style=\"width:100px\" title=\"\"><\/figure>\n\n\n\n<h3 class=\"wp-block-heading has-text-align-center\"><strong><em>EXPRESS<\/em><\/strong><\/h3>\n\n\n\n<p>Enviamos al instante<br>Sus pedidos llegan a Portugal o Espa\u00f1a en 48 horas.<\/p>\n<\/div>\n\n\n\n<div class=\"wp-block-column is-layout-flow wp-block-column-is-layout-flow\">\n<figure class=\"wp-block-image aligncenter size-large is-resized\"><img decoding=\"async\" src=\"https:\/\/hempyroots.com\/wp-content\/uploads\/2024\/04\/SAFE_ICON.svg\" alt=\"\" class=\"wp-image-5936\" style=\"width:100px\" title=\"\"><\/figure>\n\n\n\n<h3 class=\"wp-block-heading has-text-align-center\"><strong><em>SEGURO<\/em><\/strong><\/h3>\n\n\n\n<p>Enviamos con CTT Expresso o GLS. Siempre se realiza un seguimiento de su pedido.<\/p>\n<\/div>\n\n\n\n<div class=\"wp-block-column is-layout-flow wp-block-column-is-layout-flow\">\n<figure class=\"wp-block-image aligncenter size-large is-resized\"><img decoding=\"async\" src=\"https:\/\/hempyroots.com\/wp-content\/uploads\/2024\/04\/TESTADO_ICON.svg\" alt=\"\" class=\"wp-image-5940\" style=\"width:100px\" title=\"\"><\/figure>\n\n\n\n<h3 class=\"wp-block-heading has-text-align-center\"><em>PROBADO<\/em><\/h3>\n\n\n\n<p>S\u00f3lo vendemos productos de CBD con THC &lt;0,2%, cumpliendo todos los requisitos y normativas legales.<\/p>\n<\/div>\n<\/div>\n\n\n\n<div style=\"height:100px\" aria-hidden=\"true\" class=\"wp-block-spacer\"><\/div>\n\n\n\n<p id=\"contact-us\"><strong>Si quieres recibir nuestro cat\u00e1logo y saber m\u00e1s sobre nuestras condiciones para vender CBD al por mayor en Portugal, rellena el siguiente formulario y haznos una breve presentaci\u00f3n de ti, de tu empresa y de tu modelo de negocio para que podamos ajustar nuestra propuesta.<\/strong><\/p>\n\n\n\n<div class=\"wp-block-contact-form-7-contact-form-selector\">\n<div class=\"wpcf7 no-js\" id=\"wpcf7-f4947-o1\" lang=\"es-ES\" dir=\"ltr\" data-wpcf7-id=\"4947\">\n<div class=\"screen-reader-response\"><p role=\"status\" aria-live=\"polite\" aria-atomic=\"true\"><\/p> <ul><\/ul><\/div>\n<form action=\"\/es\/wp-json\/wp\/v2\/pages\/6741#wpcf7-f4947-o1\" method=\"post\" class=\"wpcf7-form init\" aria-label=\"Formulario de contacto\" novalidate=\"novalidate\" data-status=\"init\">\n<fieldset class=\"hidden-fields-container\"><input type=\"hidden\" name=\"_wpcf7\" value=\"4947\" \/><input type=\"hidden\" name=\"_wpcf7_version\" value=\"6.1.5\" \/><input type=\"hidden\" name=\"_wpcf7_locale\" value=\"es_ES\" \/><input type=\"hidden\" name=\"_wpcf7_unit_tag\" value=\"wpcf7-f4947-o1\" \/><input type=\"hidden\" name=\"_wpcf7_container_post\" value=\"0\" \/><input type=\"hidden\" name=\"_wpcf7_posted_data_hash\" value=\"\" \/><input type=\"hidden\" name=\"_wpcf7_recaptcha_response\" value=\"\" \/>\n<\/fieldset>\n<p><label> Nombre *<br \/>\n<span class=\"wpcf7-form-control-wrap\" data-name=\"your-name\"><input size=\"40\" maxlength=\"400\" class=\"wpcf7-form-control wpcf7-text wpcf7-validates-as-required\" aria-required=\"true\" aria-invalid=\"false\" value=\"\" type=\"text\" name=\"your-name\" \/><\/span> <\/label>\n<\/p>\n<p><label> Empresa\/Nombre comercial *<br \/>\n<span class=\"wpcf7-form-control-wrap\" data-name=\"company\"><input size=\"40\" maxlength=\"400\" class=\"wpcf7-form-control wpcf7-text wpcf7-validates-as-required\" aria-required=\"true\" aria-invalid=\"false\" value=\"\" type=\"text\" name=\"company\" \/><\/span> <\/label>\n<\/p>\n<p><label> Correo electr\u00f3nico *<br \/>\n<span class=\"wpcf7-form-control-wrap\" data-name=\"your-email\"><input size=\"40\" maxlength=\"400\" class=\"wpcf7-form-control wpcf7-email wpcf7-validates-as-required wpcf7-text wpcf7-validates-as-email\" aria-required=\"true\" aria-invalid=\"false\" value=\"\" type=\"email\" name=\"your-email\" \/><\/span> <\/label>\n<\/p>\n<p><label> Tel\u00e9fono *<br \/>\n<span class=\"wpcf7-form-control-wrap\" data-name=\"your-phone\"><input size=\"40\" maxlength=\"400\" class=\"wpcf7-form-control wpcf7-tel wpcf7-validates-as-required wpcf7-text wpcf7-validates-as-tel\" aria-required=\"true\" aria-invalid=\"false\" value=\"\" type=\"tel\" name=\"your-phone\" \/><\/span> <\/label>\n<\/p>\n<p><label> Presentaci\u00f3n de empresa\/negocio *<br \/>\n<span class=\"wpcf7-form-control-wrap\" data-name=\"your-message\"><textarea cols=\"40\" rows=\"10\" maxlength=\"2000\" class=\"wpcf7-form-control wpcf7-textarea wpcf7-validates-as-required\" aria-required=\"true\" aria-invalid=\"false\" name=\"your-message\"><\/textarea><\/span> <\/label>\n<\/p>\n<p><input class=\"wpcf7-form-control wpcf7-submit has-spinner\" type=\"submit\" value=\"Env\u00eda\" \/>\n<\/p><p style=\"display: none !important;\" class=\"akismet-fields-container\" data-prefix=\"_wpcf7_ak_\"><label>&#916;<textarea name=\"_wpcf7_ak_hp_textarea\" cols=\"45\" rows=\"8\" maxlength=\"100\"><\/textarea><\/label><input type=\"hidden\" id=\"ak_js_1\" name=\"_wpcf7_ak_js\" value=\"150\"\/><script>document.getElementById( \"ak_js_1\" ).setAttribute( \"value\", ( new Date() ).getTime() );<\/script><\/p><div class=\"wpcf7-response-output\" aria-hidden=\"true\"><\/div>\n<\/form>\n<\/div>\n<\/div>\n","protected":false},"excerpt":{"rendered":"<p>Proveedor de CBD &#8211; CBD al por mayor Compra Flores, Hach\u00eds, Aceite y los m\u00e1s variados productos CBD en un solo lugar. \u00bfQuieres comprar CBD al por mayor para tu negocio? Somos quien buscas, tu proveedor de CBD para tu tienda. Ya sea para una tienda en l\u00ednea o una tienda f\u00edsica, tenemos los productos &#8230;<\/p>\n","protected":false},"author":1,"featured_media":12149,"parent":0,"menu_order":0,"comment_status":"closed","ping_status":"closed","template":"","meta":{"_acf_changed":false,"inline_featured_image":false,"footnotes":""},"class_list":["post-6741","page","type-page","status-publish","has-post-thumbnail","hentry"],"acf":[],"_links":{"self":[{"href":"https:\/\/hempyroots.com\/es\/wp-json\/wp\/v2\/pages\/6741","targetHints":{"allow":["GET"]}}],"collection":[{"href":"https:\/\/hempyroots.com\/es\/wp-json\/wp\/v2\/pages"}],"about":[{"href":"https:\/\/hempyroots.com\/es\/wp-json\/wp\/v2\/types\/page"}],"author":[{"embeddable":true,"href":"https:\/\/hempyroots.com\/es\/wp-json\/wp\/v2\/users\/1"}],"replies":[{"embeddable":true,"href":"https:\/\/hempyroots.com\/es\/wp-json\/wp\/v2\/comments?post=6741"}],"version-history":[{"count":0,"href":"https:\/\/hempyroots.com\/es\/wp-json\/wp\/v2\/pages\/6741\/revisions"}],"wp:featuredmedia":[{"embeddable":true,"href":"https:\/\/hempyroots.com\/es\/wp-json\/wp\/v2\/media\/12149"}],"wp:attachment":[{"href":"https:\/\/hempyroots.com\/es\/wp-json\/wp\/v2\/media?parent=6741"}],"curies":[{"name":"wp","href":"https:\/\/api.w.org\/{rel}","templated":true}]}}