{"id":9182,"date":"2025-03-25T18:38:03","date_gmt":"2025-03-25T18:38:03","guid":{"rendered":"https:\/\/hempyroots.com\/as-nossas-lojas\/"},"modified":"2026-01-09T15:17:28","modified_gmt":"2026-01-09T15:17:28","slug":"nuestras-tiendas","status":"publish","type":"page","link":"https:\/\/hempyroots.com\/es\/nuestras-tiendas\/","title":{"rendered":"Nuestras tiendas"},"content":{"rendered":"\n<p>La historia de nuestra tienda de CBD comenz\u00f3 en 2022 con una sencilla misi\u00f3n: proporcionar bienestar y calidad de vida mediante productos naturales y eficaces a base de CBD.  <\/p>\n\n<p>A medida que crec\u00eda la demanda y se reconoc\u00eda la calidad de nuestros productos, surgi\u00f3 la idea de ampliar la marca y llevar el concepto a otras regiones. As\u00ed fue como, en el segundo a\u00f1o de funcionamiento, decidimos empezar a franquiciar. La acogida del mercado super\u00f3 las expectativas, y en poco tiempo ya ten\u00edamos cinco franquicias establecidas en distintas ciudades.  <\/p>\n\n<p>Cada nuevo punto de venta ha supuesto nuevos retos y lecciones aprendidas, pero tambi\u00e9n ha consolidado nuestra presencia como marca s\u00f3lida y fiable en el segmento de los productos de CBD.<\/p>\n\n<p>Hoy, con cinco franquicias en funcionamiento, seguimos centrados en ampliar nuestra red manteniendo nuestra autenticidad y compromiso con la salud y el bienestar de nuestros clientes.<\/p>\n\n<p>Aqu\u00ed te presentamos im\u00e1genes de nuestras tiendas, as\u00ed como informaci\u00f3n detallada sobre su ubicaci\u00f3n y datos de contacto. Todo para que tu experiencia de compra sea m\u00e1s f\u00e1cil y c\u00f3moda. Descubre nuestras tiendas de norte a sur de Portugal.  <\/p>\n\n<div style=\"height:100px\" aria-hidden=\"true\" class=\"wp-block-spacer\"><\/div>\n\n<div class=\"wp-block-columns alignwide is-layout-flex wp-container-core-columns-is-layout-28f84493 wp-block-columns-is-layout-flex\">\n<div class=\"wp-block-column is-layout-flow wp-block-column-is-layout-flow\">\n<div class=\"wp-block-cover has-custom-content-position is-position-bottom-center store-card wp-duotone-unset-2\" style=\"border-radius:10px;box-shadow:var(--wp--preset--shadow--natural)\"><span aria-hidden=\"true\" class=\"wp-block-cover__background has-color-4-background-color has-background-dim-40 has-background-dim\"><\/span><img decoding=\"async\" width=\"1536\" height=\"2048\" class=\"wp-block-cover__image-background wp-image-8976\" alt=\"\" src=\"https:\/\/hempyroots.com\/wp-content\/uploads\/2025\/03\/cbdporto.jpg\" data-object-fit=\"cover\" title=\"\" srcset=\"https:\/\/hempyroots.com\/wp-content\/uploads\/2025\/03\/cbdporto.jpg 1536w, https:\/\/hempyroots.com\/wp-content\/uploads\/2025\/03\/cbdporto-225x300.jpg 225w, https:\/\/hempyroots.com\/wp-content\/uploads\/2025\/03\/cbdporto-768x1024.jpg 768w, https:\/\/hempyroots.com\/wp-content\/uploads\/2025\/03\/cbdporto-1152x1536.jpg 1152w, https:\/\/hempyroots.com\/wp-content\/uploads\/2025\/03\/cbdporto-1200x1600.jpg 1200w, https:\/\/hempyroots.com\/wp-content\/uploads\/2025\/03\/cbdporto-150x200.jpg 150w\" sizes=\"(max-width: 1536px) 100vw, 1536px\" \/><div class=\"wp-block-cover__inner-container is-layout-constrained wp-block-cover-is-layout-constrained\">\n<p class=\"has-text-align-left has-color-1-color has-text-color has-link-color has-large-font-size wp-elements-f205f521f997611233b4f4cb0694954a\">HempyRoots Oporto<\/p>\n\n\n\n<p class=\"has-text-align-left\" style=\"margin-right:0;margin-left:0;font-size:0.9rem\">\ud83d\udcde <a href=\"tel:+351910786776\" data-type=\"tel\" data-id=\"tel:+351910786776\">+351 910 786 776<\/a><br\/>\u2709\ufe0f <a href=\"mailto:info@hempyroots.com\">info@hempyroots.com<\/a><\/p>\n\n\n\n<div class=\"wp-block-buttons is-content-justification-center is-layout-flex wp-container-core-buttons-is-layout-098cc607 wp-block-buttons-is-layout-flex\">\n<div class=\"wp-block-button has-custom-width wp-block-button__width-50 has-custom-font-size is-style-outline has-small-font-size is-style-outline--1\"><a class=\"wp-block-button__link has-text-align-center wp-element-button\" href=\"https:\/\/maps.app.goo.gl\/fse6ZJc9FkniCNty5\" style=\"padding-right:0;padding-left:0\" target=\"_blank\" rel=\"noopener\">MAPA<\/a><\/div>\n<\/div>\n<\/div><\/div>\n\n\n\n<div class=\"wp-block-cover has-custom-content-position is-position-bottom-center store-card wp-duotone-unset-4\" style=\"border-radius:10px;box-shadow:var(--wp--preset--shadow--natural)\"><span aria-hidden=\"true\" class=\"wp-block-cover__background has-color-4-background-color has-background-dim-40 has-background-dim\"><\/span><img decoding=\"async\" width=\"2000\" height=\"1500\" class=\"wp-block-cover__image-background wp-image-9022\" alt=\"\" src=\"https:\/\/hempyroots.com\/wp-content\/uploads\/2025\/03\/cbdfamalicao.jpg\" style=\"object-position:100% 51%\" data-object-fit=\"cover\" data-object-position=\"100% 51%\" title=\"\" srcset=\"https:\/\/hempyroots.com\/wp-content\/uploads\/2025\/03\/cbdfamalicao.jpg 2000w, https:\/\/hempyroots.com\/wp-content\/uploads\/2025\/03\/cbdfamalicao-300x225.jpg 300w, https:\/\/hempyroots.com\/wp-content\/uploads\/2025\/03\/cbdfamalicao-1024x768.jpg 1024w, https:\/\/hempyroots.com\/wp-content\/uploads\/2025\/03\/cbdfamalicao-768x576.jpg 768w, https:\/\/hempyroots.com\/wp-content\/uploads\/2025\/03\/cbdfamalicao-1536x1152.jpg 1536w, https:\/\/hempyroots.com\/wp-content\/uploads\/2025\/03\/cbdfamalicao-1200x900.jpg 1200w, https:\/\/hempyroots.com\/wp-content\/uploads\/2025\/03\/cbdfamalicao-150x113.jpg 150w\" sizes=\"(max-width: 2000px) 100vw, 2000px\" \/><div class=\"wp-block-cover__inner-container is-layout-constrained wp-block-cover-is-layout-constrained\">\n<p class=\"has-text-align-left has-color-1-color has-text-color has-link-color has-large-font-size wp-elements-7743cbd651a10b8bb08496dff5e04e75\">HempyRoots Famalic\u00e3o<\/p>\n\n\n\n<p class=\"has-text-align-left\" style=\"margin-right:0;margin-left:0;font-size:0.9rem\"><a href=\"http:\/\/+351937764184\">\ud83d\udcde<\/a><a href=\"tel:+351937764184\" data-type=\"tel\" data-id=\"tel:+351937764184\"> <\/a><a href=\"tel:+351912130878\" data-type=\"tel\" data-id=\"tel:+351912130878\">+351 912 130 878<\/a><br\/>\u2709\ufe0f <a href=\"mailto:loja@hempyrootsfamalicao.pt\" data-type=\"mailto\" data-id=\"mailto:loja@hempyrootsfamalicao.pt\">loja@hempyrootsfamalicao.pt<\/a><\/p>\n\n\n\n<div class=\"wp-block-buttons is-content-justification-center is-layout-flex wp-container-core-buttons-is-layout-098cc607 wp-block-buttons-is-layout-flex\">\n<div class=\"wp-block-button has-custom-width wp-block-button__width-50 has-custom-font-size is-style-outline has-small-font-size is-style-outline--3\"><a class=\"wp-block-button__link has-text-align-center wp-element-button\" href=\"https:\/\/maps.app.goo.gl\/8wTfazG5WriNuygc9\" style=\"padding-right:0;padding-left:0\" target=\"_blank\" rel=\"noopener\">MAPA<\/a><\/div>\n<\/div>\n<\/div><\/div>\n<\/div>\n\n\n\n<div class=\"wp-block-column is-layout-flow wp-block-column-is-layout-flow\">\n<div class=\"wp-block-cover has-custom-content-position is-position-bottom-center store-card wp-duotone-unset-6\" style=\"border-radius:10px;box-shadow:var(--wp--preset--shadow--natural)\"><span aria-hidden=\"true\" class=\"wp-block-cover__background has-color-4-background-color has-background-dim-40 has-background-dim\"><\/span><img decoding=\"async\" width=\"1441\" height=\"2560\" class=\"wp-block-cover__image-background wp-image-9001\" alt=\"\" src=\"https:\/\/hempyroots.com\/wp-content\/uploads\/2025\/03\/cdblisboa2-scaled.jpg\" data-object-fit=\"cover\" title=\"\" srcset=\"https:\/\/hempyroots.com\/wp-content\/uploads\/2025\/03\/cdblisboa2-scaled.jpg 1441w, https:\/\/hempyroots.com\/wp-content\/uploads\/2025\/03\/cdblisboa2-169x300.jpg 169w, https:\/\/hempyroots.com\/wp-content\/uploads\/2025\/03\/cdblisboa2-577x1024.jpg 577w, https:\/\/hempyroots.com\/wp-content\/uploads\/2025\/03\/cdblisboa2-768x1364.jpg 768w, https:\/\/hempyroots.com\/wp-content\/uploads\/2025\/03\/cdblisboa2-865x1536.jpg 865w, https:\/\/hempyroots.com\/wp-content\/uploads\/2025\/03\/cdblisboa2-1153x2048.jpg 1153w, https:\/\/hempyroots.com\/wp-content\/uploads\/2025\/03\/cdblisboa2-1200x2131.jpg 1200w, https:\/\/hempyroots.com\/wp-content\/uploads\/2025\/03\/cdblisboa2-150x266.jpg 150w\" sizes=\"(max-width: 1441px) 100vw, 1441px\" \/><div class=\"wp-block-cover__inner-container is-layout-constrained wp-block-cover-is-layout-constrained\">\n<p class=\"has-text-align-left has-color-1-color has-text-color has-link-color has-large-font-size wp-elements-8e1a961fb62dcd79f31bd211c805894f\">HempyRoots Lisboa<\/p>\n\n\n\n<p class=\"has-text-align-left\" style=\"margin-right:0;margin-left:0;font-size:0.9rem\"><a href=\"http:\/\/+351937764184\">\ud83d\udcde<\/a><a href=\"tel:+351937764184\" data-type=\"tel\" data-id=\"tel:+351937764184\"> +351 937 764 184<\/a><br\/>\u2709\ufe0f <a href=\"mailto:hempyrootslisboa@gmail.com\" data-type=\"mailto\" data-id=\"mailto:hempyrootslisboa@gmail.com\">hempyrootslisboa@gmail.com<\/a><\/p>\n\n\n\n<div class=\"wp-block-buttons is-content-justification-center is-layout-flex wp-container-core-buttons-is-layout-098cc607 wp-block-buttons-is-layout-flex\">\n<div class=\"wp-block-button has-custom-width wp-block-button__width-50 has-custom-font-size is-style-outline has-small-font-size is-style-outline--5\"><a class=\"wp-block-button__link has-text-align-center wp-element-button\" href=\"https:\/\/maps.app.goo.gl\/sV5zDrf3rcckPZvD9\" style=\"padding-right:0;padding-left:0\" target=\"_blank\" rel=\"noopener\">MAPA<\/a><\/div>\n<\/div>\n<\/div><\/div>\n\n\n\n<div class=\"wp-block-cover has-custom-content-position is-position-bottom-center store-card wp-duotone-unset-8\" style=\"border-radius:10px;box-shadow:var(--wp--preset--shadow--natural)\"><span aria-hidden=\"true\" class=\"wp-block-cover__background has-color-4-background-color has-background-dim-40 has-background-dim\"><\/span><img decoding=\"async\" width=\"680\" height=\"383\" class=\"wp-block-cover__image-background wp-image-9009\" alt=\"\" src=\"https:\/\/hempyroots.com\/wp-content\/uploads\/2025\/03\/cbdsintra.jpg\" data-object-fit=\"cover\" title=\"\" srcset=\"https:\/\/hempyroots.com\/wp-content\/uploads\/2025\/03\/cbdsintra.jpg 680w, https:\/\/hempyroots.com\/wp-content\/uploads\/2025\/03\/cbdsintra-300x169.jpg 300w, https:\/\/hempyroots.com\/wp-content\/uploads\/2025\/03\/cbdsintra-150x84.jpg 150w\" sizes=\"(max-width: 680px) 100vw, 680px\" \/><div class=\"wp-block-cover__inner-container is-layout-constrained wp-block-cover-is-layout-constrained\">\n<p class=\"has-text-align-left has-color-1-color has-text-color has-link-color has-large-font-size wp-elements-0582eac3671985d282360ecf6de893bd\">HempyRoots Sintra<\/p>\n\n\n\n<p class=\"has-text-align-left\" style=\"margin-right:0;margin-left:0;font-size:0.9rem\"><a href=\"http:\/\/+351937764184\">\ud83d\udcde<\/a><a href=\"tel:+351937764184\" data-type=\"tel\" data-id=\"tel:+351937764184\"> <\/a><a href=\"tel:+351937067435\" data-type=\"tel\" data-id=\"tel:+351937067435\">+351 937 067 435<\/a><br\/>\u2709\ufe0f <a href=\"mailto:hempyrootssintra@gmail.com\" data-type=\"mailto\" data-id=\"mailto:hempyrootssintra@gmail.com\">hempyrootssintra@gmail.com<\/a><\/p>\n\n\n\n<div class=\"wp-block-buttons is-content-justification-center is-layout-flex wp-container-core-buttons-is-layout-098cc607 wp-block-buttons-is-layout-flex\">\n<div class=\"wp-block-button has-custom-width wp-block-button__width-50 has-custom-font-size is-style-outline has-small-font-size is-style-outline--7\"><a class=\"wp-block-button__link has-text-align-center wp-element-button\" href=\"https:\/\/maps.app.goo.gl\/8GTTJ8WbUpVcesgs5\" style=\"padding-right:0;padding-left:0\" target=\"_blank\" rel=\"noopener\">MAPA<\/a><\/div>\n<\/div>\n<\/div><\/div>\n<\/div>\n\n\n\n<div class=\"wp-block-column is-layout-flow wp-block-column-is-layout-flow\">\n<div class=\"wp-block-cover has-custom-content-position is-position-bottom-center store-card wp-duotone-unset-10\" style=\"border-radius:10px;box-shadow:var(--wp--preset--shadow--natural)\"><span aria-hidden=\"true\" class=\"wp-block-cover__background has-color-4-background-color has-background-dim-40 has-background-dim\"><\/span><img decoding=\"async\" width=\"2000\" height=\"1500\" class=\"wp-block-cover__image-background wp-image-9013\" alt=\"\" src=\"https:\/\/hempyroots.com\/wp-content\/uploads\/2025\/03\/cbdboavista.jpg\" style=\"object-position:42% 52%\" data-object-fit=\"cover\" data-object-position=\"42% 52%\" title=\"\" srcset=\"https:\/\/hempyroots.com\/wp-content\/uploads\/2025\/03\/cbdboavista.jpg 2000w, https:\/\/hempyroots.com\/wp-content\/uploads\/2025\/03\/cbdboavista-300x225.jpg 300w, https:\/\/hempyroots.com\/wp-content\/uploads\/2025\/03\/cbdboavista-1024x768.jpg 1024w, https:\/\/hempyroots.com\/wp-content\/uploads\/2025\/03\/cbdboavista-768x576.jpg 768w, https:\/\/hempyroots.com\/wp-content\/uploads\/2025\/03\/cbdboavista-1536x1152.jpg 1536w, https:\/\/hempyroots.com\/wp-content\/uploads\/2025\/03\/cbdboavista-1200x900.jpg 1200w, https:\/\/hempyroots.com\/wp-content\/uploads\/2025\/03\/cbdboavista-150x113.jpg 150w\" sizes=\"(max-width: 2000px) 100vw, 2000px\" \/><div class=\"wp-block-cover__inner-container is-layout-constrained wp-block-cover-is-layout-constrained\">\n<p class=\"has-text-align-left has-color-1-color has-text-color has-link-color has-large-font-size wp-elements-2e4f82af520a106e74242873bceac000\">HempyRoots Boavista<\/p>\n\n\n\n<p class=\"has-text-align-left\" style=\"margin-right:0;margin-left:0;font-size:0.9rem\">\ud83d\udcde <a href=\"http:\/\/+351935164306\">+351 935 164 306<\/a><br\/>\u2709\ufe0f <a href=\"mailto:geral@hempyrootsporto.pt\" data-type=\"mailto\" data-id=\"mailto:geral@hempyrootsporto.pt\">geral@hempyrootsporto.pt<\/a><\/p>\n\n\n\n<div class=\"wp-block-buttons is-content-justification-center is-layout-flex wp-container-core-buttons-is-layout-098cc607 wp-block-buttons-is-layout-flex\">\n<div class=\"wp-block-button has-custom-width wp-block-button__width-50 has-custom-font-size is-style-outline has-small-font-size is-style-outline--9\"><a class=\"wp-block-button__link has-text-align-center wp-element-button\" href=\"https:\/\/maps.app.goo.gl\/51jbu3XpJPx7DL9F6\" style=\"padding-right:0;padding-left:0\" target=\"_blank\" rel=\"noopener\">MAPA<\/a><\/div>\n<\/div>\n<\/div><\/div>\n\n\n\n<div class=\"wp-block-cover\" style=\"border-radius:10px;box-shadow:var(--wp--preset--shadow--natural)\"><span aria-hidden=\"true\" class=\"wp-block-cover__background has-color-2-background-color has-background-dim-100 has-background-dim\"><\/span><div class=\"wp-block-cover__inner-container is-layout-constrained wp-block-cover-is-layout-constrained\">\n<p class=\"has-text-align-center has-color-1-color has-text-color has-link-color has-large-font-size wp-elements-7f2f432b5892841cc1bb20b8c7d113c3\"><a href=\"https:\/\/hempyroots.com\/es\/como-abrir-una-tienda-de-cbd-en-portugal\/\" data-type=\"page\" data-id=\"2499\">ESTAMOS ESPERANDO EL SIGUIENTE<\/a><\/p>\n<\/div><\/div>\n<\/div>\n<\/div>\n\n<p><\/p>\n","protected":false},"excerpt":{"rendered":"<p>La historia de nuestra tienda de CBD comenz\u00f3 en 2022 con una sencilla misi\u00f3n: proporcionar bienestar y calidad de vida mediante productos naturales y eficaces a base de CBD. A medida que crec\u00eda la demanda y se reconoc\u00eda la calidad de nuestros productos, surgi\u00f3 la idea de ampliar la marca y llevar el concepto a &#8230;<\/p>\n","protected":false},"author":1,"featured_media":0,"parent":0,"menu_order":0,"comment_status":"closed","ping_status":"closed","template":"","meta":{"_acf_changed":false,"inline_featured_image":false,"footnotes":""},"class_list":["post-9182","page","type-page","status-publish","hentry"],"acf":[],"_links":{"self":[{"href":"https:\/\/hempyroots.com\/es\/wp-json\/wp\/v2\/pages\/9182","targetHints":{"allow":["GET"]}}],"collection":[{"href":"https:\/\/hempyroots.com\/es\/wp-json\/wp\/v2\/pages"}],"about":[{"href":"https:\/\/hempyroots.com\/es\/wp-json\/wp\/v2\/types\/page"}],"author":[{"embeddable":true,"href":"https:\/\/hempyroots.com\/es\/wp-json\/wp\/v2\/users\/1"}],"replies":[{"embeddable":true,"href":"https:\/\/hempyroots.com\/es\/wp-json\/wp\/v2\/comments?post=9182"}],"version-history":[{"count":2,"href":"https:\/\/hempyroots.com\/es\/wp-json\/wp\/v2\/pages\/9182\/revisions"}],"predecessor-version":[{"id":13231,"href":"https:\/\/hempyroots.com\/es\/wp-json\/wp\/v2\/pages\/9182\/revisions\/13231"}],"wp:attachment":[{"href":"https:\/\/hempyroots.com\/es\/wp-json\/wp\/v2\/media?parent=9182"}],"curies":[{"name":"wp","href":"https:\/\/api.w.org\/{rel}","templated":true}]}}