{"id":10679,"date":"2025-06-25T14:11:28","date_gmt":"2025-06-25T14:11:28","guid":{"rendered":"https:\/\/hempyroots.com\/?post_type=product&#038;p=10679"},"modified":"2025-08-06T11:15:19","modified_gmt":"2025-08-06T11:15:19","slug":"oleo-de-animais-10-hempy-roots","status":"publish","type":"product","link":"https:\/\/hempyroots.com\/es\/producto\/oleo-de-animais-10-hempy-roots\/","title":{"rendered":"\u00d3leo de Animais 10% &#8211; Hempy Roots"},"content":{"rendered":"","protected":false},"excerpt":{"rendered":"<div class=\"woocommerce-product-details__short-description\">\n<p>\u00d3leo Cannabidiol\u00a0 de Animais CBD 10% de Espectro Completo.<\/p>\n<p><strong>Concentra\u00e7\u00e3o CBD:<\/strong> 10% (1000mg)<\/p>\n<p><strong>Marca:<\/strong>\u00a0HempyRoots<\/p>\n<p>Produto extra\u00eddo a partir de Cannabis Sativa L e sem nenhum conservante ou agente qu\u00edmico. Este produto n\u00e3o utiliza nenhum ingrediente qu\u00edmico ou sint\u00e9tico para sua fabrica\u00e7\u00e3o.<\/p>\n<\/div>\n<form class=\"cart\" action=\"https:\/\/hempyroots.com\/produto\/oleo-30-cbd-hempyroots\/\" enctype=\"multipart\/form-data\" method=\"post\">\n<div class=\"quantity\"><\/div>\n<\/form>\n","protected":false},"featured_media":10680,"comment_status":"open","ping_status":"closed","template":"","meta":{"_acf_changed":false,"inline_featured_image":false},"product_brand":[],"product_cat":[53,25],"product_tag":[],"class_list":{"0":"post-10679","1":"product","2":"type-product","3":"status-publish","4":"has-post-thumbnail","6":"product_cat-animais","7":"product_cat-oleos-de-cbd","9":"first","10":"instock","11":"taxable","12":"shipping-taxable","13":"purchasable","14":"product-type-simple"},"acf":[],"_links":{"self":[{"href":"https:\/\/hempyroots.com\/es\/wp-json\/wp\/v2\/product\/10679","targetHints":{"allow":["GET"]}}],"collection":[{"href":"https:\/\/hempyroots.com\/es\/wp-json\/wp\/v2\/product"}],"about":[{"href":"https:\/\/hempyroots.com\/es\/wp-json\/wp\/v2\/types\/product"}],"replies":[{"embeddable":true,"href":"https:\/\/hempyroots.com\/es\/wp-json\/wp\/v2\/comments?post=10679"}],"wp:featuredmedia":[{"embeddable":true,"href":"https:\/\/hempyroots.com\/es\/wp-json\/wp\/v2\/media\/10680"}],"wp:attachment":[{"href":"https:\/\/hempyroots.com\/es\/wp-json\/wp\/v2\/media?parent=10679"}],"wp:term":[{"taxonomy":"product_brand","embeddable":true,"href":"https:\/\/hempyroots.com\/es\/wp-json\/wp\/v2\/product_brand?post=10679"},{"taxonomy":"product_cat","embeddable":true,"href":"https:\/\/hempyroots.com\/es\/wp-json\/wp\/v2\/product_cat?post=10679"},{"taxonomy":"product_tag","embeddable":true,"href":"https:\/\/hempyroots.com\/es\/wp-json\/wp\/v2\/product_tag?post=10679"}],"curies":[{"name":"wp","href":"https:\/\/api.w.org\/{rel}","templated":true}]}}