{"id":5080,"date":"2023-08-30T16:08:20","date_gmt":"2023-08-30T16:08:20","guid":{"rendered":"https:\/\/hempyroots.com\/produto\/aceite-de-cbd-y-melatonina-cbnight-30ml\/"},"modified":"2023-08-30T16:08:20","modified_gmt":"2023-08-30T16:08:20","slug":"aceite-de-cbd-y-melatonina-cbnight-30ml","status":"publish","type":"product","link":"https:\/\/hempyroots.com\/es\/producto\/aceite-de-cbd-y-melatonina-cbnight-30ml\/","title":{"rendered":"Aceite de CBD y Melatonina CBNight 30ml."},"content":{"rendered":"<p>El efecto conjunto del CBD y el CBN se ve potenciado por el alto porcentaje de cannabinoides de esta f\u00f3rmula, que se complementa con la melatonina, tambi\u00e9n conocida como la \u00abhormona del sue\u00f1o\u00bb por su funci\u00f3n reguladora.<\/p>\n<p>500mg de extracto de c\u00e1\u00f1amo org\u00e1nico, 9mg de melatonina<\/p>\n<p>Ingredientes: caprilica, trigleceridia caprica, extracto de hoja de cannabis sativa, melatonina, aceite de coco<\/p>\n<p>Una gota contiene: 1ml contiene 16,65 mg de extracto de c\u00e1\u00f1amo , 0,3mg de melatonina<\/p>\n<p>&nbsp;<\/p>\n","protected":false},"excerpt":{"rendered":"<p>El efecto conjunto del CBD y el CBN se ve potenciado por el alto porcentaje de cannabinoides de esta f\u00f3rmula, que se complementa con la melatonina, tambi\u00e9n conocida como la \u00abhormona del sue\u00f1o\u00bb por su funci\u00f3n reguladora.<\/p>\n","protected":false},"featured_media":4788,"comment_status":"open","ping_status":"closed","template":"","meta":{"_acf_changed":false,"inline_featured_image":false},"product_brand":[],"product_cat":[206],"product_tag":[],"class_list":{"0":"post-5080","1":"product","2":"type-product","3":"status-publish","4":"has-post-thumbnail","6":"product_cat-aceites-de-cbd","8":"first","9":"instock","10":"taxable","11":"shipping-taxable","12":"purchasable","13":"product-type-simple"},"acf":[],"_links":{"self":[{"href":"https:\/\/hempyroots.com\/es\/wp-json\/wp\/v2\/product\/5080","targetHints":{"allow":["GET"]}}],"collection":[{"href":"https:\/\/hempyroots.com\/es\/wp-json\/wp\/v2\/product"}],"about":[{"href":"https:\/\/hempyroots.com\/es\/wp-json\/wp\/v2\/types\/product"}],"replies":[{"embeddable":true,"href":"https:\/\/hempyroots.com\/es\/wp-json\/wp\/v2\/comments?post=5080"}],"wp:featuredmedia":[{"embeddable":true,"href":"https:\/\/hempyroots.com\/es\/wp-json\/wp\/v2\/media\/4788"}],"wp:attachment":[{"href":"https:\/\/hempyroots.com\/es\/wp-json\/wp\/v2\/media?parent=5080"}],"wp:term":[{"taxonomy":"product_brand","embeddable":true,"href":"https:\/\/hempyroots.com\/es\/wp-json\/wp\/v2\/product_brand?post=5080"},{"taxonomy":"product_cat","embeddable":true,"href":"https:\/\/hempyroots.com\/es\/wp-json\/wp\/v2\/product_cat?post=5080"},{"taxonomy":"product_tag","embeddable":true,"href":"https:\/\/hempyroots.com\/es\/wp-json\/wp\/v2\/product_tag?post=5080"}],"curies":[{"name":"wp","href":"https:\/\/api.w.org\/{rel}","templated":true}]}}