{"id":5089,"date":"2023-10-12T16:21:22","date_gmt":"2023-10-12T16:21:22","guid":{"rendered":"https:\/\/hempyroots.com\/produto\/aceite-de-cbd-al-30-hempyroots\/"},"modified":"2023-10-12T16:21:22","modified_gmt":"2023-10-12T16:21:22","slug":"aceite-de-cbd-al-30-hempyroots","status":"publish","type":"product","link":"https:\/\/hempyroots.com\/es\/producto\/aceite-de-cbd-al-30-hempyroots\/","title":{"rendered":"Aceite de CBD al 30% &#8211; HempyRoots"},"content":{"rendered":"","protected":false},"excerpt":{"rendered":"<p>Aceite de Cannabidiol CBD 30% Full Spectrum.<\/p>\n<p><strong>Concentraci\u00f3n de CBD:<\/strong> 30% (3000mg)<\/p>\n<p><strong>Marca:<\/strong> HempyRoots<\/p>\n<p>Producto extra\u00eddo de Cannabis Sativa L y sin conservantes ni agentes qu\u00edmicos. Este producto no utiliza ning\u00fan ingrediente qu\u00edmico o sint\u00e9tico en su fabricaci\u00f3n.<\/p>\n","protected":false},"featured_media":4842,"comment_status":"open","ping_status":"closed","template":"","meta":{"_acf_changed":false,"inline_featured_image":false},"product_brand":[],"product_cat":[206],"product_tag":[],"class_list":{"0":"post-5089","1":"product","2":"type-product","3":"status-publish","4":"has-post-thumbnail","6":"product_cat-aceites-de-cbd","8":"first","9":"instock","10":"taxable","11":"shipping-taxable","12":"purchasable","13":"product-type-simple"},"acf":[],"_links":{"self":[{"href":"https:\/\/hempyroots.com\/es\/wp-json\/wp\/v2\/product\/5089","targetHints":{"allow":["GET"]}}],"collection":[{"href":"https:\/\/hempyroots.com\/es\/wp-json\/wp\/v2\/product"}],"about":[{"href":"https:\/\/hempyroots.com\/es\/wp-json\/wp\/v2\/types\/product"}],"replies":[{"embeddable":true,"href":"https:\/\/hempyroots.com\/es\/wp-json\/wp\/v2\/comments?post=5089"}],"wp:featuredmedia":[{"embeddable":true,"href":"https:\/\/hempyroots.com\/es\/wp-json\/wp\/v2\/media\/4842"}],"wp:attachment":[{"href":"https:\/\/hempyroots.com\/es\/wp-json\/wp\/v2\/media?parent=5089"}],"wp:term":[{"taxonomy":"product_brand","embeddable":true,"href":"https:\/\/hempyroots.com\/es\/wp-json\/wp\/v2\/product_brand?post=5089"},{"taxonomy":"product_cat","embeddable":true,"href":"https:\/\/hempyroots.com\/es\/wp-json\/wp\/v2\/product_cat?post=5089"},{"taxonomy":"product_tag","embeddable":true,"href":"https:\/\/hempyroots.com\/es\/wp-json\/wp\/v2\/product_tag?post=5089"}],"curies":[{"name":"wp","href":"https:\/\/api.w.org\/{rel}","templated":true}]}}