{"id":5139,"date":"2022-10-20T13:07:28","date_gmt":"2022-10-20T13:07:28","guid":{"rendered":"https:\/\/hempyroots.com\/produto\/aceite-de-cbd-15-full-spectrum-enecta\/"},"modified":"2024-03-01T12:05:37","modified_gmt":"2024-03-01T12:05:37","slug":"aceite-de-cbd-15-full-spectrum-enecta","status":"publish","type":"product","link":"https:\/\/hempyroots.com\/es\/producto\/aceite-de-cbd-15-full-spectrum-enecta\/","title":{"rendered":"Aceite de CBD 15% Full Spectrum &#8211; Enecta"},"content":{"rendered":"<h2 class=\"p1\"><strong>CBDay Plus 15%: cu\u00e1nto tomar<br \/>\n<\/strong><\/h2>\n<p class=\"p1\">La dosis de CBD es muy personal. Para los principiantes, es importante empezar poco a poco con un m\u00e1ximo de 5 gotas al d\u00eda e ir aumentando hasta conseguir el efecto deseado. El CBD y otros principios activos presentes en el aceite son seguros y pueden tomarse sin temor a efectos secundarios desagradables.<\/p>\n<p class=\"p1\">Sin embargo, es importante no excederse y controlar los efectos del CBD sobre su estado ansioso para modular la cantidad diaria correcta.<\/p>\n<h3 class=\"p1\"><strong>CBDay Plus 15% ansiol\u00edtico natural: qu\u00e9 contiene<br \/>\n<\/strong><\/h3>\n<p>Se trata de un aceite de CBD de espectro completo, por lo que adem\u00e1s de CBD (cannabidiol), que es el principal cannabinoide de este remedio natural, encontrar\u00e1s<\/p>\n<ul>\n<li><strong>CBC (cannabicromeno):<\/strong> contribuye a mejorar significativamente el estado de \u00e1nimo y tiene una capacidad neuroprotectora que aumenta la vitalidad celular y ayuda a prevenir la degeneraci\u00f3n neuronal.<\/li>\n<li><strong>CBG (cannabigerol)<\/strong>: El CBG puede inhibir la absorci\u00f3n de una sustancia llamada GABA. Adem\u00e1s, gracias a sus propiedades antibacterianas y antiinflamatorias, puede ser \u00fatil en el tratamiento del dolor cr\u00f3nico y neurop\u00e1tico, que pueden ser causas y comorbilidades de la ansiedad.<\/li>\n<li><strong>CBN<\/strong> <strong>(Cannabinol):<\/strong> El cannabinol es un relajante natural utilizado principalmente para combatir los trastornos del sue\u00f1o. Aunque su estructura molecular es muy similar a la del THC, no tiene efectos psicotr\u00f3picos. Todos los cannabinoides en CBDay Plus 15% no causan efectos psicotr\u00f3picos y trabajan sin\u00e9rgicamente para reforzarse mutuamente.<\/li>\n<\/ul>\n<p>El contenido de THC es inferior al 0,2%, como exigen los l\u00edmites legales. Adem\u00e1s de <strong>cannabinoides<\/strong>, este aceite de espectro completo contiene una cuidadosa selecci\u00f3n de <strong>terpenos.<\/strong><\/p>\n","protected":false},"excerpt":{"rendered":"<p>CBDay Plus 15% es un aceite de CBD de espectro completo dise\u00f1ado para mantener la ansiedad bajo control, promover la relajaci\u00f3n y actuar como apoyo natural en caso de ataques de p\u00e1nico.<\/p>\n<ul>\n<li>Es un potente ansiol\u00edtico natural que contiene el porcentaje ideal de CBD para tratar los principales estados de ansiedad de forma natural, sin los efectos secundarios t\u00edpicos de los ansiol\u00edticos.<\/li>\n<li>Como todos nuestros productos, se somete a pruebas en laboratorios de terceros para garantizar la seguridad, transparencia y fiabilidad a los consumidores.<\/li>\n<\/ul>\n<p>&nbsp;<\/p>\n","protected":false},"featured_media":10663,"comment_status":"open","ping_status":"closed","template":"","meta":{"_acf_changed":false,"inline_featured_image":false},"product_brand":[],"product_cat":[206],"product_tag":[],"class_list":{"0":"post-5139","1":"product","2":"type-product","3":"status-publish","4":"has-post-thumbnail","6":"product_cat-aceites-de-cbd","8":"first","9":"instock","10":"taxable","11":"shipping-taxable","12":"purchasable","13":"product-type-simple"},"acf":[],"_links":{"self":[{"href":"https:\/\/hempyroots.com\/es\/wp-json\/wp\/v2\/product\/5139","targetHints":{"allow":["GET"]}}],"collection":[{"href":"https:\/\/hempyroots.com\/es\/wp-json\/wp\/v2\/product"}],"about":[{"href":"https:\/\/hempyroots.com\/es\/wp-json\/wp\/v2\/types\/product"}],"replies":[{"embeddable":true,"href":"https:\/\/hempyroots.com\/es\/wp-json\/wp\/v2\/comments?post=5139"}],"wp:featuredmedia":[{"embeddable":true,"href":"https:\/\/hempyroots.com\/es\/wp-json\/wp\/v2\/media\/10663"}],"wp:attachment":[{"href":"https:\/\/hempyroots.com\/es\/wp-json\/wp\/v2\/media?parent=5139"}],"wp:term":[{"taxonomy":"product_brand","embeddable":true,"href":"https:\/\/hempyroots.com\/es\/wp-json\/wp\/v2\/product_brand?post=5139"},{"taxonomy":"product_cat","embeddable":true,"href":"https:\/\/hempyroots.com\/es\/wp-json\/wp\/v2\/product_cat?post=5139"},{"taxonomy":"product_tag","embeddable":true,"href":"https:\/\/hempyroots.com\/es\/wp-json\/wp\/v2\/product_tag?post=5139"}],"curies":[{"name":"wp","href":"https:\/\/api.w.org\/{rel}","templated":true}]}}