{"id":5142,"date":"2022-06-18T16:17:39","date_gmt":"2022-06-18T16:17:39","guid":{"rendered":"https:\/\/hempyroots.com\/produto\/cbd-gel-limpiador-facial-200-mg-200-ml-enecta\/"},"modified":"2024-03-01T11:05:31","modified_gmt":"2024-03-01T11:05:31","slug":"cbd-gel-limpiador-facial-200-mg-200-ml-enecta","status":"publish","type":"product","link":"https:\/\/hempyroots.com\/es\/producto\/cbd-gel-limpiador-facial-200-mg-200-ml-enecta\/","title":{"rendered":"CBD GEL LIMPIADOR FACIAL 200 MG &#8211; 200 ML &#8211; ENECTA"},"content":{"rendered":"<h2 class=\"single-post-title product_title entry-title\">CBD Gel Limpiador Facial 200 MG &#8211; 200 ML &#8211; ENECTA<\/h2>\n<p>El Gel Limpiador Facial CBD de ENECTA limpia suavemente todo tipo de pieles, incluso las m\u00e1s sensibles o propensas al acn\u00e9, gracias a la presencia de CBD, y est\u00e1 enriquecido con aceite de semillas de c\u00e1\u00f1amo prensado en fr\u00edo que, adem\u00e1s de hidratar, act\u00faa como seborregulador (grasa).<\/p>\n<p>Protege y respeta el pH de la piel.<\/p>\n<p>Aloe: calmante, mineralizante, hidratante<\/p>\n<p>Hamamelis: astringente, vasoprotector, purificante<\/p>\n<p>Salvia: bacteriost\u00e1tico, seborregulador, reequilibrante epid\u00e9rmico<\/p>\n<p>Vitamina E natural: una mezcla de tocoferoles antioxidantes derivados del aceite de girasol, rico en escualeno natural<\/p>\n<p>Productos de limpieza a base de plantas que respetan la piel sin alterar el pH fisiol\u00f3gico.<\/p>\n<p>&nbsp;<\/p>\n<h5>Ingredientes<\/h5>\n<p>&nbsp;<\/p>\n<p>Aqua [Water], Acrylates copolymer, Sorbitol, Betaine, Glycerin, Sodium cocoyl glycinate, Triethanolamine, Prunus amygdalus dulcis (Sweet almond) oil, Sodium PCA, Cannabis sativa seed oil, Aloe barbadensis leaf juice, Salvia officinalis (Sage) leaf extract, Hamamelis virginiana (Witch hazel) leaf extract, Cannabidiol, Coco-betaine, 1,2-Hexanediol, Caprylyl glycol, Tocopherol, Parfum [Fragrance], Tetrasodium glutamate diacetate, Citric acid, Benzyl salicylate, Linalool, Helianthus annuus (Sunflower) seed oil, Hexyl cinnamal, Tropolone, Sodium benzoate, Alpha-isomethyl ionone, Potassium sorbate, Squalene*, Beta-sitosterol. *de aceite de girasol<\/p>\n<h5>C\u00f3mo utilizarlo<\/h5>\n<p>Aplicar una peque\u00f1a cantidad del limpiador facial sobre la piel del rostro previamente humedecida, emulsion\u00e1ndolo con ligeros masajes circulares. Al final, aclarar abundantemente con agua caliente. No se han descrito.<\/p>\n","protected":false},"excerpt":{"rendered":"<h2 class=\"single-post-title product_title entry-title\">Limpia suavemente todo tipo de pieles, incluso las m\u00e1s sensibles.<\/h2>\n","protected":false},"featured_media":8533,"comment_status":"open","ping_status":"closed","template":"","meta":{"_acf_changed":false,"inline_featured_image":false},"product_brand":[],"product_cat":[205,204],"product_tag":[],"class_list":{"0":"post-5142","1":"product","2":"type-product","3":"status-publish","4":"has-post-thumbnail","6":"product_cat-cbd-es","7":"product_cat-cosmeticos-cbd-es","9":"first","10":"instock","11":"taxable","12":"shipping-taxable","13":"purchasable","14":"product-type-simple"},"acf":[],"_links":{"self":[{"href":"https:\/\/hempyroots.com\/es\/wp-json\/wp\/v2\/product\/5142","targetHints":{"allow":["GET"]}}],"collection":[{"href":"https:\/\/hempyroots.com\/es\/wp-json\/wp\/v2\/product"}],"about":[{"href":"https:\/\/hempyroots.com\/es\/wp-json\/wp\/v2\/types\/product"}],"replies":[{"embeddable":true,"href":"https:\/\/hempyroots.com\/es\/wp-json\/wp\/v2\/comments?post=5142"}],"wp:featuredmedia":[{"embeddable":true,"href":"https:\/\/hempyroots.com\/es\/wp-json\/wp\/v2\/media\/8533"}],"wp:attachment":[{"href":"https:\/\/hempyroots.com\/es\/wp-json\/wp\/v2\/media?parent=5142"}],"wp:term":[{"taxonomy":"product_brand","embeddable":true,"href":"https:\/\/hempyroots.com\/es\/wp-json\/wp\/v2\/product_brand?post=5142"},{"taxonomy":"product_cat","embeddable":true,"href":"https:\/\/hempyroots.com\/es\/wp-json\/wp\/v2\/product_cat?post=5142"},{"taxonomy":"product_tag","embeddable":true,"href":"https:\/\/hempyroots.com\/es\/wp-json\/wp\/v2\/product_tag?post=5142"}],"curies":[{"name":"wp","href":"https:\/\/api.w.org\/{rel}","templated":true}]}}