{"id":5143,"date":"2022-06-18T16:21:19","date_gmt":"2022-06-18T16:21:19","guid":{"rendered":"https:\/\/hempyroots.com\/produto\/crema-hidratante-cbd-350-mg-50-ml-enecta\/"},"modified":"2024-03-01T11:13:24","modified_gmt":"2024-03-01T11:13:24","slug":"crema-hidratante-cbd-350-mg-50-ml-enecta","status":"publish","type":"product","link":"https:\/\/hempyroots.com\/es\/producto\/crema-hidratante-cbd-350-mg-50-ml-enecta\/","title":{"rendered":"CREMA HIDRATANTE CBD 350 MG &#8211; 50 ML &#8211; ENECTA"},"content":{"rendered":"<h2 class=\"single-post-title product_title entry-title\">CBD Crema Hidratante 350 MG &#8211; 50 ML &#8211; ENECTA<\/h2>\n<p>La Crema Hidratante CBD de ENECTA, con su f\u00f3rmula exclusiva a base de aceite de semillas de c\u00e1\u00f1amo y CBD, fortalece la epidermis e hidrata la piel en profundidad.<\/p>\n<p>Su f\u00f3rmula contiene:<br \/>\n&#8211; \u00c1cido hialur\u00f3nico de origen vegetal: acci\u00f3n hidratante y lifting.<\/p>\n<p>&#8211; Extracto de remolacha: estimula la producci\u00f3n de \u00e1cido end\u00f3geno e hialur\u00f3nico.<\/p>\n<p>&#8211; Fructooligosac\u00e1ridos: az\u00facar extra\u00eddo de frutas altamente hidratantes.<\/p>\n<p>&#8211; Vitamina E natural: una mezcla de tocoferoles antioxidantes derivados del aceite de girasol, rico en escualeno natural.<\/p>\n<p>&nbsp;<\/p>\n<h5>Ingredientes<\/h5>\n<p>&nbsp;<\/p>\n<p>Aqua [Water], Caprylic\/capric triglyceride, Glycerin, Glyceryl stearate citrate, Butyrospermum parkii (Shea) oil, Propylheptyl caprylate, Glyceryl stearate, Cetearyl alcohol, Fructooligosaccharides, Beta vulgaris (Beet) root extract, Fructose, Cannabidiol, Cannabis sativa seed oil, Sodium lactate, Sodium PCA, Potassium lactate, Sodium hyaluronate, Lactic acid, Niacinamide, Urea, Inositol, Glycine, Sodium polyacrylate, 1,2-Hexanediol, Caprylyl glycol, Sodium stearoyl lactylate, Parfum [Fragrance], Sodium lauroyl glutamate, Acacia senegal gum, Xanthan gum, Tetrasodium glutamate diacetate, Benzyl salicylate, Helianthus annuus (Sunflower) seed oil, Sodium benzoate, Linalool, Hexyl cinnamal, Tropolone, Tocopherol, Alpha-isomethyl ionone, Squalene*, Geraniol, Beta-sitosterol, Sodium hydroxide. *de aceite de girasol<\/p>\n<h5>C\u00f3mo utilizarlo<\/h5>\n<p>Aplicar ma\u00f1ana y\/o noche sobre el rostro y el cuello<\/p>\n","protected":false},"excerpt":{"rendered":"<h2 class=\"single-post-title product_title entry-title\">F\u00f3rmula exclusiva con aceite de semillas de c\u00e1\u00f1amo y CBD.<\/h2>\n","protected":false},"featured_media":8539,"comment_status":"open","ping_status":"closed","template":"","meta":{"_acf_changed":false,"inline_featured_image":false},"product_brand":[],"product_cat":[205,204],"product_tag":[],"class_list":{"0":"post-5143","1":"product","2":"type-product","3":"status-publish","4":"has-post-thumbnail","6":"product_cat-cbd-es","7":"product_cat-cosmeticos-cbd-es","9":"first","10":"instock","11":"taxable","12":"shipping-taxable","13":"purchasable","14":"product-type-simple"},"acf":[],"_links":{"self":[{"href":"https:\/\/hempyroots.com\/es\/wp-json\/wp\/v2\/product\/5143","targetHints":{"allow":["GET"]}}],"collection":[{"href":"https:\/\/hempyroots.com\/es\/wp-json\/wp\/v2\/product"}],"about":[{"href":"https:\/\/hempyroots.com\/es\/wp-json\/wp\/v2\/types\/product"}],"replies":[{"embeddable":true,"href":"https:\/\/hempyroots.com\/es\/wp-json\/wp\/v2\/comments?post=5143"}],"wp:featuredmedia":[{"embeddable":true,"href":"https:\/\/hempyroots.com\/es\/wp-json\/wp\/v2\/media\/8539"}],"wp:attachment":[{"href":"https:\/\/hempyroots.com\/es\/wp-json\/wp\/v2\/media?parent=5143"}],"wp:term":[{"taxonomy":"product_brand","embeddable":true,"href":"https:\/\/hempyroots.com\/es\/wp-json\/wp\/v2\/product_brand?post=5143"},{"taxonomy":"product_cat","embeddable":true,"href":"https:\/\/hempyroots.com\/es\/wp-json\/wp\/v2\/product_cat?post=5143"},{"taxonomy":"product_tag","embeddable":true,"href":"https:\/\/hempyroots.com\/es\/wp-json\/wp\/v2\/product_tag?post=5143"}],"curies":[{"name":"wp","href":"https:\/\/api.w.org\/{rel}","templated":true}]}}