{"id":5146,"date":"2022-06-18T16:47:50","date_gmt":"2022-06-18T16:47:50","guid":{"rendered":"https:\/\/hempyroots.com\/produto\/aceite-de-canamo-premium-para-mascotas-1500-mg-30-ml\/"},"modified":"2024-03-01T11:09:42","modified_gmt":"2024-03-01T11:09:42","slug":"aceite-de-canamo-premium-para-mascotas-1500-mg-30-ml","status":"publish","type":"product","link":"https:\/\/hempyroots.com\/es\/producto\/aceite-de-canamo-premium-para-mascotas-1500-mg-30-ml\/","title":{"rendered":"Aceite de c\u00e1\u00f1amo premium para mascotas &#8211; 1500 mg, 30 ml"},"content":{"rendered":"<h2>Aceite de c\u00e1\u00f1amo para mascotas<\/h2>\n<h3 class=\"product-rich-descriptive-content-title\">Descripci\u00f3n<\/h3>\n<p>Premium Hemp Oil for Pets 1500 es un aceite de c\u00e1\u00f1amo especialmente formulado para el cuidado natural y el bienestar de sus mascotas. Un producto 100% natural apto para perros y gatos de todas las edades y razas, a base de aceite y extracto de semillas de c\u00e1\u00f1amo, sin efectos psicoactivos y con todos los beneficios de los Omega 3, 6 y 9.<\/p>\n<h3 class=\"product-rich-descriptive-content-title\">Indicaci\u00f3n<\/h3>\n<p>Su base de 49% de aceite de c\u00e1\u00f1amo en combinaci\u00f3n con aceite de oliva y aceite de linaza le da un sabor suave y un complemento saludable a su dieta, con un sabor muy tolerable para su perro o gato y un aporte moderado de aceite de c\u00e1\u00f1amo rico en antioxidantes, vitamina E, omega 3 y grasas saludables que nutren las c\u00e9lulas de su organismo, inciden en la calidad del pelo y la piel e incluso pueden ser \u00fatiles para aplicaci\u00f3n t\u00f3pica en determinadas zonas con irritaci\u00f3n.<br \/>\nGracias a su pr\u00e1ctico cuentagotas, puede a\u00f1adirse a la comida que normalmente da a su mascota, simplemente mezcl\u00e1ndolo para que se distribuya bien, o puede administrarse por v\u00eda oral para evitar que se pierda el producto. Gracias al aceite de oliva incluido en su composici\u00f3n, este aceite tiene un sabor a\u00fan m\u00e1s irresistible para esos fieles amigos.<\/p>\n<h3 class=\"product-rich-descriptive-content-title\">C\u00f3mo utilizarlo<\/h3>\n<p>Agitar bien antes de usar. A\u00f1\u00e1dalo a la comida que suele dar a su mascota, simplemente mezcl\u00e1ndolo para que se extienda bien o administr\u00e1ndolo por v\u00eda oral para una mejor absorci\u00f3n. Siga las instrucciones del envase para las dosis iniciales, seg\u00fan el peso de su mascota, y aumente gradualmente la dosis hasta conseguir el resultado deseado.<br \/>\n\u2264 10 Kg &#8211; 3-6 gotas, 10-20 Kg &#8211; 7-14 gotas y \u2265 20 Kg &#8211; 15-20 gotas. Pida la opini\u00f3n de su veterinario antes de utilizarlo o de prolongar el periodo de utilizaci\u00f3n. Pon siempre agua fresca y limpia a disposici\u00f3n del animal.<\/p>\n<h3 class=\"product-rich-descriptive-content-title\">Precauciones<\/h3>\n<p>Mantener fuera del alcance de los ni\u00f1os menores de 3 a\u00f1os. El producto no debe sustituir a una dieta sana y equilibrada. No supere la cantidad diaria recomendada. No utilizar durante el embarazo o la lactancia. En caso de uso prolongado, alergia o uso de medicamentos, consulte a su m\u00e9dico.<\/p>\n<h3 class=\"product-rich-descriptive-content-title\">Condiciones de almacenamiento<\/h3>\n<p>Gu\u00e1rdelo en un lugar fresco y seco. Una vez abierto, se recomienda conservarlo entre 5 y 25\u00ba C (en \u00e9pocas de altas temperaturas es aconsejable guardarlo en un lugar no demasiado fr\u00edo en el frigor\u00edfico).<\/p>\n<h3 class=\"product-rich-descriptive-content-title\">Composici\u00f3n del aceite de c\u00e1\u00f1amo Premium para mascotas 500<\/h3>\n<p>Aceites y grasas vegetales (aceite de oliva y aceite de linaza), aceite de c\u00e1\u00f1amo (49%).<\/p>\n","protected":false},"excerpt":{"rendered":"<h2 class=\"product-meta__title\">Aceite de c\u00e1\u00f1amo especialmente formulado para el cuidado natural y el bienestar de las mascotas.<\/h2>\n","protected":false},"featured_media":11665,"comment_status":"open","ping_status":"closed","template":"","meta":{"_acf_changed":false,"inline_featured_image":false},"product_brand":[],"product_cat":[214],"product_tag":[],"class_list":{"0":"post-5146","1":"product","2":"type-product","3":"status-publish","4":"has-post-thumbnail","6":"product_cat-animales","8":"first","9":"instock","10":"taxable","11":"shipping-taxable","12":"purchasable","13":"product-type-simple"},"acf":[],"_links":{"self":[{"href":"https:\/\/hempyroots.com\/es\/wp-json\/wp\/v2\/product\/5146","targetHints":{"allow":["GET"]}}],"collection":[{"href":"https:\/\/hempyroots.com\/es\/wp-json\/wp\/v2\/product"}],"about":[{"href":"https:\/\/hempyroots.com\/es\/wp-json\/wp\/v2\/types\/product"}],"replies":[{"embeddable":true,"href":"https:\/\/hempyroots.com\/es\/wp-json\/wp\/v2\/comments?post=5146"}],"wp:featuredmedia":[{"embeddable":true,"href":"https:\/\/hempyroots.com\/es\/wp-json\/wp\/v2\/media\/11665"}],"wp:attachment":[{"href":"https:\/\/hempyroots.com\/es\/wp-json\/wp\/v2\/media?parent=5146"}],"wp:term":[{"taxonomy":"product_brand","embeddable":true,"href":"https:\/\/hempyroots.com\/es\/wp-json\/wp\/v2\/product_brand?post=5146"},{"taxonomy":"product_cat","embeddable":true,"href":"https:\/\/hempyroots.com\/es\/wp-json\/wp\/v2\/product_cat?post=5146"},{"taxonomy":"product_tag","embeddable":true,"href":"https:\/\/hempyroots.com\/es\/wp-json\/wp\/v2\/product_tag?post=5146"}],"curies":[{"name":"wp","href":"https:\/\/api.w.org\/{rel}","templated":true}]}}