{"id":5147,"date":"2022-06-18T17:03:42","date_gmt":"2022-06-18T17:03:42","guid":{"rendered":"https:\/\/hempyroots.com\/produto\/oleo-3-de-cbd-300mg-10ml-enecta\/"},"modified":"2024-04-17T15:23:15","modified_gmt":"2024-04-17T15:23:15","slug":"oleo-3-de-cbd-300mg-10ml-enecta","status":"publish","type":"product","link":"https:\/\/hempyroots.com\/es\/producto\/oleo-3-de-cbd-300mg-10ml-enecta\/","title":{"rendered":"Aceite de CBD 3% (300mg) &#8211; 10ml ENECTA"},"content":{"rendered":"<h2>Aceite de CBD ENECTA 3%<\/h2>\n<p class=\"p1\">Este <strong>aceite de CBD<\/strong> <strong>Premium<\/strong> <strong>ENECTA<\/strong> al 3% ha sido desarrollado para aquellos que quieren probar el Aceite de Cannabidiol por primera vez o usarlo espor\u00e1dicamente.<span class=\"Apple-converted-space\"> <\/span><\/p>\n<ul class=\"ul1\">\n<li class=\"li1\">Se extrae de variedades de c\u00e1\u00f1amo con <strong>un alto contenido en CBD<\/strong>, cultivadas ecol\u00f3gicamente en Italia, sin utilizar pesticidas ni herbicidas;<\/li>\n<li class=\"li1\">Se produce y prueba en laboratorios de terceros y se certifica su pureza y seguridad con arreglo a normas estrictas y rigurosas.<span class=\"Apple-converted-space\"> <\/span><\/li>\n<\/ul>\n<p class=\"p1\">Este <strong>aceite de CBD<\/strong> puede definirse como nuestro \u00abnivel de entrada\u00bb, m\u00e1s bien un producto adecuado especialmente para nuevos clientes que a\u00fan no han experimentado los beneficios del CBD.<\/p>\n<p class=\"p1\">Este producto a base de CBD puede utilizarse como suplemento natural y, gracias a sus efectos beneficiosos, es ideal para alcanzar el bienestar en la rutina diaria.<span class=\"Apple-converted-space\"> <\/span><\/p>\n<h3 class=\"p1\"><strong>Ingredientes del Aceite de CBD ENECTA 3%:<br \/>\n<\/strong><\/h3>\n<p class=\"p1\">Los ingredientes que componen el producto, tambi\u00e9n comunes a los dem\u00e1s aceites de CBD de la l\u00ednea Premium, son:<\/p>\n<ul class=\"ul1\">\n<li class=\"li2\">aceite de semillas de c\u00e1\u00f1amo, rico en \u00e1cidos grasos omega 3 y 6 capaces, entre otras propiedades, de proteger el sistema nervioso del envejecimiento y del deterioro natural de las funciones cognitivas y de combatir el desarrollo de enfermedades cardiovasculares, eczemas y dermatitis<\/li>\n<li class=\"li4\">Flavonoides y terpenos y en menor porcentaje otros cannabinoides<\/li>\n<li class=\"li4\">300mg CBD<\/li>\n<\/ul>\n<p>&nbsp;<\/p>\n<h3>Cuidado:<\/h3>\n<p>Mantener fuera del alcance de los ni\u00f1os.<\/p>\n<p>Evitar el contacto con los ojos.<\/p>\n<p>Agitar bien antes de usar.<\/p>\n<p>Conservar en lugar fresco por debajo de 25\u00ba.<\/p>\n<p>&nbsp;<\/p>\n<h3>Instrucciones de uso:<\/h3>\n<p>Aplicar 4-6 gotas debajo de la lengua 1-2 veces al d\u00eda y dejar actuar durante 1 minuto, despu\u00e9s aclarar con agua.<\/p>\n","protected":false},"excerpt":{"rendered":"<h2 class=\"p1\">El producto perfecto para empezar. Aceite de cannabidiol.<\/h2>\n","protected":false},"featured_media":8545,"comment_status":"open","ping_status":"closed","template":"","meta":{"_acf_changed":false,"inline_featured_image":false},"product_brand":[],"product_cat":[206],"product_tag":[],"class_list":{"0":"post-5147","1":"product","2":"type-product","3":"status-publish","4":"has-post-thumbnail","6":"product_cat-aceites-de-cbd","8":"first","9":"instock","10":"taxable","11":"shipping-taxable","12":"purchasable","13":"product-type-simple"},"acf":[],"_links":{"self":[{"href":"https:\/\/hempyroots.com\/es\/wp-json\/wp\/v2\/product\/5147","targetHints":{"allow":["GET"]}}],"collection":[{"href":"https:\/\/hempyroots.com\/es\/wp-json\/wp\/v2\/product"}],"about":[{"href":"https:\/\/hempyroots.com\/es\/wp-json\/wp\/v2\/types\/product"}],"replies":[{"embeddable":true,"href":"https:\/\/hempyroots.com\/es\/wp-json\/wp\/v2\/comments?post=5147"}],"wp:featuredmedia":[{"embeddable":true,"href":"https:\/\/hempyroots.com\/es\/wp-json\/wp\/v2\/media\/8545"}],"wp:attachment":[{"href":"https:\/\/hempyroots.com\/es\/wp-json\/wp\/v2\/media?parent=5147"}],"wp:term":[{"taxonomy":"product_brand","embeddable":true,"href":"https:\/\/hempyroots.com\/es\/wp-json\/wp\/v2\/product_brand?post=5147"},{"taxonomy":"product_cat","embeddable":true,"href":"https:\/\/hempyroots.com\/es\/wp-json\/wp\/v2\/product_cat?post=5147"},{"taxonomy":"product_tag","embeddable":true,"href":"https:\/\/hempyroots.com\/es\/wp-json\/wp\/v2\/product_tag?post=5147"}],"curies":[{"name":"wp","href":"https:\/\/api.w.org\/{rel}","templated":true}]}}