{"id":5148,"date":"2022-06-18T17:07:57","date_gmt":"2022-06-18T17:07:57","guid":{"rendered":"https:\/\/hempyroots.com\/produto\/aceite-de-cbd-10-1000mg-10ml-enecta\/"},"modified":"2022-06-18T17:07:57","modified_gmt":"2022-06-18T17:07:57","slug":"aceite-de-cbd-10-1000mg-10ml-enecta","status":"publish","type":"product","link":"https:\/\/hempyroots.com\/es\/producto\/aceite-de-cbd-10-1000mg-10ml-enecta\/","title":{"rendered":"Aceite de CBD 10% (1000mg) &#8211; 10ml ENECTA"},"content":{"rendered":"<h2>Aceite de CBD ENECTA 10%<\/h2>\n<p class=\"p1\"><strong>El Aceite de CBD Premium ENECTA 10% con 1000 mg de CBD<\/strong> es una aut\u00e9ntica garant\u00eda y contiene todas las mejores propiedades que debe tener un <strong>Aceite de Cannabidiol de alta calidad<\/strong>:<span class=\"Apple-converted-space\"> <\/span><\/p>\n<ul class=\"ul1\">\n<li class=\"li2\"><span class=\"s1\">Se extrae seg\u00fan las normas farmac\u00e9uticas<\/span><\/li>\n<li class=\"li2\"><span class=\"s1\">Est\u00e1 probado y certificado en laboratorios de terceros para garantizar la m\u00e1xima seguridad<\/span><\/li>\n<li class=\"li2\"><span class=\"s1\">Se produce en Italia a partir de plantas de Cannabis Sativa L. cultivadas sin pesticidas.<span class=\"Apple-converted-space\"> <\/span><\/span><\/li>\n<\/ul>\n<p class=\"p3\">Gracias a su <strong>concentraci\u00f3n de CBD (10%)<\/strong>, es pr\u00e1ctico y vers\u00e1til y facilita encontrar la dosis adecuada de CBD.<\/p>\n<h3 class=\"p1\"><strong>Ingredientes Aceite de CBD ENECTA 10%:<br \/>\n<\/strong><\/h3>\n<p class=\"p1\">Los ingredientes que componen el producto, tambi\u00e9n comunes a los dem\u00e1s aceites de CBD de la l\u00ednea Premium, son:<\/p>\n<ul class=\"ul1\">\n<li class=\"li2\">aceite de semillas de c\u00e1\u00f1amo, rico en \u00e1cidos grasos omega 3 y 6 capaces, entre otras propiedades, de proteger el sistema nervioso del envejecimiento y del deterioro natural de las funciones cognitivas y de combatir el desarrollo de enfermedades cardiovasculares, eczemas y dermatitis<\/li>\n<li class=\"li4\">Flavonoides y terpenos y en menor porcentaje otros cannabinoides<\/li>\n<li class=\"li4\">1000mg CBD<\/li>\n<\/ul>\n<p>&nbsp;<\/p>\n<h3>Cuidado:<\/h3>\n<p>Mantener fuera del alcance de los ni\u00f1os.<\/p>\n<p>Evitar el contacto con los ojos.<\/p>\n<p>Agitar bien antes de usar.<\/p>\n<p>Conservar en lugar fresco por debajo de 25\u00ba.<\/p>\n<p>&nbsp;<\/p>\n<h3>Instrucciones de uso:<\/h3>\n<p>Aplicar 4-6 gotas debajo de la lengua 1-2 veces al d\u00eda y dejar actuar durante 1 minuto, despu\u00e9s aclarar con agua.<\/p>\n<p>&nbsp;<\/p>\n","protected":false},"excerpt":{"rendered":"<p><strong>Concentraci\u00f3n CBD:<\/strong> 10% (1000mg)<\/p>\n<p><strong>Concentraci\u00f3n de THC<\/strong> &lt;0,2%<\/p>\n<p><strong>Origen<\/strong>: Italia<\/p>\n<h4>El Aceite de CBD 10% ENECTA contiene todas las mejores propiedades que debe tener un Aceite de Cannabidiol <strong>de alta calidad<\/strong>.<\/h4>\n","protected":false},"featured_media":4674,"comment_status":"open","ping_status":"closed","template":"","meta":{"_acf_changed":false,"inline_featured_image":false},"product_brand":[],"product_cat":[206],"product_tag":[],"class_list":{"0":"post-5148","1":"product","2":"type-product","3":"status-publish","4":"has-post-thumbnail","6":"product_cat-aceites-de-cbd","8":"first","9":"instock","10":"taxable","11":"shipping-taxable","12":"purchasable","13":"product-type-simple"},"acf":[],"_links":{"self":[{"href":"https:\/\/hempyroots.com\/es\/wp-json\/wp\/v2\/product\/5148","targetHints":{"allow":["GET"]}}],"collection":[{"href":"https:\/\/hempyroots.com\/es\/wp-json\/wp\/v2\/product"}],"about":[{"href":"https:\/\/hempyroots.com\/es\/wp-json\/wp\/v2\/types\/product"}],"replies":[{"embeddable":true,"href":"https:\/\/hempyroots.com\/es\/wp-json\/wp\/v2\/comments?post=5148"}],"wp:featuredmedia":[{"embeddable":true,"href":"https:\/\/hempyroots.com\/es\/wp-json\/wp\/v2\/media\/4674"}],"wp:attachment":[{"href":"https:\/\/hempyroots.com\/es\/wp-json\/wp\/v2\/media?parent=5148"}],"wp:term":[{"taxonomy":"product_brand","embeddable":true,"href":"https:\/\/hempyroots.com\/es\/wp-json\/wp\/v2\/product_brand?post=5148"},{"taxonomy":"product_cat","embeddable":true,"href":"https:\/\/hempyroots.com\/es\/wp-json\/wp\/v2\/product_cat?post=5148"},{"taxonomy":"product_tag","embeddable":true,"href":"https:\/\/hempyroots.com\/es\/wp-json\/wp\/v2\/product_tag?post=5148"}],"curies":[{"name":"wp","href":"https:\/\/api.w.org\/{rel}","templated":true}]}}