{"id":5149,"date":"2022-06-18T17:11:01","date_gmt":"2022-06-18T17:11:01","guid":{"rendered":"https:\/\/hempyroots.com\/produto\/aceite-de-cbd-24-2400mg-10ml-enecta\/"},"modified":"2022-06-18T17:11:01","modified_gmt":"2022-06-18T17:11:01","slug":"aceite-de-cbd-24-2400mg-10ml-enecta","status":"publish","type":"product","link":"https:\/\/hempyroots.com\/es\/producto\/aceite-de-cbd-24-2400mg-10ml-enecta\/","title":{"rendered":"Aceite de CBD 24% (2400mg) &#8211; 10ml ENECTA"},"content":{"rendered":"<div id=\"s-58ed90ad-ddf3-47f8-9180-020e17e1ab4b\" class=\"shg-c \">\n<div class=\"shg-rich-text shg-theme-text-content\">\n<h2>Aceite de CBD ENECTA 24<\/h2>\n<p class=\"p1\">El a<strong>ceite de CBD ENECTA 24% Premium<\/strong>, con 2400 mg de CBD, es el producto con mayor concentraci\u00f3n de CBD. Lo utilizan nuestros clientes que padecen enfermedades espec\u00edficas y que necesitan ingerir una alta concentraci\u00f3n de cannabidiol, sin efectos secundarios considerables.<\/p>\n<ul class=\"ul1\">\n<li class=\"li2\">Se extrae de acuerdo con las normas farmac\u00e9uticas.<\/li>\n<li class=\"li2\">Se prueba y certifica en laboratorios de terceros para garantizar el m\u00e1ximo nivel de seguridad.<\/li>\n<li class=\"li3\">Se fabrica en Italia a partir de Cannabis Sativa l. cultivados sin pesticidas.<\/li>\n<\/ul>\n<p class=\"p2\">Completamente desprovisto de efectos psicoactivos, el Aceite de Cannabidiol es universalmente reconocido en la comunidad cient\u00edfica por su riqueza en propiedades terap\u00e9uticas, gracias a su base concentrada de CBD, unido a otros cannabinoides.<\/p>\n<\/div>\n<\/div>\n<div class=\"shg-box-vertical-align-wrapper\">\n<div id=\"s-a25bf537-8d53-4bef-adca-2b2df842e0b2\" class=\"shg-box shg-c \">\n<div class=\"shg-box-overlay\">\n<h3 class=\"p1\"><strong>Ingredientes Aceite de CBD ENECTA 24%:<br \/>\n<\/strong><\/h3>\n<p class=\"p1\">Los ingredientes que componen el producto, tambi\u00e9n comunes a los dem\u00e1s aceites de CBD de la l\u00ednea Premium, son:<\/p>\n<ul class=\"ul1\">\n<li class=\"li2\">aceite de semillas de c\u00e1\u00f1amo, rico en \u00e1cidos grasos omega 3 y 6 capaces, entre otras propiedades, de proteger el sistema nervioso del envejecimiento y del deterioro natural de las funciones cognitivas y de combatir el desarrollo de enfermedades cardiovasculares, eczemas y dermatitis<\/li>\n<li class=\"li4\">Flavonoides y terpenos y en menor porcentaje otros cannabinoides<\/li>\n<li class=\"li4\">2400 mg de CBD<\/li>\n<\/ul>\n<p>&nbsp;<\/p>\n<h3>Cuidado:<\/h3>\n<p>Mantener fuera del alcance de los ni\u00f1os.<\/p>\n<p>Evitar el contacto con los ojos.<\/p>\n<p>Agitar bien antes de usar.<\/p>\n<p>Conservar en lugar fresco por debajo de 25\u00ba.<\/p>\n<p>&nbsp;<\/p>\n<h3>Instrucciones de uso:<\/h3>\n<p>Aplicar 4-6 gotas debajo de la lengua 1-2 veces al d\u00eda y dejar actuar durante 1 minuto, despu\u00e9s aclarar con agua.<\/p>\n<\/div>\n<div class=\"shg-box-content\">\n<div id=\"s-aabe9eb2-caaf-48c7-849f-eb2e58778b5c\" class=\"shg-c \"><\/div>\n<\/div>\n<\/div>\n<\/div>\n","protected":false},"excerpt":{"rendered":"<p><strong>Concentraci\u00f3n de CBD<\/strong>: 24% (2400mg)<\/p>\n<p><strong>Concentraci\u00f3n de THC:<\/strong> &lt;0,2%<\/p>\n<p><strong>Origen:<\/strong> Italia<\/p>\n<h4>Nuestro Aceite de Cannabidiol con la mayor concentraci\u00f3n de CBD<\/h4>\n","protected":false},"featured_media":3748,"comment_status":"open","ping_status":"closed","template":"","meta":{"_acf_changed":false,"inline_featured_image":false},"product_brand":[],"product_cat":[206],"product_tag":[],"class_list":{"0":"post-5149","1":"product","2":"type-product","3":"status-publish","4":"has-post-thumbnail","6":"product_cat-aceites-de-cbd","8":"first","9":"instock","10":"taxable","11":"shipping-taxable","12":"purchasable","13":"product-type-simple"},"acf":[],"_links":{"self":[{"href":"https:\/\/hempyroots.com\/es\/wp-json\/wp\/v2\/product\/5149","targetHints":{"allow":["GET"]}}],"collection":[{"href":"https:\/\/hempyroots.com\/es\/wp-json\/wp\/v2\/product"}],"about":[{"href":"https:\/\/hempyroots.com\/es\/wp-json\/wp\/v2\/types\/product"}],"replies":[{"embeddable":true,"href":"https:\/\/hempyroots.com\/es\/wp-json\/wp\/v2\/comments?post=5149"}],"wp:featuredmedia":[{"embeddable":true,"href":"https:\/\/hempyroots.com\/es\/wp-json\/wp\/v2\/media\/3748"}],"wp:attachment":[{"href":"https:\/\/hempyroots.com\/es\/wp-json\/wp\/v2\/media?parent=5149"}],"wp:term":[{"taxonomy":"product_brand","embeddable":true,"href":"https:\/\/hempyroots.com\/es\/wp-json\/wp\/v2\/product_brand?post=5149"},{"taxonomy":"product_cat","embeddable":true,"href":"https:\/\/hempyroots.com\/es\/wp-json\/wp\/v2\/product_cat?post=5149"},{"taxonomy":"product_tag","embeddable":true,"href":"https:\/\/hempyroots.com\/es\/wp-json\/wp\/v2\/product_tag?post=5149"}],"curies":[{"name":"wp","href":"https:\/\/api.w.org\/{rel}","templated":true}]}}