{"id":5191,"date":"2022-07-15T09:18:22","date_gmt":"2022-07-15T09:18:22","guid":{"rendered":"https:\/\/hempyroots.com\/produto\/nepalese-charas-cbd-y-cbg\/"},"modified":"2022-07-15T09:18:22","modified_gmt":"2022-07-15T09:18:22","slug":"nepalese-charas-cbd-y-cbg","status":"publish","type":"product","link":"https:\/\/hempyroots.com\/es\/producto\/nepalese-charas-cbd-y-cbg\/","title":{"rendered":"Nepalese Charas CBD y CBG"},"content":{"rendered":"","protected":false},"excerpt":{"rendered":"<p><strong>Tasa de CBD:<\/strong> &lt;17%<\/p>\n<p><strong>Tasa CBG :<\/strong> &lt;11%<\/p>\n<p><strong>Niveles de THC:<\/strong> &lt;0,2%<\/p>\n<p>&nbsp;<\/p>\n<p>El charas es el hach\u00eds m\u00e1s dif\u00edcil de encontrar, debido a la dificultad de su producci\u00f3n: se elabora extrayendo la resina del cannabis. De todas las resinas, es la m\u00e1s parecida al cannabis.<\/p>\n","protected":false},"featured_media":4546,"comment_status":"open","ping_status":"closed","template":"","meta":{"_acf_changed":false,"inline_featured_image":false},"product_brand":[],"product_cat":[207],"product_tag":[],"class_list":{"0":"post-5191","1":"product","2":"type-product","3":"status-publish","4":"has-post-thumbnail","6":"product_cat-flores-de-cbd-es","8":"first","9":"instock","10":"taxable","11":"shipping-taxable","12":"purchasable","13":"product-type-variable"},"acf":[],"_links":{"self":[{"href":"https:\/\/hempyroots.com\/es\/wp-json\/wp\/v2\/product\/5191","targetHints":{"allow":["GET"]}}],"collection":[{"href":"https:\/\/hempyroots.com\/es\/wp-json\/wp\/v2\/product"}],"about":[{"href":"https:\/\/hempyroots.com\/es\/wp-json\/wp\/v2\/types\/product"}],"replies":[{"embeddable":true,"href":"https:\/\/hempyroots.com\/es\/wp-json\/wp\/v2\/comments?post=5191"}],"wp:featuredmedia":[{"embeddable":true,"href":"https:\/\/hempyroots.com\/es\/wp-json\/wp\/v2\/media\/4546"}],"wp:attachment":[{"href":"https:\/\/hempyroots.com\/es\/wp-json\/wp\/v2\/media?parent=5191"}],"wp:term":[{"taxonomy":"product_brand","embeddable":true,"href":"https:\/\/hempyroots.com\/es\/wp-json\/wp\/v2\/product_brand?post=5191"},{"taxonomy":"product_cat","embeddable":true,"href":"https:\/\/hempyroots.com\/es\/wp-json\/wp\/v2\/product_cat?post=5191"},{"taxonomy":"product_tag","embeddable":true,"href":"https:\/\/hempyroots.com\/es\/wp-json\/wp\/v2\/product_tag?post=5191"}],"curies":[{"name":"wp","href":"https:\/\/api.w.org\/{rel}","templated":true}]}}