{"id":5198,"date":"2022-07-15T10:12:39","date_gmt":"2022-07-15T10:12:39","guid":{"rendered":"https:\/\/hempyroots.com\/produto\/flor-cbd-ice-rock-2g\/"},"modified":"2022-07-15T10:12:39","modified_gmt":"2022-07-15T10:12:39","slug":"flor-cbd-ice-rock-2g","status":"publish","type":"product","link":"https:\/\/hempyroots.com\/es\/producto\/flor-cbd-ice-rock-2g\/","title":{"rendered":"Flor CBD Ice Rock &#8211; 2g"},"content":{"rendered":"<h2>Flor CBD Ice Rock<\/h2>\n<p>Ice Rock CBD es el cogollo m\u00e1s fuerte que puedes encontrar. Los cogollos secos de CBD se tratan con un concentrado de BHO y luego se espolvorean con CBD puro extra\u00eddo de plantas, de ah\u00ed el color blanco.<\/p>\n<p>Estas \u00abpiedras\u00bb de CBD tienen el mayor contenido de CBD, m\u00e1s del 70%. S\u00f3lo para gente sin l\u00edmites.<\/p>\n<p>&nbsp;<\/p>\n","protected":false},"excerpt":{"rendered":"<p><strong>Contenido:<\/strong> 2g<\/p>\n<p><strong>Aroma:<\/strong> Pino<\/p>\n<p><strong>Tasa de CBD:<\/strong> &lt;70%<\/p>\n<p><strong>Niveles de THC:<\/strong> &lt;0,2%<\/p>\n<p>&nbsp;<\/p>\n<h4>Ice Rock est\u00e1 cubierto de cristales de CBD y mucho polvo de hach\u00eds. Esto la convierte en la variedad con mayor porcentaje de cannabidiol CBD de todo nuestro cat\u00e1logo de productos CBD.<\/h4>\n","protected":false},"featured_media":4754,"comment_status":"open","ping_status":"closed","template":"","meta":{"_acf_changed":false,"inline_featured_image":false},"product_brand":[],"product_cat":[207],"product_tag":[],"class_list":{"0":"post-5198","1":"product","2":"type-product","3":"status-publish","4":"has-post-thumbnail","6":"product_cat-flores-de-cbd-es","8":"first","9":"instock","10":"taxable","11":"shipping-taxable","12":"purchasable","13":"product-type-simple"},"acf":[],"_links":{"self":[{"href":"https:\/\/hempyroots.com\/es\/wp-json\/wp\/v2\/product\/5198","targetHints":{"allow":["GET"]}}],"collection":[{"href":"https:\/\/hempyroots.com\/es\/wp-json\/wp\/v2\/product"}],"about":[{"href":"https:\/\/hempyroots.com\/es\/wp-json\/wp\/v2\/types\/product"}],"replies":[{"embeddable":true,"href":"https:\/\/hempyroots.com\/es\/wp-json\/wp\/v2\/comments?post=5198"}],"wp:featuredmedia":[{"embeddable":true,"href":"https:\/\/hempyroots.com\/es\/wp-json\/wp\/v2\/media\/4754"}],"wp:attachment":[{"href":"https:\/\/hempyroots.com\/es\/wp-json\/wp\/v2\/media?parent=5198"}],"wp:term":[{"taxonomy":"product_brand","embeddable":true,"href":"https:\/\/hempyroots.com\/es\/wp-json\/wp\/v2\/product_brand?post=5198"},{"taxonomy":"product_cat","embeddable":true,"href":"https:\/\/hempyroots.com\/es\/wp-json\/wp\/v2\/product_cat?post=5198"},{"taxonomy":"product_tag","embeddable":true,"href":"https:\/\/hempyroots.com\/es\/wp-json\/wp\/v2\/product_tag?post=5198"}],"curies":[{"name":"wp","href":"https:\/\/api.w.org\/{rel}","templated":true}]}}