{"id":5199,"date":"2022-07-15T10:19:32","date_gmt":"2022-07-15T10:19:32","guid":{"rendered":"https:\/\/hempyroots.com\/produto\/flor-cbd-moon-rock-cbd-2g\/"},"modified":"2022-07-15T10:19:32","modified_gmt":"2022-07-15T10:19:32","slug":"flor-cbd-moon-rock-cbd-2g","status":"publish","type":"product","link":"https:\/\/hempyroots.com\/es\/producto\/flor-cbd-moon-rock-cbd-2g\/","title":{"rendered":"Flor CBD &#8211; Moon Rock CBD &#8211; 2g"},"content":{"rendered":"<h2>Flor CBD Moon Rock<\/h2>\n<p>Moon Rock CBD Flower es un cannabis ligero normal con una capa de resina de CBD y un toque de hach\u00eds.<\/p>\n<p>Moon Rock CBD se elabora con cogollo de CBD normal y se enrolla con un concentrado de CBD. Extra\u00eddo de las mejores flores de CBD, sin duda el mejor envoltorio de CBD.<\/p>\n<p>Estas \u00abpiedras\u00bb de CBD est\u00e1n hechas con&lt;42% CBD y te har\u00e1n sentir como en las nubes.<\/p>\n<p><strong>Regi\u00f3n de origen:<\/strong> Altamura \u2013 Apulia<\/p>\n","protected":false},"excerpt":{"rendered":"<p><strong>Contenido:<\/strong> 2g<\/p>\n<p><strong>Aroma:<\/strong> Fuerte y afrutadoContenido<\/p>\n<p><strong>Tasa de CBD:<\/strong> &lt;42%<\/p>\n<p><strong>Niveles de THC:<\/strong> &lt;0,2%<\/p>\n<p>&nbsp;<\/p>\n<h4>Moonrock tiene un alto contenido en CBD. No se parece a ning\u00fan otro producto. Debido a su aspecto \u00fanico, la gente a menudo no est\u00e1 segura de lo que es.<\/h4>\n<p>Es un cannabis ligero normal con una capa de resina CBD y un toque de hach\u00eds.<\/p>\n","protected":false},"featured_media":4738,"comment_status":"open","ping_status":"closed","template":"","meta":{"_acf_changed":false,"inline_featured_image":false},"product_brand":[],"product_cat":[207],"product_tag":[],"class_list":{"0":"post-5199","1":"product","2":"type-product","3":"status-publish","4":"has-post-thumbnail","6":"product_cat-flores-de-cbd-es","8":"first","9":"instock","10":"taxable","11":"shipping-taxable","12":"purchasable","13":"product-type-simple"},"acf":[],"_links":{"self":[{"href":"https:\/\/hempyroots.com\/es\/wp-json\/wp\/v2\/product\/5199","targetHints":{"allow":["GET"]}}],"collection":[{"href":"https:\/\/hempyroots.com\/es\/wp-json\/wp\/v2\/product"}],"about":[{"href":"https:\/\/hempyroots.com\/es\/wp-json\/wp\/v2\/types\/product"}],"replies":[{"embeddable":true,"href":"https:\/\/hempyroots.com\/es\/wp-json\/wp\/v2\/comments?post=5199"}],"wp:featuredmedia":[{"embeddable":true,"href":"https:\/\/hempyroots.com\/es\/wp-json\/wp\/v2\/media\/4738"}],"wp:attachment":[{"href":"https:\/\/hempyroots.com\/es\/wp-json\/wp\/v2\/media?parent=5199"}],"wp:term":[{"taxonomy":"product_brand","embeddable":true,"href":"https:\/\/hempyroots.com\/es\/wp-json\/wp\/v2\/product_brand?post=5199"},{"taxonomy":"product_cat","embeddable":true,"href":"https:\/\/hempyroots.com\/es\/wp-json\/wp\/v2\/product_cat?post=5199"},{"taxonomy":"product_tag","embeddable":true,"href":"https:\/\/hempyroots.com\/es\/wp-json\/wp\/v2\/product_tag?post=5199"}],"curies":[{"name":"wp","href":"https:\/\/api.w.org\/{rel}","templated":true}]}}