{"id":5250,"date":"2022-05-03T18:26:52","date_gmt":"2022-05-03T18:26:52","guid":{"rendered":"https:\/\/hempyroots.com\/produto\/pax-3-plus-onyx\/"},"modified":"2022-05-03T18:26:52","modified_gmt":"2022-05-03T18:26:52","slug":"pax-3-plus-onyx","status":"publish","type":"product","link":"https:\/\/hempyroots.com\/es\/producto\/pax-3-plus-onyx\/","title":{"rendered":"PAX 3 Plus Onyx"},"content":{"rendered":"<p>Disfruta de sesiones completas de flores y potentes concentrados en un solo dispositivo. Adem\u00e1s, utilice las tapas para horno incluidas para ajustar el tama\u00f1o del bol en funci\u00f3n de la sesi\u00f3n.<\/p>\n<p>Controla tus sesiones con s\u00f3lo pulsar un bot\u00f3n utilizando los nuevos modos de experiencia: Stealth, Efficiency, Flavour y Boost. Todo calor, nunca quemes tu cannabis.<\/p>\n<p>La nueva pantalla 3D del horno es m\u00e1s f\u00e1cil de quitar. La multiherramienta redise\u00f1ada y el cepillo incluido hacen que la limpieza del horno sea r\u00e1pida, sencilla y sin complicaciones.<\/p>\n<p>Disfrute de sesiones en cualquier lugar con m\u00e1s de 2 horas de duraci\u00f3n de la bater\u00eda y una tapa de horno magn\u00e9tica para mantener su alijo a salvo. Sea m\u00e1s discreto, sin humos y sin olores en un dispositivo con 10 a\u00f1os de garant\u00eda limitada.<\/p>\n<p>Especificaciones t\u00e9cnicas del vaporizador PAX Plus:<br \/>\nDimensiones del dispositivo: 98 mm x 31 mm x 22 mm<br \/>\nMateriales: Acero inoxidable, aluminio anodizado, silicona, termopl\u00e1stico<br \/>\nElemento calefactor: acero inoxidable<br \/>\nTiempo de calentamiento: 22 segundos<br \/>\nControl de temperatura: modos de experiencia preestablecidos<br \/>\nBater\u00eda: recargable de iones de litio<br \/>\nCargador: base de carga USB<br \/>\nPasaje: No<br \/>\nCompatibilidad: Hierba seca, concentrados<br \/>\nGarant\u00eda: 10 a\u00f1os<\/p>\n<p>Qu\u00e9 hay en la caja:<br \/>\nEl PAX Plus viene con todo lo que necesitas para empezar a usar tu nuevo vaporizador.<br \/>\n1 x vaporizador PAX Plus<br \/>\n1 boquilla plana (instalada)<br \/>\n1 x boquilla elevada<br \/>\n1 x medio paquete de tapa de horno<br \/>\n1 x Inserto concentrado<br \/>\n1 x multiherramienta redondeada<br \/>\n1 x Kit de mantenimiento Premium (1 x cepillo de acero, 3 x pantallas 3D)<br \/>\n1 x cable de carga<\/p>\n<p>&nbsp;<\/p>\n","protected":false},"excerpt":{"rendered":"<p>PAX Plus Onyx<\/p>\n<p>&nbsp;<\/p>\n","protected":false},"featured_media":4864,"comment_status":"open","ping_status":"closed","template":"","meta":{"_acf_changed":false,"inline_featured_image":false},"product_brand":[],"product_cat":[52],"product_tag":[],"class_list":{"0":"post-5250","1":"product","2":"type-product","3":"status-publish","4":"has-post-thumbnail","6":"product_cat-sem-categoria","8":"first","9":"instock","10":"taxable","11":"shipping-taxable","12":"purchasable","13":"product-type-simple"},"acf":[],"_links":{"self":[{"href":"https:\/\/hempyroots.com\/es\/wp-json\/wp\/v2\/product\/5250","targetHints":{"allow":["GET"]}}],"collection":[{"href":"https:\/\/hempyroots.com\/es\/wp-json\/wp\/v2\/product"}],"about":[{"href":"https:\/\/hempyroots.com\/es\/wp-json\/wp\/v2\/types\/product"}],"replies":[{"embeddable":true,"href":"https:\/\/hempyroots.com\/es\/wp-json\/wp\/v2\/comments?post=5250"}],"wp:featuredmedia":[{"embeddable":true,"href":"https:\/\/hempyroots.com\/es\/wp-json\/wp\/v2\/media\/4864"}],"wp:attachment":[{"href":"https:\/\/hempyroots.com\/es\/wp-json\/wp\/v2\/media?parent=5250"}],"wp:term":[{"taxonomy":"product_brand","embeddable":true,"href":"https:\/\/hempyroots.com\/es\/wp-json\/wp\/v2\/product_brand?post=5250"},{"taxonomy":"product_cat","embeddable":true,"href":"https:\/\/hempyroots.com\/es\/wp-json\/wp\/v2\/product_cat?post=5250"},{"taxonomy":"product_tag","embeddable":true,"href":"https:\/\/hempyroots.com\/es\/wp-json\/wp\/v2\/product_tag?post=5250"}],"curies":[{"name":"wp","href":"https:\/\/api.w.org\/{rel}","templated":true}]}}