{"id":5258,"date":"2022-06-18T16:13:41","date_gmt":"2022-06-18T16:13:41","guid":{"rendered":"https:\/\/hempyroots.com\/produto\/locion-corporal-cbd-200-mg-200-ml-enecta\/"},"modified":"2022-06-18T16:13:41","modified_gmt":"2022-06-18T16:13:41","slug":"locion-corporal-cbd-200-mg-200-ml-enecta","status":"publish","type":"product","link":"https:\/\/hempyroots.com\/es\/producto\/locion-corporal-cbd-200-mg-200-ml-enecta\/","title":{"rendered":"LOCION CORPORAL CBD 200 MG &#8211; 200 ML &#8211; ENECTA"},"content":{"rendered":"<h2 class=\"single-post-title product_title entry-title\">Loci\u00f3n Corporal CBD 200 MG &#8211; 200 ML &#8211; ENECTA<\/h2>\n<p>Piel resplandeciente y joven<\/p>\n<p>Una loci\u00f3n hidratante rica en CBD para proteger todo tipo de pieles, incluso las m\u00e1s delicadas.<\/p>\n<p>La loci\u00f3n es rica en aceites naturales, incluido el aceite de semillas de c\u00e1\u00f1amo, que es especialmente nutritivo. La acci\u00f3n antioxidante de los cristales de CBD mantiene la piel joven y resplandeciente.<\/p>\n<p>&#8211; Aceite de almendras dulces y manteca de karit\u00e9: restauran la barrera cut\u00e1nea reconstituyendo el estrato c\u00f3rneo con una acci\u00f3n hidratante y elastizante.<\/p>\n<p>&#8211; Vitamina E natural: una mezcla de tocoferoles antioxidantes derivados del aceite de girasol, rico en escualeno natural.<\/p>\n<p>&nbsp;<\/p>\n<h5>Ingredientes CBD Loci\u00f3n Corporal<\/h5>\n<p>Aqua [Water], Prunus amygdalus dulcis (Sweet almond) oil, Ethylhexyl stearate, Propylheptyl caprylate, Butyrospermum parkii (Shea) butter, Polyglyceryl-3 methylglucose distearate, Ricinus communis (Castor) seed oil, Glyceryl stearate, Cetearyl alcohol, Cannabis sativa seed oil, Cannabidiol, Copernicia cerifera (Carnauba) wax, Tocopherol, 1,2-Hexanediol, Caprylyl glycol, Hydrogenated castor oil, Acacia senegal gum, Helianthus annuus (Sunflower) seed oil, Xanthan gum, Tetrasodium glutamate diacetate, Parfum [Fragrance], Benzyl salicylate, Linalool, Hexyl cinnamal, Alpha-isomethyl ionone, Tropolone, Geraniol, Squalene*, Citronellol, Beta-sitosterol. *de aceite de girasol<\/p>\n<h5>C\u00f3mo utilizarlo<\/h5>\n<p>Aplicar diariamente con un suave masaje hasta su completa absorci\u00f3n.<\/p>\n","protected":false},"excerpt":{"rendered":"<h2 class=\"single-post-title product_title entry-title\">Una loci\u00f3n hidratante rica en CBD para proteger todo tipo de pieles, incluso las m\u00e1s delicadas.<\/h2>\n","protected":false},"featured_media":8536,"comment_status":"open","ping_status":"closed","template":"","meta":{"_acf_changed":false,"inline_featured_image":false},"product_brand":[],"product_cat":[205,204],"product_tag":[],"class_list":{"0":"post-5258","1":"product","2":"type-product","3":"status-publish","4":"has-post-thumbnail","6":"product_cat-cbd-es","7":"product_cat-cosmeticos-cbd-es","9":"first","10":"instock","11":"taxable","12":"shipping-taxable","13":"purchasable","14":"product-type-simple"},"acf":[],"_links":{"self":[{"href":"https:\/\/hempyroots.com\/es\/wp-json\/wp\/v2\/product\/5258","targetHints":{"allow":["GET"]}}],"collection":[{"href":"https:\/\/hempyroots.com\/es\/wp-json\/wp\/v2\/product"}],"about":[{"href":"https:\/\/hempyroots.com\/es\/wp-json\/wp\/v2\/types\/product"}],"replies":[{"embeddable":true,"href":"https:\/\/hempyroots.com\/es\/wp-json\/wp\/v2\/comments?post=5258"}],"wp:featuredmedia":[{"embeddable":true,"href":"https:\/\/hempyroots.com\/es\/wp-json\/wp\/v2\/media\/8536"}],"wp:attachment":[{"href":"https:\/\/hempyroots.com\/es\/wp-json\/wp\/v2\/media?parent=5258"}],"wp:term":[{"taxonomy":"product_brand","embeddable":true,"href":"https:\/\/hempyroots.com\/es\/wp-json\/wp\/v2\/product_brand?post=5258"},{"taxonomy":"product_cat","embeddable":true,"href":"https:\/\/hempyroots.com\/es\/wp-json\/wp\/v2\/product_cat?post=5258"},{"taxonomy":"product_tag","embeddable":true,"href":"https:\/\/hempyroots.com\/es\/wp-json\/wp\/v2\/product_tag?post=5258"}],"curies":[{"name":"wp","href":"https:\/\/api.w.org\/{rel}","templated":true}]}}