{"id":6979,"date":"2024-05-25T10:59:26","date_gmt":"2024-05-25T10:59:26","guid":{"rendered":"https:\/\/hempyroots.com\/produto\/crema-efecto-calor-hempyroots\/"},"modified":"2024-05-25T10:59:26","modified_gmt":"2024-05-25T10:59:26","slug":"crema-efecto-calor-hempyroots","status":"publish","type":"product","link":"https:\/\/hempyroots.com\/es\/producto\/crema-efecto-calor-hempyroots\/","title":{"rendered":"Crema Efecto Calor &#8211; HempyRoots"},"content":{"rendered":"","protected":false},"excerpt":{"rendered":"<p>Crema de CBD para <strong>Recuperaci\u00f3n Muscular <\/strong>y <strong>Prevenci\u00f3n de Lesiones <\/strong>con Efecto Calor. Efecto post-entrenamiento inmediato y duradero.<\/p>\n<p><strong>Marca:<\/strong> HempyRoots<\/p>\n<p>Producto extra\u00eddo de Cannabis Sativa L y sin conservantes ni agentes qu\u00edmicos. Este producto no utiliza ning\u00fan ingrediente qu\u00edmico o sint\u00e9tico en su fabricaci\u00f3n.<\/p>\n","protected":false},"featured_media":6075,"comment_status":"open","ping_status":"closed","template":"","meta":{"_acf_changed":false,"inline_featured_image":false},"product_brand":[],"product_cat":[204],"product_tag":[],"class_list":{"0":"post-6979","1":"product","2":"type-product","3":"status-publish","4":"has-post-thumbnail","6":"product_cat-cosmeticos-cbd-es","8":"first","9":"instock","10":"taxable","11":"shipping-taxable","12":"purchasable","13":"product-type-simple"},"acf":[],"_links":{"self":[{"href":"https:\/\/hempyroots.com\/es\/wp-json\/wp\/v2\/product\/6979","targetHints":{"allow":["GET"]}}],"collection":[{"href":"https:\/\/hempyroots.com\/es\/wp-json\/wp\/v2\/product"}],"about":[{"href":"https:\/\/hempyroots.com\/es\/wp-json\/wp\/v2\/types\/product"}],"replies":[{"embeddable":true,"href":"https:\/\/hempyroots.com\/es\/wp-json\/wp\/v2\/comments?post=6979"}],"wp:featuredmedia":[{"embeddable":true,"href":"https:\/\/hempyroots.com\/es\/wp-json\/wp\/v2\/media\/6075"}],"wp:attachment":[{"href":"https:\/\/hempyroots.com\/es\/wp-json\/wp\/v2\/media?parent=6979"}],"wp:term":[{"taxonomy":"product_brand","embeddable":true,"href":"https:\/\/hempyroots.com\/es\/wp-json\/wp\/v2\/product_brand?post=6979"},{"taxonomy":"product_cat","embeddable":true,"href":"https:\/\/hempyroots.com\/es\/wp-json\/wp\/v2\/product_cat?post=6979"},{"taxonomy":"product_tag","embeddable":true,"href":"https:\/\/hempyroots.com\/es\/wp-json\/wp\/v2\/product_tag?post=6979"}],"curies":[{"name":"wp","href":"https:\/\/api.w.org\/{rel}","templated":true}]}}