{"id":6997,"date":"2024-07-10T21:59:54","date_gmt":"2024-07-10T21:59:54","guid":{"rendered":"https:\/\/hempyroots.com\/produto\/te-sleep-bless-hempy\/"},"modified":"2024-07-10T21:59:54","modified_gmt":"2024-07-10T21:59:54","slug":"te-sleep-bless-hempy","status":"publish","type":"product","link":"https:\/\/hempyroots.com\/es\/producto\/te-sleep-bless-hempy\/","title":{"rendered":"T\u00e9 Sleep &#8211; Bless hempy"},"content":{"rendered":"<p>El t\u00e9 Bless Hempy&#8217;s Sleep favorece la relajaci\u00f3n y mejora la calidad del sue\u00f1o. Disfruta de un profundo descanso nocturno y despi\u00e9rtate renovado. <\/p>\n<p>Contenido de cada caja: 12 bolsas de 2gr cada una. Para vasos de hasta 350 ml, las bolsas pueden reutilizarse dos veces. Tambi\u00e9n se puede utilizar una bolsa para un hervidor grande (3\/4 de litro).<\/p>\n<p>Ingredientes: Rooibos | Manzanilla | Menta de C\u00e1\u00f1amo | Manzana | Regaliz | C\u00e1scara de Lim\u00f3n | P\u00e9talos de Rosa y Aroma. Todos los ingredientes del T\u00e9 Feliz proceden de la agricultura ecol\u00f3gica y org\u00e1nica.<\/p>\n<p> El envase tambi\u00e9n es biodegradable.<\/p>\n<p>Almacenar en un lugar seco.<\/p>\n<p>No exponer a la luz solar.<\/p>\n","protected":false},"excerpt":{"rendered":"<p>El t\u00e9 de CBD contiene <a href=\"https:\/\/www.tomhemps.com\/pt-pt\/cbdictionary\/limite-do-teor-de-thc\/\">menos de un 0,2% de THC<\/a> y, por tanto, no tiene ning\u00fan efecto psicoactivo en tu cuerpo. Cuanto mayor sea el <strong>contenido de CBD<\/strong>, m\u00e1s fuerte ser\u00e1 el efecto del t\u00e9 de CBD <strong>en tu cuerpo<\/strong>. Los valores de CBD difieren en los cuatro <strong>t\u00e9s que tenemos<\/strong> en nuestra tienda  <\/p>\n","protected":false},"featured_media":6347,"comment_status":"open","ping_status":"closed","template":"","meta":{"_acf_changed":false,"inline_featured_image":false},"product_brand":[],"product_cat":[213],"product_tag":[],"class_list":{"0":"post-6997","1":"product","2":"type-product","3":"status-publish","4":"has-post-thumbnail","6":"product_cat-alimentacion","8":"first","9":"instock","10":"taxable","11":"shipping-taxable","12":"purchasable","13":"product-type-simple"},"acf":[],"_links":{"self":[{"href":"https:\/\/hempyroots.com\/es\/wp-json\/wp\/v2\/product\/6997","targetHints":{"allow":["GET"]}}],"collection":[{"href":"https:\/\/hempyroots.com\/es\/wp-json\/wp\/v2\/product"}],"about":[{"href":"https:\/\/hempyroots.com\/es\/wp-json\/wp\/v2\/types\/product"}],"replies":[{"embeddable":true,"href":"https:\/\/hempyroots.com\/es\/wp-json\/wp\/v2\/comments?post=6997"}],"wp:featuredmedia":[{"embeddable":true,"href":"https:\/\/hempyroots.com\/es\/wp-json\/wp\/v2\/media\/6347"}],"wp:attachment":[{"href":"https:\/\/hempyroots.com\/es\/wp-json\/wp\/v2\/media?parent=6997"}],"wp:term":[{"taxonomy":"product_brand","embeddable":true,"href":"https:\/\/hempyroots.com\/es\/wp-json\/wp\/v2\/product_brand?post=6997"},{"taxonomy":"product_cat","embeddable":true,"href":"https:\/\/hempyroots.com\/es\/wp-json\/wp\/v2\/product_cat?post=6997"},{"taxonomy":"product_tag","embeddable":true,"href":"https:\/\/hempyroots.com\/es\/wp-json\/wp\/v2\/product_tag?post=6997"}],"curies":[{"name":"wp","href":"https:\/\/api.w.org\/{rel}","templated":true}]}}