{"id":701,"date":"2022-05-12T13:36:00","date_gmt":"2022-05-12T13:36:00","guid":{"rendered":"https:\/\/hempyroots.com\/?post_type=product&#038;p=701"},"modified":"2024-11-27T14:03:26","modified_gmt":"2024-11-27T14:03:26","slug":"gel-de-prazer-de-cannabis","status":"publish","type":"product","link":"https:\/\/hempyroots.com\/es\/producto\/gel-de-prazer-de-cannabis\/","title":{"rendered":"Gel de Prazer de Cannabis"},"content":{"rendered":"<h2>Gel \u00cdntimo Cannabis<\/h2>\n<p>O nosso gel \u00edntimo de Cannabis \u00e9 perfeito para estimular, proporcionar hidrata\u00e7\u00e3o e sensa\u00e7\u00e3o de relaxamento na zona \u00edntima das mulheres em idade f\u00e9rtil (pH 4,5).<\/p>\n<p>Se voc\u00ea espera o lubrificante cl\u00e1ssico, este n\u00e3o \u00e9 o seu produto.\u00a0Voc\u00ea encontrar\u00e1 um gel que imita a lubricidade da \u00e1rea \u00edntima e descobrir\u00e1 o que acontece quando prazer e autocuidado cabem no mesmo barco.<\/p>\n<p>BENEF\u00cdCIOS:<\/p>\n<ul>\n<li>Hidratante e escorregadio:\u00a0\u00a0Promove a humidade natural da vagina,\u00a0\u00a0aumentando a hidrata\u00e7\u00e3o e ajudando a reduzir o ressecamento, coceira ou ardor. Aloe vera ajuda a prevenir o atrito e a irrita\u00e7\u00e3o, aumentando a sensa\u00e7\u00e3o de prazer.<\/li>\n<li>Proporciona uma sensa\u00e7\u00e3o de relaxamento e melhora a estimula\u00e7\u00e3o: extratos de sementes de c\u00e2nhamo, pr\u00f3polis e quinoa reduzem a tens\u00e3o muscular, evitando dores, inflama\u00e7\u00f5es e poss\u00edveis desconfortos na \u00e1rea \u00edntima. Juntamente com Aloe Vera e coco, cria um ambiente ideal para facilitar a estimula\u00e7\u00e3o.<\/li>\n<li>Nutritivo e protetor:\u00a0\u00a0O extrato de pr\u00f3polis e chlorella cont\u00e9m propriedades regenerativas que ajudam a manter o equil\u00edbrio da \u00e1rea \u00edntima e a melhorar a elasticidade.\u00a0Al\u00e9m disso, a pr\u00f3polis cuida da sua flora vaginal, protegendo-a de bact\u00e9rias e infec\u00e7\u00f5es.<\/li>\n<li>Imita a zona \u00edntima:\u00a0\u00a0Imita a flora vaginal para evitar desequil\u00edbrios na zona.\u00a0Al\u00e9m disso, todos os ingredientes s\u00e3o hipoalerg\u00eanicos para evitar irrita\u00e7\u00f5es e garantir a seguran\u00e7a do produto em todas as vaginas.<\/li>\n<li>Compat\u00edvel com l\u00e1tex:\u00a0\u00a0Nosso gel \u00edntimo \u00e9 formulado com ingredientes de origem vegetal e \u00e0 base de \u00e1gua.\u00a0\u00c9 compat\u00edvel com l\u00e1tex e todos os tipos de brinquedos sexuais para que voc\u00ea possa desfrutar da diversidade e seguran\u00e7a sexual.<\/li>\n<\/ul>\n","protected":false},"excerpt":{"rendered":"<p>O nosso gel \u00edntimo de Cannabis \u00e9 perfeito para estimular, proporcionar hidrata\u00e7\u00e3o e sensa\u00e7\u00e3o de relaxamento na zona \u00edntima das pessoas com vagina, em idade f\u00e9rtil (pH 4,5).<\/p>\n","protected":false},"featured_media":7242,"comment_status":"open","ping_status":"closed","template":"","meta":{"_acf_changed":false,"inline_featured_image":false},"product_brand":[],"product_cat":[27,50],"product_tag":[],"class_list":{"0":"post-701","1":"product","2":"type-product","3":"status-publish","4":"has-post-thumbnail","6":"product_cat-cosmeticos-cbd","7":"product_cat-cbd","9":"first","10":"instock","11":"taxable","12":"shipping-taxable","13":"purchasable","14":"product-type-simple"},"acf":[],"_links":{"self":[{"href":"https:\/\/hempyroots.com\/es\/wp-json\/wp\/v2\/product\/701","targetHints":{"allow":["GET"]}}],"collection":[{"href":"https:\/\/hempyroots.com\/es\/wp-json\/wp\/v2\/product"}],"about":[{"href":"https:\/\/hempyroots.com\/es\/wp-json\/wp\/v2\/types\/product"}],"replies":[{"embeddable":true,"href":"https:\/\/hempyroots.com\/es\/wp-json\/wp\/v2\/comments?post=701"}],"wp:featuredmedia":[{"embeddable":true,"href":"https:\/\/hempyroots.com\/es\/wp-json\/wp\/v2\/media\/7242"}],"wp:attachment":[{"href":"https:\/\/hempyroots.com\/es\/wp-json\/wp\/v2\/media?parent=701"}],"wp:term":[{"taxonomy":"product_brand","embeddable":true,"href":"https:\/\/hempyroots.com\/es\/wp-json\/wp\/v2\/product_brand?post=701"},{"taxonomy":"product_cat","embeddable":true,"href":"https:\/\/hempyroots.com\/es\/wp-json\/wp\/v2\/product_cat?post=701"},{"taxonomy":"product_tag","embeddable":true,"href":"https:\/\/hempyroots.com\/es\/wp-json\/wp\/v2\/product_tag?post=701"}],"curies":[{"name":"wp","href":"https:\/\/api.w.org\/{rel}","templated":true}]}}