{"id":9839,"date":"2024-11-16T10:49:45","date_gmt":"2024-11-16T10:49:45","guid":{"rendered":"https:\/\/hempyroots.com\/produto\/aceite-premium-10-cbd-hempyroots\/"},"modified":"2024-11-16T10:49:45","modified_gmt":"2024-11-16T10:49:45","slug":"aceite-premium-10-cbd-hempyroots","status":"publish","type":"product","link":"https:\/\/hempyroots.com\/es\/producto\/aceite-premium-10-cbd-hempyroots\/","title":{"rendered":"Aceite Premium 10% CBD &#8211; HempyRoots"},"content":{"rendered":"","protected":false},"excerpt":{"rendered":"<p>Aceite de Cannabidiol CBD Premium 10% Espectro Completo.<\/p>\n<p><strong>Concentraci\u00f3n CBD:<\/strong> 10% (1000mg)<\/p>\n<p><strong>Marca:<\/strong> HempyRoots<\/p>\n<p>Producto extra\u00eddo de Cannabis Sativa L y sin conservantes ni agentes qu\u00edmicos. Este producto no utiliza ning\u00fan ingrediente qu\u00edmico o sint\u00e9tico en su fabricaci\u00f3n.<\/p>\n","protected":false},"featured_media":7093,"comment_status":"open","ping_status":"closed","template":"","meta":{"_acf_changed":false,"inline_featured_image":false},"product_brand":[],"product_cat":[206],"product_tag":[],"class_list":{"0":"post-9839","1":"product","2":"type-product","3":"status-publish","4":"has-post-thumbnail","6":"product_cat-aceites-de-cbd","8":"first","9":"instock","10":"taxable","11":"shipping-taxable","12":"purchasable","13":"product-type-simple"},"acf":[],"_links":{"self":[{"href":"https:\/\/hempyroots.com\/es\/wp-json\/wp\/v2\/product\/9839","targetHints":{"allow":["GET"]}}],"collection":[{"href":"https:\/\/hempyroots.com\/es\/wp-json\/wp\/v2\/product"}],"about":[{"href":"https:\/\/hempyroots.com\/es\/wp-json\/wp\/v2\/types\/product"}],"replies":[{"embeddable":true,"href":"https:\/\/hempyroots.com\/es\/wp-json\/wp\/v2\/comments?post=9839"}],"wp:featuredmedia":[{"embeddable":true,"href":"https:\/\/hempyroots.com\/es\/wp-json\/wp\/v2\/media\/7093"}],"wp:attachment":[{"href":"https:\/\/hempyroots.com\/es\/wp-json\/wp\/v2\/media?parent=9839"}],"wp:term":[{"taxonomy":"product_brand","embeddable":true,"href":"https:\/\/hempyroots.com\/es\/wp-json\/wp\/v2\/product_brand?post=9839"},{"taxonomy":"product_cat","embeddable":true,"href":"https:\/\/hempyroots.com\/es\/wp-json\/wp\/v2\/product_cat?post=9839"},{"taxonomy":"product_tag","embeddable":true,"href":"https:\/\/hempyroots.com\/es\/wp-json\/wp\/v2\/product_tag?post=9839"}],"curies":[{"name":"wp","href":"https:\/\/api.w.org\/{rel}","templated":true}]}}